{"id":2771,"date":"2018-08-21T13:48:57","date_gmt":"2018-08-21T11:48:57","guid":{"rendered":"https:\/\/www.dieresidenz.at\/my-calendar\/"},"modified":"2019-02-18T11:09:32","modified_gmt":"2019-02-18T10:09:32","slug":"gaestebuch-2","status":"publish","type":"page","link":"https:\/\/www.dieresidenz.at\/en\/gaestebuch-2\/","title":{"rendered":"G\u00e4stebuch"},"content":{"rendered":"<div id=\"pl-2771\"  class=\"panel-layout\" ><div id=\"pg-2771-0\"  class=\"panel-grid panel-no-style\" ><div id=\"pgc-2771-0-0\"  class=\"panel-grid-cell\" ><div id=\"panel-2771-0-0-0\" class=\"so-panel widget widget_sow-editor panel-first-child panel-last-child\" data-index=\"0\" ><div class=\"so-widget-sow-editor so-widget-sow-editor-base\">\n<div class=\"siteorigin-widget-tinymce textwidget\">\n\t<h1 style=\"text-align: center;\">G\u00e4stebuch<\/h1>\n<\/div>\n<\/div><\/div><\/div><\/div><div id=\"pg-2771-1\"  class=\"panel-grid panel-no-style\" ><div id=\"pgc-2771-1-0\"  class=\"panel-grid-cell panel-grid-cell-empty\" ><\/div><div id=\"pgc-2771-1-1\"  class=\"panel-grid-cell panel-grid-cell-mobile-last\" ><div id=\"panel-2771-1-1-0\" class=\"so-panel widget widget_sow-editor panel-first-child panel-last-child\" data-index=\"1\" ><div class=\"so-widget-sow-editor so-widget-sow-editor-base\">\n<div class=\"siteorigin-widget-tinymce textwidget\">\n\t<p style=\"text-align: center;\"><div class=\"gwolle-gb\"><div class=\"gwolle_gb_messages_top_container\"><\/div>\n\t\t\t<div class=\"gwolle-gb-write-button\">\n\t\t\t\t<input type=\"button\" name=\"gwolle-gb-write-button\" class=\"button btn btn-default \" value=\"&raquo; Write a new entry.\" \/>\n\t\t\t<\/div>\n\t\t\t<form action=\"#\" method=\"POST\" class=\"gwolle-gb-write gwolle-gb-hide gwolle-gb-float gwolle_gb_form_ajax gwolle-gb-form-ajax\">\n\t\t\t\t<h3>Einen neuen Eintrag f\u00fcr das G\u00e4stebuch schreiben<\/h3>\n\t\t\t\t<button type=\"button\" class=\"gb-notice-dismiss\">x<span class=\"screen-reader-text\">Hide this form.<\/span><\/button>\n\t\t\t\n\t\t\t\t<input type=\"hidden\" name=\"gwolle_gb_function\" class=\"gwolle_gb_function\" value=\"add_entry\" \/><input type=\"hidden\" name=\"gwolle_gb_book_id\" class=\"gwolle_gb_book_id\" value=\"1\" \/><div class=\"gwolle_gb_0f1cb4360edec1eb9955278c50421e81\">\n\t\t\t\t<div class=\"label\"><label for=\"gwolle_gb_0f1cb4360edec1eb9955278c50421e81\" class=\"text-info\">Name *<\/label><\/div>\n\t\t\t\t<div class=\"input\"><input class=\"wp-exclude-emoji gwolle_gb_0f1cb4360edec1eb9955278c50421e81\" value=\"\" type=\"text\" name=\"gwolle_gb_0f1cb4360edec1eb9955278c50421e81\" required \/><\/div>\n\t\t\t<\/div>\n\t\t\t<div class=\"clearBoth\">&nbsp;<\/div>\n\t\t\t<div class=\"gwolle_gb_5573da8d92fa9df558b20bf1effec103\" style=\"display:none;\">\n\t\t\t\t<div class=\"label\">\n\t\t\t\t\t<label for=\"gwolle_gb_5573da8d92fa9df558b20bf1effec103\" class=\"text-primary\">Do not touch this<\/label>\n\t\t\t\t\t<label for=\"gwolle_gb_b05f655ca73d438dee04eee09915167d\" class=\"text-primary\">Do not touch this<\/label>\n\t\t\t\t<\/div>\n\t\t\t\t<div class=\"input\">\n\t\t\t\t\t<input value=\"47\" type=\"text\" name=\"gwolle_gb_5573da8d92fa9df558b20bf1effec103\" class=\"gwolle_gb_5573da8d92fa9df558b20bf1effec103\" \/>\n\t\t\t\t\t<input value=\"\" type=\"text\" name=\"gwolle_gb_b05f655ca73d438dee04eee09915167d\" class=\"gwolle_gb_b05f655ca73d438dee04eee09915167d\" \/>\n\t\t\t\t<\/div>\n\t\t\t<\/div>\n\t\t\t<div class=\"clearBoth\"><\/div>\n\t\t\t<div class=\"gwolle_gb_fdcade64becc79d96674a2c35ee43a92\" style=\"display:none;\">\n\t\t\t\t<div class=\"label\">\n\t\t\t\t\t<label for=\"gwolle_gb_fdcade64becc79d96674a2c35ee43a92\" class=\"text-primary\">Do not touch this<\/label>\n\t\t\t\t\t<label for=\"gwolle_gb_ecee528908342d1c9785c86caeac7373\" class=\"text-primary\">Do not touch this<\/label>\n\t\t\t\t<\/div>\n\t\t\t\t<div class=\"input\">\n\t\t\t\t\t<input value=\"2337\" type=\"text\" name=\"gwolle_gb_fdcade64becc79d96674a2c35ee43a92\" class=\"gwolle_gb_fdcade64becc79d96674a2c35ee43a92\" \/>\n\t\t\t\t\t<input value=\"2337\" type=\"text\" name=\"gwolle_gb_ecee528908342d1c9785c86caeac7373\" class=\"gwolle_gb_ecee528908342d1c9785c86caeac7373\" \/>\n\t\t\t\t<\/div>\n\t\t\t<\/div>\n\t\t\t<div class=\"clearBoth\"><\/div><div class=\"gwolle_gb_content\">\n\t\t\t\t<div class=\"label\"><label for=\"gwolle_gb_content\" class=\"text-info\">Guestbook entry *<\/label><\/div>\n\t\t\t\t<div class=\"input\"><textarea name=\"gwolle_gb_content\" class=\"gwolle_gb_content wp-exclude-emoji\" required ><\/textarea><\/div>\n\t\t\t\t<\/div>\n\t\t\t<div class=\"clearBoth\">&nbsp;<\/div><input type=\"hidden\" class=\"gwolle_gb_77b67479f65f71ac37f654bb04d808cb\" name=\"gwolle_gb_77b67479f65f71ac37f654bb04d808cb\" value=\"4b538c5648\" \/>\n\t\t\t<div class=\"gwolle_gb_messages_bottom_container\"><\/div>\n\n\t\t\t<noscript><div class=\"no-js\">Warning: This form can only be used if JavaScript is enabled in your browser.<\/div><\/noscript>\n\n\t\t\t<div class=\"gwolle_gb_submit\">\n\t\t\t\t<div class=\"label gwolle-gb-invisible text-muted\">&nbsp;<\/div>\n\t\t\t\t<div class=\"input\">\n\t\t\t\t\t<input type=\"submit\" name=\"gwolle_gb_submit\" class=\"gwolle_gb_submit button btn btn-primary \" value=\"Submit\" \/>\n\t\t\t\t\t<span class=\"gwolle_gb_submit_ajax_icon\"><\/span>\n\t\t\t\n\t\t\t\t<\/div>\n\t\t\t<\/div>\n\t\t\t<div class=\"clearBoth\">&nbsp;<\/div>\n\n\t\t\t<div class=\"gwolle_gb_notice\">\n\t\t\t\tMit * gekennzeichnete Felder sind erforderlich.\n\t\t\t<\/div><\/form>\n\t\t\t\t<div class=\"page-navigation\">\n\t\t\t\t\t<span class=\"screen-reader-text\">Guestbook list navigation<\/span><span class=\"page-numbers current\">1<\/span><a href=\"https:\/\/www.dieresidenz.at\/en\/gaestebuch-2\/?pageNum=2\" title=\"Page 2\">2<\/a><a href=\"https:\/\/www.dieresidenz.at\/en\/gaestebuch-2\/?pageNum=2\" title=\"Next page\" rel=\"next\">&rarr;<\/a><\/div>\n\t\t<div class=\"gwolle-gb-read \" data-book_id=\"1\"><div id=\"gwolle-gb-total\">24 entries.<\/div><!-- Gwolle-GB Entry: Default Template Loaded -->\n\t\t\t\t<div class=\"gb-entry gb-entry_1368 gb-entry-count_1 gwolle_gb_uneven gwolle-gb-uneven gwolle_gb_first gwolle-gb-first\">\n\t\t\t\t\t<div class=\"gb-author-info\">\n\t\t\t\t\t\t<span class=\"gb-author-name\">Christine und Alois Kroiss\n\t\t\t\t\t\t<\/span>\n\t\t\t\t\t<\/div>\n\t\t\t\t\t<div class=\"gb-entry-content\">Liebe Margit.... zum wiederholten Male nun auch heuer wieder Silvester bei dir verbracht .... und noch nie bereut! Wir genie\u00dfen die Zeit bei dir immer sehr.....ob beim Kinofr\u00fchst\u00fcck mit einem umfangreichen Buffet, mit vielen eigenh\u00e4ndig zubereiteten K\u00f6stlichkeiten.... da kann sich manches 5* Hotel was abschauen......oder im Gespr\u00e4ch mit den anderen G\u00e4sten, ob in der Sauna oder ganz einfach beim Sauerstoff tanken in der ruhigen Waldviertler Umgebung. Das Zur\u00fcckkommen ins Haus und in das Studio ist immer wieder wie Heimkommen, weil das Haus auch in der Weihnachtszeit einen besonderen Zauber ausstrahlt. Wir k\u00f6nnen uns nur wieder bedanken, f\u00fcr das Refugium, das du in Rosenau geschaffen hast.\r\nBis zum n\u00e4chsten Wiedersehen im Sommer ! Christine und Alois\n\t\t\t\t\t<\/div>\n\t\t\t<\/div>\n\t\t\t<div class=\"gb-entry gb-entry_1367 gb-entry-count_2 gwolle_gb_even gwolle-gb-even\">\n\t\t\t\t\t<div class=\"gb-author-info\">\n\t\t\t\t\t\t<span class=\"gb-author-name\">Familie Pelz, Salzburg\n\t\t\t\t\t\t<\/span>\n\t\t\t\t\t<\/div>\n\t\t\t\t\t<div class=\"gb-entry-content\">Wiederholungst\u00e4ter\r\nIch muss gestehen, wir haben es wieder getan. Da gibt es dieses Juwel im Herzen des Waldviertels. Diese Oase des Wohlf\u00fchlens ist \u201eDie Residenz\u201c. Wir haben zu wiederholten Male da eine Auszeit genommen. Schon das Ankommen ist eine Wohltat. Der Urlaub gleicht einem Nachhausekommen ab der ersten Minute, ja sogar die Anreise ist voller Vorfreude. Die Patronin, Frau Zulehner hat mit Ihrem kleinen Hotel das geschaffen, was man stimmig nennen kann. Gro\u00dfz\u00fcgige, saubere geschmackvoll eingerichtete Apartments, der Morgen wird mit einem hervorragendem Fr\u00fchst\u00fcck begr\u00fc\u00dft, wo kein Wunsch offenbleibt. wer das Gl\u00fcck hat, am Sonntag beim Kinofr\u00fchst\u00fcck dabeizusein, kann doppelt genie\u00dfen. Hier kann man die Ruhe des Waldvietels auskosten. Spazieren, wandern, Ausfl\u00fcge in der Umgebung machen oder einfach nichts tun. Wir sch\u00e4tzen es sehr bei Frau Zulehner Gast zu sein. Unsere Bewertung vergibt keine Sterne, denn solche Herzlichkeit kann man nur mit einer neuen Reservierung best\u00e4tigen\u2026 Und wir haben es wieder getan!\n\t\t\t\t\t<\/div>\n\t\t\t<\/div>\n\t\t\t<div class=\"gb-entry gb-entry_1366 gb-entry-count_3 gwolle_gb_uneven gwolle-gb-uneven\">\n\t\t\t\t\t<div class=\"gb-author-info\">\n\t\t\t\t\t\t<span class=\"gb-author-name\">Walter & Ilse\n\t\t\t\t\t\t<\/span>\n\t\t\t\t\t<\/div>\n\t\t\t\t\t<div class=\"gb-entry-content\">Liebe Fr. Zulehner, nun auch auf diesem Wege unser \u00fcberaus gro\u00dfes Lob f\u00fcr die von Ihnen derart liebevoll gestalteten Studios !! Aber nat\u00fcrlich auch alle \u00fcbrigen R\u00e4umlichkeiten &#034;Ihrer Residenz&#034; k\u00f6nnen sich sehen lassen ! Eine solche &#034;Ansammlung&#034; von Sauberkeit, Lieblichkeit, Professionalit\u00e4t ist uns weltweit wirklich selten untergekommen. Nicht zu vergessen der freundliche, herzliche Kontakt mit Ihnen pers\u00f6nlich ! VORSICHT - es besteht die gro\u00dfe Gefahr, da\u00df wir wiederkommen (aber dann etwas l\u00e4nger) !!!!  Herzliche Gr\u00fcsse Ilse &amp; Walter H.\n\t\t\t\t\t<\/div>\n\t\t\t<\/div>\n\t\t\t<div class=\"gb-entry gb-entry_1365 gb-entry-count_4 gwolle_gb_even gwolle-gb-even\">\n\t\t\t\t\t<div class=\"gb-author-info\">\n\t\t\t\t\t\t<span class=\"gb-author-name\">Nicola & Andreas\n\t\t\t\t\t\t<\/span>\n\t\t\t\t\t<\/div>\n\t\t\t\t\t<div class=\"gb-entry-content\">Liebe Frau Zulehner, wir haben uns in Ihrem wundersch\u00f6nen Hotel sehr wohlgef\u00fchlt und konnten richtig gut entspannen und entschleunigen. Vom ersten Moment an hat alles gepasst - das k\u00f6stliche, perfekt arrangierte Fr\u00fchst\u00fcck; das gro\u00dfe und sehr sch\u00f6n eingerichtete Studio; die liebevolle Deko im ganzen Haus; und nat\u00fcrlich Ihre Herzlichkeit und Freude. Vielen Dank auch f\u00fcr die netten Gespr\u00e4che. Man sp\u00fcrt, mit welcher Liebe Sie die Residenz f\u00fchren und f\u00fchlt sich willkommen und angekommen. Wir freuen uns schon auf ein Wiedersehen, alles Liebe, Nicola &amp; Andreas\n\t\t\t\t\t<\/div>\n\t\t\t<\/div>\n\t\t\t<div class=\"gb-entry gb-entry_1363 gb-entry-count_5 gwolle_gb_uneven gwolle-gb-uneven\">\n\t\t\t\t\t<div class=\"gb-author-info\">\n\t\t\t\t\t\t<span class=\"gb-author-name\">Ingrid & Helmut\n\t\t\t\t\t\t<\/span>\n\t\t\t\t\t<\/div>\n\t\t\t\t\t<div class=\"gb-entry-content\">Liebe Frau Zulechner!\r\nTrotz unseres kurzen Aufenthaltes bei Ihnen haben wir es sehr bei Ihnen genossen!\r\nSie haben mit dieser Residenz Ihre Bestimmung gefunden, immer ein L\u00e4cheln f\u00fcr die G\u00e4ste und Ihre Perfektion f\u00fcr das Hotel sieht man in jedem Detail. Allein wie das Fr\u00fchst\u00fcck angerichtet wird l\u00e4sst einen den Start in den Tag einfach nur genie\u00dfen. Danke  f\u00fcr Ihre so sympathisches Wesen und ich denke jeder Gast bei Ihnen merkt das er Einzigartig ist.\r\nHoffen bald wieder zu kommen. Alles Liebe ! Ingrid &amp;Helmut\n\t\t\t\t\t<\/div>\n\t\t\t<\/div>\n\t\t\t<div class=\"gb-entry gb-entry_1361 gb-entry-count_6 gwolle_gb_even gwolle-gb-even\">\n\t\t\t\t\t<div class=\"gb-author-info\">\n\t\t\t\t\t\t<span class=\"gb-author-name\">Fam. Hermann\n\t\t\t\t\t\t<\/span>\n\t\t\t\t\t<\/div>\n\t\t\t\t\t<div class=\"gb-entry-content\">Liebe Fr. Zulehner!\r\nWir haben uns vom ersten Augenblick an in Ihrem sehr geschmackvoll und modern eingerichteten Hotel wohlgef\u00fchlt. Ihre \u00fcberaus herzliche und trotzdem unaufdringliche pers\u00f6nliche Betreuung hat es uns einfach gemacht, den  &#034;Luxus Ruhe&#034; zu finden, den wir uns seit Monaten erhofft haben. Im sch\u00f6ne Ambiente Ihres Hotels und in der Natur des mystischen Waldviertels haben wir uns vollkommen entspannt. Vielen Dank f\u00fcr Ihre Betreuung!\n\t\t\t\t\t<\/div>\n\t\t\t<\/div>\n\t\t\t<div class=\"gb-entry gb-entry_1360 gb-entry-count_7 gwolle_gb_uneven gwolle-gb-uneven\">\n\t\t\t\t\t<div class=\"gb-author-info\">\n\t\t\t\t\t\t<span class=\"gb-author-name\">Alexandra\n\t\t\t\t\t\t<\/span>\n\t\t\t\t\t<\/div>\n\t\t\t\t\t<div class=\"gb-entry-content\">Toll\n\t\t\t\t\t<\/div>\n\t\t\t<\/div>\n\t\t\t<div class=\"gb-entry gb-entry_773 gb-entry-count_8 gwolle_gb_even gwolle-gb-even\">\n\t\t\t\t\t<div class=\"gb-author-info\">\n\t\t\t\t\t\t<span class=\"gb-author-name\">Astrid\n\t\t\t\t\t\t<\/span>\n\t\t\t\t\t<\/div>\n\t\t\t\t\t<div class=\"gb-entry-content\">Ein phantastischer Wellnessbereich und ein nett eingerichtetes Restaurant genossen wir. Waren mit unserem www.trueffelhang.at Team entspannen. Gute K\u00fcche - Gruass an den hervorragenden Koch und an die freundliche Bedienung. Gerne wieder!\n\t\t\t\t\t<\/div>\n\t\t\t<\/div>\n\t\t\t<div class=\"gb-entry gb-entry_751 gb-entry-count_9 gwolle_gb_uneven gwolle-gb-uneven\">\n\t\t\t\t\t<div class=\"gb-author-info\">\n\t\t\t\t\t\t<span class=\"gb-author-name\">B\u00e4rbel und Hans-Joachim G\u00f6gl\n\t\t\t\t\t\t<\/span>\n\t\t\t\t\t<\/div>\n\t\t\t\t\t<div class=\"gb-entry-content\">Liebe Frau Zulehner!\r\nWir haben uns in der Stille Ihrer Residenz sehr, sehr wohlgef\u00fchlt. Nach den au\u00dfergew\u00f6hnlichen Belastungen der letzten Monate waren die Tage bei Ihnen sehr erholsam. Wir haben uns auch gut versorgt gef\u00fchlt. Die Wanderwege rund um Ihr Haus f\u00fchren durch zauberhafte M\u00e4rchenw\u00e4lder.\r\nLiebe Gr\u00fc\u00dfe aus Bregenz\n\t\t\t\t\t<\/div>\n\t\t\t<\/div>\n\t\t\t<div class=\"gb-entry gb-entry_713 gb-entry-count_10 gwolle_gb_even gwolle-gb-even\">\n\t\t\t\t\t<div class=\"gb-author-info\">\n\t\t\t\t\t\t<span class=\"gb-author-name\">Pacher Rudolf\n\t\t\t\t\t\t<\/span>\n\t\t\t\t\t<\/div>\n\t\t\t\t\t<div class=\"gb-entry-content\">Vielen Dank, liebe Hausherrin! \nTrotz kurzfristiger Buchung f\u00fcr eine Nacht war die Herzlichkeit \u00fcberw\u00e4ltigend. \nIhr Haus ist nur zu loben, das Service war perfekt. Getoppt wurde unser kurzer Aufenthalt durch das unglaublich toll arrangierte Fr\u00fchst\u00fcck.\nLiebe Gr\u00fc\u00dfe aus Landeck\n\t\t\t\t\t<\/div>\n\t\t\t<\/div>\n\t\t\t<div class=\"gb-entry gb-entry_677 gb-entry-count_11 gwolle_gb_uneven gwolle-gb-uneven\">\n\t\t\t\t\t<div class=\"gb-author-info\">\n\t\t\t\t\t\t<span class=\"gb-author-name\">Christine Kroiss\n\t\t\t\t\t\t<\/span>\n\t\t\t\t\t<\/div>\n\t\t\t\t\t<div class=\"gb-entry-content\">Liebe Frau Zulehner\u2026.. Herzlichen Dank an Sie, dass der Aufenthalt zum ersten Mal in der Residenz  so wunderbar und unkompliziert abgelaufen ist. Corona h\u00e4lt uns ja alle noch etwas im Schach aber Sie meistern diese Herausforderung ganz gro\u00dfartig. Wir haben uns in Ihrem Hotel sehr, sehr wohl gef\u00fchlt\u2026. Das h\u00e4ngt mit Ihnen, Ihrem Zugang zu G\u00e4sten und wie Sie das Hotel gestaltet haben zusammen. Sie sind die geborene Gastgeberin und das sp\u00fcrt man in jedem Winkel des Hauses. Vom liebevoll zusammengestellten Fr\u00fchst\u00fcck bis zum Nachmittagskuchen und  der Ausstattung des Studios. \r\nF\u00fcr uns ist der Aufenthalt bei Ihnen ein idealer Ort zum Ruhe finden, die Umgebung genie\u00dfen und Ausspannen geworden und wir freuen uns schon auf den n\u00e4chsten Aufenthalt .\r\nLiebe Gr\u00fcsse und bis bald !\r\nFam. Kroiss\n\t\t\t\t\t<\/div>\n\t\t\t<\/div>\n\t\t\t<div class=\"gb-entry gb-entry_621 gb-entry-count_12 gwolle_gb_even gwolle-gb-even\">\n\t\t\t\t\t<div class=\"gb-author-info\">\n\t\t\t\t\t\t<span class=\"gb-author-name\">Josef und Ulrike Kofler\n\t\t\t\t\t\t<\/span>\n\t\t\t\t\t<\/div>\n\t\t\t\t\t<div class=\"gb-entry-content\">Liebe Margit, wir waren oftmals im Schlo\u00dfhotel bei dir zu Gast und jetzt erstmals in der Residenz.\nDeine Residenz ist sehr geschmackvoll eingerichtet und mit viel Liebe zum Detail gestaltet. \nDas Fr\u00fchst\u00fcck und das Candle Light Fondue sind ein kulinarisches Vergn\u00fcgen. \nDu bist eine \u00e4u\u00dferst liebevolle und umsichtige Gastgeberin. Wir haben jede Minute unseres Aufenthaltes genossen und werden bald wieder kommen.\nGanz Liebe Gr\u00fc\u00dfe Josef und Ulrike\n\t\t\t\t\t<\/div>\n\t\t\t<\/div>\n\t\t\t<div class=\"gb-entry gb-entry_380 gb-entry-count_13 gwolle_gb_uneven gwolle-gb-uneven\">\n\t\t\t\t\t<div class=\"gb-author-info\">\n\t\t\t\t\t\t<span class=\"gb-author-name\">Barbara & Herbert Dagott\n\t\t\t\t\t\t<\/span>\n\t\t\t\t\t<\/div>\n\t\t\t\t\t<div class=\"gb-entry-content\">Liebe Frau Zulehner!\nEs war uns - wie immer - ein Fest! Wir haben unseren Aufenthalt sehr genossen, wir wurden wieder sehr verw\u00f6hnt und konnten unsere Batterien wieder richtig aufladen. Auch unser kleiner Hundebub Linus f\u00fchlte sich wie zu Hause. Vielen herzlichen Dank daf\u00fcr - wir freuen uns schon jetzt auf ein Wiedersehen!\nGanz liebe Gr\u00fc\u00dfe\nBarbara, Herbert Dagott mit Linus\n\t\t\t\t\t<\/div>\n\t\t\t<\/div>\n\t\t\t<div class=\"gb-entry gb-entry_122 gb-entry-count_14 gwolle_gb_even gwolle-gb-even\">\n\t\t\t\t\t<div class=\"gb-author-info\">\n\t\t\t\t\t\t<span class=\"gb-author-name\">Erika und Claudia Wien\n\t\t\t\t\t\t<\/span>\n\t\t\t\t\t<\/div>\n\t\t\t\t\t<div class=\"gb-entry-content\">Liebe Margit, nochmals vielen herzlichen Dank f\u00fcr die liebevolle Betreuung in deiner wunderbaren Residenz.\r\nWir haben jede Minute in deinem schmucken Haus genossen. Ob das gro\u00dfz\u00fcgige und geschmackvoll eingerichtete Apartment, das wunderbare Fr\u00fchst\u00fcck oder die gem\u00fctlichen Cafes auf den Terrassen oder die herrliche Massage im Spa, alles genauso wie es sich G\u00e4ste w\u00fcnschen! Nochmals, lieben Dank und die herzlichsten Gr\u00fc\u00dfe, Erika und Claudia.\n\t\t\t\t\t<\/div>\n\t\t\t<\/div>\n\t\t\t<div class=\"gb-entry gb-entry_28 gb-entry-count_15 gwolle_gb_uneven gwolle-gb-uneven\">\n\t\t\t\t\t<div class=\"gb-author-info\">\n\t\t\t\t\t\t<span class=\"gb-author-name\">Sandra und Sabine Dell&#39;mour\n\t\t\t\t\t\t<\/span>\n\t\t\t\t\t<\/div>\n\t\t\t\t\t<div class=\"gb-entry-content\">Liebe Margit!\r\nWir genie\u00dfen jeden Aufenthalt und Besuch deines wundervollen Hotels in vollen Z\u00fcgen. Es ist immer wieder ein besonderer Event f\u00fcr uns. Die wundervoll eingerichteten Zimmer (wenn man es \u00fcberhaupt als Zimmer bezeichnen kann), das gro\u00dfartige Fr\u00fchst\u00fccksbuffet und vor allem das historische Geb\u00e4ude sind zum Wohlf\u00fchlen gemacht! Am Wundervollsten finde ich das Kino mit den antiken Sesseln - einfach genial! Wir freuen uns schon auf den n\u00e4chsten Besuch, lieben Gru\u00df, Sabine und Sandra\n\t\t\t\t\t<\/div>\n\t\t\t<\/div>\n\t\t\t<div class=\"gb-entry gb-entry_27 gb-entry-count_16 gwolle_gb_even gwolle-gb-even\">\n\t\t\t\t\t<div class=\"gb-author-info\">\n\t\t\t\t\t\t<span class=\"gb-author-name\">Elisabeth und Herbert Schmid\n\t\t\t\t\t\t<\/span>\n\t\t\t\t\t<\/div>\n\t\t\t\t\t<div class=\"gb-entry-content\">Sehr geehrte Frau Zulehner,\r\nwir haben den Aufenthalt bei Ihnen in der Residenz sehr genossen. Der nette Empfang, das gro\u00dfe, sehr geschmackvoll eingerichtete Zimmer, die ruhige Lage, das hervorragende Fr\u00fchst\u00fcck und das alles in einem historischen Ambiente mit h\u00f6chstem Komfort. Wir haben uns rundum wohlgef\u00fchlt und kommen sicherlich wieder.\r\nGanz liebe Gr\u00fc\u00dfe,\r\nElisabeth und Herbert Schmid\n\t\t\t\t\t<\/div>\n\t\t\t<\/div>\n\t\t\t<div class=\"gb-entry gb-entry_26 gb-entry-count_17 gwolle_gb_uneven gwolle-gb-uneven\">\n\t\t\t\t\t<div class=\"gb-author-info\">\n\t\t\t\t\t\t<span class=\"gb-author-name\">Sibylle und Franz St\u00f6ttner\n\t\t\t\t\t\t<\/span>\n\t\t\t\t\t<\/div>\n\t\t\t\t\t<div class=\"gb-entry-content\">Ankommen, wie heimkommen. wohlf\u00fchlen und genie\u00dfen.\r\nEs gibt Dinge die sind eben besonders, das kann man in Der Residenz finden.\r\n\r\nLiebe Fr. Zulehner, es ist f\u00fcr uns immer weit mehr als eine sch\u00f6ne Zeit in einer sch\u00f6nen Umgebung.\r\n\r\nWir freuen uns immer wieder auf das n\u00e4chste mal.\r\nLg s&amp;f St\n\t\t\t\t\t<\/div>\n\t\t\t<\/div>\n\t\t\t<div class=\"gb-entry gb-entry_25 gb-entry-count_18 gwolle_gb_even gwolle-gb-even\">\n\t\t\t\t\t<div class=\"gb-author-info\">\n\t\t\t\t\t\t<span class=\"gb-author-name\">Sibylle und Franz St\u00f6ttner\n\t\t\t\t\t\t<\/span>\n\t\t\t\t\t<\/div>\n\t\t\t\t\t<div class=\"gb-entry-content\">Wir suchen immer das besondere und haben es  in der Residenz gefunden. Das besondere Flair dieses Hauses, die besondere, gastfreundliche, Fr Zulehner- das un\u00fcbertroffen gute Fr\u00fchst\u00fcck die ruhige Atmosph\u00e4re beeindrucken stets aufs neue! Wir kommen gerne wieder\r\nHerzlich\r\nSibylle und Franz St\u00f6ttner\n\t\t\t\t\t<\/div>\n\t\t\t<\/div>\n\t\t\t<div class=\"gb-entry gb-entry_13 gb-entry-count_19 gwolle_gb_uneven gwolle-gb-uneven\">\n\t\t\t\t\t<div class=\"gb-author-info\">\n\t\t\t\t\t\t<span class=\"gb-author-name\">Fam. B\u00f6hm\n\t\t\t\t\t\t<\/span>\n\t\t\t\t\t<\/div>\n\t\t\t\t\t<div class=\"gb-entry-content\">Liebe Frau Zulehner! \r\nWir waren heute ihre G\u00e4ste beim Kinofr\u00fchst\u00fcck und waren begeistert. \r\nDie Auswahl der Speisen war sehr reichhaltig, liebevoll zubereitet und geschmacklich gro\u00dfartig. \r\nEs war ein wundersch\u00f6ner Vormittag. \r\nHerzlichen Dank und weiter so.\n\t\t\t\t\t<\/div>\n\t\t\t<\/div>\n\t\t\t<div class=\"gb-entry gb-entry_12 gb-entry-count_20 gwolle_gb_even gwolle-gb-even\">\n\t\t\t\t\t<div class=\"gb-author-info\">\n\t\t\t\t\t\t<span class=\"gb-author-name\">Edith & Manfred S\u00fc\u00df\n\t\t\t\t\t\t<\/span>\n\t\t\t\t\t<\/div>\n\t\t\t\t\t<div class=\"gb-entry-content\">Wir haben heute f\u00fcr uns und Freunde Fr\u00fchst\u00fccks-Kino gebucht.\r\nUnd waren total begeistert von dem tollen Fr\u00fchst\u00fccks-Buffet. So eine gro\u00dfe Auswahl an leckeren Sachen hatten wir gar nicht erwartet.\r\nVon Eierspeis, Speck, Wurst, Fisch bis hin zu M\u00fcsli und lecker selbstgemachten Kuchen.\r\nAlles pipifein!\r\nDann noch ein toller Film; diese Package werden wir so bald nicht vergessen.\r\nWir kommen gerne wieder!\n\t\t\t\t\t<\/div>\n\t\t\t<\/div>\n\t\t\t<\/div>\n\t\t\t\t<div class=\"page-navigation\">\n\t\t\t\t\t<span class=\"screen-reader-text\">Guestbook list navigation<\/span><span class=\"page-numbers current\">1<\/span><a href=\"https:\/\/www.dieresidenz.at\/en\/gaestebuch-2\/?pageNum=2\" title=\"Page 2\">2<\/a><a href=\"https:\/\/www.dieresidenz.at\/en\/gaestebuch-2\/?pageNum=2\" title=\"Next page\" rel=\"next\">&rarr;<\/a><\/div>\n\t\t<\/div><\/p>\n<\/div>\n<\/div><\/div><\/div><div id=\"pgc-2771-1-2\"  class=\"panel-grid-cell panel-grid-cell-empty\" ><\/div><\/div><\/div>","protected":false},"excerpt":{"rendered":"<p>G\u00e4stebuch<\/p>\n","protected":false},"author":1,"featured_media":0,"parent":0,"menu_order":0,"comment_status":"closed","ping_status":"closed","template":"page-feature.php","meta":{"ngg_post_thumbnail":0,"sfsi_plus_gutenberg_text_before_share":"","sfsi_plus_gutenberg_show_text_before_share":"","sfsi_plus_gutenberg_icon_type":"","sfsi_plus_gutenberg_icon_alignemt":"","sfsi_plus_gutenburg_max_per_row":""},"yoast_head":"<!-- This site is optimized with the Yoast SEO plugin v15.4 - https:\/\/yoast.com\/wordpress\/plugins\/seo\/ -->\n<title>G\u00e4stebuch - Die Residenz<\/title>\n<meta name=\"robots\" content=\"index, follow, max-snippet:-1, max-image-preview:large, max-video-preview:-1\" \/>\n<link rel=\"canonical\" href=\"https:\/\/www.dieresidenz.at\/de\/gaestebuch-2\/\" \/>\n<meta property=\"og:locale\" content=\"en_GB\" \/>\n<meta property=\"og:type\" content=\"article\" \/>\n<meta property=\"og:title\" content=\"G\u00e4stebuch\" \/>\n<meta property=\"og:description\" content=\"G\u00e4stebuch\" \/>\n<meta property=\"og:url\" content=\"https:\/\/www.dieresidenz.at\/de\/gaestebuch-2\/\" \/>\n<meta property=\"og:site_name\" content=\"Die Residenz\" \/>\n<meta property=\"article:modified_time\" content=\"2019-02-18T10:09:32+00:00\" \/>\n<meta name=\"twitter:card\" content=\"summary_large_image\" \/>\n<meta name=\"twitter:label1\" content=\"Written by\">\n\t<meta name=\"twitter:data1\" content=\"waltergrafik\">\n\t<meta name=\"twitter:label2\" content=\"Estimated reading time\">\n\t<meta name=\"twitter:data2\" content=\"0 minutes\">\n<script type=\"application\/ld+json\" class=\"yoast-schema-graph\">{\"@context\":\"https:\/\/schema.org\",\"@graph\":[{\"@type\":\"WebSite\",\"@id\":\"https:\/\/www.dieresidenz.at\/de\/#website\",\"url\":\"https:\/\/www.dieresidenz.at\/de\/\",\"name\":\"Die Residenz\",\"description\":\"Luxus Ruhe \\u2013 Eine neue Form der Gastlichkeit in Schloss Rosenau im Waldviertel\",\"potentialAction\":[{\"@type\":\"SearchAction\",\"target\":\"https:\/\/www.dieresidenz.at\/de\/?s={search_term_string}\",\"query-input\":\"required name=search_term_string\"}],\"inLanguage\":\"en-GB\"},{\"@type\":\"WebPage\",\"@id\":\"https:\/\/www.dieresidenz.at\/de\/gaestebuch-2\/#webpage\",\"url\":\"https:\/\/www.dieresidenz.at\/de\/gaestebuch-2\/\",\"name\":\"[:de]G\\u00e4stebuch[:] - Die Residenz\",\"isPartOf\":{\"@id\":\"https:\/\/www.dieresidenz.at\/de\/#website\"},\"datePublished\":\"2018-08-21T11:48:57+00:00\",\"dateModified\":\"2019-02-18T10:09:32+00:00\",\"inLanguage\":\"en-GB\",\"potentialAction\":[{\"@type\":\"ReadAction\",\"target\":[\"https:\/\/www.dieresidenz.at\/de\/gaestebuch-2\/\"]}]}]}<\/script>\n<!-- \/ Yoast SEO plugin. -->","_links":{"self":[{"href":"https:\/\/www.dieresidenz.at\/en\/wp-json\/wp\/v2\/pages\/2771"}],"collection":[{"href":"https:\/\/www.dieresidenz.at\/en\/wp-json\/wp\/v2\/pages"}],"about":[{"href":"https:\/\/www.dieresidenz.at\/en\/wp-json\/wp\/v2\/types\/page"}],"author":[{"embeddable":true,"href":"https:\/\/www.dieresidenz.at\/en\/wp-json\/wp\/v2\/users\/1"}],"replies":[{"embeddable":true,"href":"https:\/\/www.dieresidenz.at\/en\/wp-json\/wp\/v2\/comments?post=2771"}],"version-history":[{"count":16,"href":"https:\/\/www.dieresidenz.at\/en\/wp-json\/wp\/v2\/pages\/2771\/revisions"}],"predecessor-version":[{"id":3596,"href":"https:\/\/www.dieresidenz.at\/en\/wp-json\/wp\/v2\/pages\/2771\/revisions\/3596"}],"wp:attachment":[{"href":"https:\/\/www.dieresidenz.at\/en\/wp-json\/wp\/v2\/media?parent=2771"}],"curies":[{"name":"wp","href":"https:\/\/api.w.org\/{rel}","templated":true}]}}