{"id":9,"date":"2018-05-16T15:50:17","date_gmt":"2018-05-16T13:50:17","guid":{"rendered":"https:\/\/www.dieresidenz.at\/?page_id=9"},"modified":"2025-10-27T13:05:43","modified_gmt":"2025-10-27T12:05:43","slug":"zimmer-preise","status":"publish","type":"page","link":"https:\/\/www.dieresidenz.at\/de\/zimmer-preise\/","title":{"rendered":"Studios &#038; Apartments"},"content":{"rendered":"<div id=\"pl-9\"  class=\"panel-layout\" ><div id=\"pg-9-0\"  class=\"panel-grid panel-no-style\" ><div id=\"pgc-9-0-0\"  class=\"panel-grid-cell\" ><div id=\"panel-9-0-0-0\" class=\"so-panel widget widget_sow-editor panel-first-child panel-last-child\" data-index=\"0\" ><div class=\"so-widget-sow-editor so-widget-sow-editor-base\">\n<div class=\"siteorigin-widget-tinymce textwidget\">\n\t<!-- default-view.php -->\n<div\n\tclass=\"ngg-galleryoverview default-view  ngg-ajax-pagination-none\"\n\tid=\"ngg-gallery-2baecae31f2bbf59366793160725cc6a-1\">\n\n\t\t<!-- Thumbnails -->\n\t\t\t\t<div id=\"ngg-image-0\" class=\"ngg-gallery-thumbnail-box ngg-5-columns\" >\n\t\t\t\t        <div class=\"ngg-gallery-thumbnail\">\n            <a href=\"https:\/\/www.dieresidenz.at\/wp-content\/gallery\/studiosapartmentstop\/Residenz-Margit-62.jpg\"\n               title=\"OLYMPUS DIGITAL CAMERA\"\n               data-src=\"https:\/\/www.dieresidenz.at\/wp-content\/gallery\/studiosapartmentstop\/Residenz-Margit-62.jpg\"\n               data-thumbnail=\"https:\/\/www.dieresidenz.at\/wp-content\/gallery\/studiosapartmentstop\/thumbs\/thumbs_Residenz-Margit-62.jpg\"\n               data-image-id=\"27\"\n               data-title=\"OLYMPUS DIGITAL CAMERA\"\n               data-description=\"OLYMPUS DIGITAL CAMERA\"\n               data-image-slug=\"residenz-margit-62\"\n               class=\"ngg-fancybox\" rel=\"2baecae31f2bbf59366793160725cc6a\">\n                <img\n                    title=\"OLYMPUS DIGITAL CAMERA\"\n                    alt=\"OLYMPUS DIGITAL CAMERA\"\n                    src=\"https:\/\/www.dieresidenz.at\/wp-content\/gallery\/studiosapartmentstop\/thumbs\/thumbs_Residenz-Margit-62.jpg\"\n                    width=\"400\"\n                    height=\"400\"\n                    style=\"max-width:100%;\"\n                \/>\n            <\/a>\n        <\/div>\n\t\t\t\t\t\t\t<\/div> \n\t\t\t\n\t\t\t\t<div id=\"ngg-image-1\" class=\"ngg-gallery-thumbnail-box ngg-5-columns\" >\n\t\t\t\t        <div class=\"ngg-gallery-thumbnail\">\n            <a href=\"https:\/\/www.dieresidenz.at\/wp-content\/gallery\/studiosapartmentstop\/Residenz-Garten-46-Kopie-Kopie.jpg\"\n               title=\"OLYMPUS DIGITAL CAMERA\"\n               data-src=\"https:\/\/www.dieresidenz.at\/wp-content\/gallery\/studiosapartmentstop\/Residenz-Garten-46-Kopie-Kopie.jpg\"\n               data-thumbnail=\"https:\/\/www.dieresidenz.at\/wp-content\/gallery\/studiosapartmentstop\/thumbs\/thumbs_Residenz-Garten-46-Kopie-Kopie.jpg\"\n               data-image-id=\"28\"\n               data-title=\"OLYMPUS DIGITAL CAMERA\"\n               data-description=\"OLYMPUS DIGITAL CAMERA\"\n               data-image-slug=\"residenz-garten-46-kopie-kopie\"\n               class=\"ngg-fancybox\" rel=\"2baecae31f2bbf59366793160725cc6a\">\n                <img\n                    title=\"OLYMPUS DIGITAL CAMERA\"\n                    alt=\"OLYMPUS DIGITAL CAMERA\"\n                    src=\"https:\/\/www.dieresidenz.at\/wp-content\/gallery\/studiosapartmentstop\/thumbs\/thumbs_Residenz-Garten-46-Kopie-Kopie.jpg\"\n                    width=\"400\"\n                    height=\"400\"\n                    style=\"max-width:100%;\"\n                \/>\n            <\/a>\n        <\/div>\n\t\t\t\t\t\t\t<\/div> \n\t\t\t\n\t\t\t\t<div id=\"ngg-image-2\" class=\"ngg-gallery-thumbnail-box ngg-5-columns\" >\n\t\t\t\t        <div class=\"ngg-gallery-thumbnail\">\n            <a href=\"https:\/\/www.dieresidenz.at\/wp-content\/gallery\/studiosapartmentstop\/KinoCocktail-34-Kopie.jpg\"\n               title=\"OLYMPUS DIGITAL CAMERA\"\n               data-src=\"https:\/\/www.dieresidenz.at\/wp-content\/gallery\/studiosapartmentstop\/KinoCocktail-34-Kopie.jpg\"\n               data-thumbnail=\"https:\/\/www.dieresidenz.at\/wp-content\/gallery\/studiosapartmentstop\/thumbs\/thumbs_KinoCocktail-34-Kopie.jpg\"\n               data-image-id=\"30\"\n               data-title=\"OLYMPUS DIGITAL CAMERA\"\n               data-description=\"OLYMPUS DIGITAL CAMERA\"\n               data-image-slug=\"kinococktail-34-kopie\"\n               class=\"ngg-fancybox\" rel=\"2baecae31f2bbf59366793160725cc6a\">\n                <img\n                    title=\"OLYMPUS DIGITAL CAMERA\"\n                    alt=\"OLYMPUS DIGITAL CAMERA\"\n                    src=\"https:\/\/www.dieresidenz.at\/wp-content\/gallery\/studiosapartmentstop\/thumbs\/thumbs_KinoCocktail-34-Kopie.jpg\"\n                    width=\"400\"\n                    height=\"400\"\n                    style=\"max-width:100%;\"\n                \/>\n            <\/a>\n        <\/div>\n\t\t\t\t\t\t\t<\/div> \n\t\t\t\n\t\t\t\t<div id=\"ngg-image-3\" class=\"ngg-gallery-thumbnail-box ngg-5-columns\" >\n\t\t\t\t        <div class=\"ngg-gallery-thumbnail\">\n            <a href=\"https:\/\/www.dieresidenz.at\/wp-content\/gallery\/studiosapartmentstop\/DSC_0265.jpg\"\n               title=\"\"\n               data-src=\"https:\/\/www.dieresidenz.at\/wp-content\/gallery\/studiosapartmentstop\/DSC_0265.jpg\"\n               data-thumbnail=\"https:\/\/www.dieresidenz.at\/wp-content\/gallery\/studiosapartmentstop\/thumbs\/thumbs_DSC_0265.jpg\"\n               data-image-id=\"68\"\n               data-title=\"DSC_0265\"\n               data-description=\"\"\n               data-image-slug=\"dsc_0265-1\"\n               class=\"ngg-fancybox\" rel=\"2baecae31f2bbf59366793160725cc6a\">\n                <img\n                    title=\"DSC_0265\"\n                    alt=\"DSC_0265\"\n                    src=\"https:\/\/www.dieresidenz.at\/wp-content\/gallery\/studiosapartmentstop\/thumbs\/thumbs_DSC_0265.jpg\"\n                    width=\"400\"\n                    height=\"400\"\n                    style=\"max-width:100%;\"\n                \/>\n            <\/a>\n        <\/div>\n\t\t\t\t\t\t\t<\/div> \n\t\t\t\n\t\t\t\t<div id=\"ngg-image-4\" class=\"ngg-gallery-thumbnail-box ngg-5-columns\" >\n\t\t\t\t        <div class=\"ngg-gallery-thumbnail\">\n            <a href=\"https:\/\/www.dieresidenz.at\/wp-content\/gallery\/studiosapartmentstop\/die-RESIDENZ-Hotel-216-Kopie.jpg\"\n               title=\"OLYMPUS DIGITAL CAMERA\"\n               data-src=\"https:\/\/www.dieresidenz.at\/wp-content\/gallery\/studiosapartmentstop\/die-RESIDENZ-Hotel-216-Kopie.jpg\"\n               data-thumbnail=\"https:\/\/www.dieresidenz.at\/wp-content\/gallery\/studiosapartmentstop\/thumbs\/thumbs_die-RESIDENZ-Hotel-216-Kopie.jpg\"\n               data-image-id=\"153\"\n               data-title=\"OLYMPUS DIGITAL CAMERA\"\n               data-description=\"OLYMPUS DIGITAL CAMERA\"\n               data-image-slug=\"die-residenz-hotel-216-kopie\"\n               class=\"ngg-fancybox\" rel=\"2baecae31f2bbf59366793160725cc6a\">\n                <img\n                    title=\"OLYMPUS DIGITAL CAMERA\"\n                    alt=\"OLYMPUS DIGITAL CAMERA\"\n                    src=\"https:\/\/www.dieresidenz.at\/wp-content\/gallery\/studiosapartmentstop\/thumbs\/thumbs_die-RESIDENZ-Hotel-216-Kopie.jpg\"\n                    width=\"400\"\n                    height=\"400\"\n                    style=\"max-width:100%;\"\n                \/>\n            <\/a>\n        <\/div>\n\t\t\t\t\t\t\t<\/div> \n\t\t\t\n\t\n\t<br style=\"clear: both\" \/>\n\n\t\n\t\t<!-- Pagination -->\n\t<div class='ngg-clear'><\/div>\t<\/div>\n\n<\/div>\n<\/div><\/div><\/div><\/div><div id=\"pg-9-1\"  class=\"panel-grid panel-no-style\" ><div id=\"pgc-9-1-0\"  class=\"panel-grid-cell panel-grid-cell-empty\" ><\/div><div id=\"pgc-9-1-1\"  class=\"panel-grid-cell panel-grid-cell-mobile-last\" ><div id=\"panel-9-1-1-0\" class=\"so-panel widget widget_sow-editor panel-first-child panel-last-child\" data-index=\"1\" ><div class=\"so-widget-sow-editor so-widget-sow-editor-base\">\n<div class=\"siteorigin-widget-tinymce textwidget\">\n\t<h1 id=\"pgc-9-0-0\" class=\"panel-grid-cell panel-grid-cell-mobile-last\" style=\"text-align: center;\" data-weight=\"0.7\">Zimmer & Preise<\/h1>\n<div id=\"pgc-9-0-1\" class=\"panel-grid-cell panel-grid-cell-empty\" data-weight=\"0.3\">\n<h2 class=\"p1\" style=\"text-align: center;\">Das Wohngef\u00fchl einer privaten Residenz<br \/>\nmit dem exklusiven Service eines Hotels<\/h2>\n<\/div>\n<\/div>\n<\/div><\/div><\/div><div id=\"pgc-9-1-2\"  class=\"panel-grid-cell panel-grid-cell-empty\" ><\/div><\/div><div id=\"pg-9-2\"  class=\"panel-grid panel-no-style\" ><div id=\"pgc-9-2-0\"  class=\"panel-grid-cell panel-grid-cell-empty\" ><\/div><div id=\"pgc-9-2-1\"  class=\"panel-grid-cell panel-grid-cell-mobile-last\" ><div id=\"panel-9-2-1-0\" class=\"so-panel widget widget_sow-editor panel-first-child panel-last-child\" data-index=\"2\" ><div class=\"so-widget-sow-editor so-widget-sow-editor-base\">\n<div class=\"siteorigin-widget-tinymce textwidget\">\n\t<div class=\"content_text clearfix\">\n<p>Stilvolle Residenzen in perfektem Design mit top ausgestatteten Wohn- und Schlafzimmern, K\u00fcchen und Badezimmern, mit High-tech und entsprechendem Background.<\/p>\n<p>Sie liegen alle in einem Atriumhaus das weiters ein Ziegelkreuzgew\u00f6lbe mit Granits\u00e4ulen, eine Vinothek, einen nostalgischen Kinosaal, eine Cafe Lounge,<br \/>\neinen Salon, einen Wellnessbereich sowie eine Gartenterrasse aufweist.<\/p>\n<p>Die Gr\u00f6\u00dfe der Studios und Apartments reicht von 46-93 Quadratmetern.<\/p>\n<p>Im Umfeld der perfekt und komplett ausgestatteten K\u00fcche bietet eine moderne Essgruppe die M\u00f6glichkeit, angenehm zu speisen oder auch G\u00e4ste zu<br \/>\nempfangen und zu bewirten. Den Rahmen f\u00fcr entspannte K\u00f6rperkultur bieten die luxuri\u00f6s ausgestatteten, mit dem Wohnbereich verschmelzenden Badezimmer.<\/p>\n<p>Im Atrium erreicht man den einzigartigen <a href=\"https:\/\/www.dieresidenz.at\/spa\/\">Wellnessbereich<\/a> der ein sinnliches<br \/>\nWellnesserlebnis \u00fcber 2 Etagen bietet. Eine Biosauna, ein Kneippfu\u00dfbecken,<br \/>\neine Sonnenwiese, Ruheoasen, Blue Alpha Sphere Liegen zur Tiefenentspannung.<br \/>\nDer Beautysalon und das vielf\u00e4ltige Massageangebot sorgen f\u00fcr<br \/>\ndas besondere Wohlf\u00fchlambiente.<\/p>\n<\/div>\n<\/div>\n<\/div><\/div><\/div><div id=\"pgc-9-2-2\"  class=\"panel-grid-cell panel-grid-cell-empty\" ><\/div><\/div><div id=\"pg-9-3\"  class=\"panel-grid panel-no-style\" ><div id=\"pgc-9-3-0\"  class=\"panel-grid-cell panel-grid-cell-empty\" ><\/div><div id=\"pgc-9-3-1\"  class=\"panel-grid-cell panel-grid-cell-mobile-last\" ><div id=\"panel-9-3-1-0\" class=\"so-panel widget widget_nav_menu panel-first-child panel-last-child\" data-index=\"3\" ><ul id=\"menu-zimmer\" class=\"menu\"><li  class=\" menu-item-607\"><a href=\"https:\/\/www.dieresidenz.at\/de\/zimmer-preise\/studio-eberesche\/\"><span>Studio Eberesche<\/span><\/a><\/li>\n<li  class=\" menu-item-609\"><a href=\"https:\/\/www.dieresidenz.at\/de\/zimmer-preise\/studio-stechpalme\/\"><span>Studio Stechpalme<\/span><\/a><\/li>\n<li  class=\" menu-item-610\"><a href=\"https:\/\/www.dieresidenz.at\/de\/zimmer-preise\/studio-weissdorn\/\"><span>Studio Wei\u00dfdorn<\/span><\/a><\/li>\n<li  class=\" menu-item-608\"><a href=\"https:\/\/www.dieresidenz.at\/de\/zimmer-preise\/studio-eiche\/\"><span>Studio Eiche<\/span><\/a><\/li>\n<li  class=\" menu-item-612\"><a href=\"https:\/\/www.dieresidenz.at\/de\/zimmer-preise\/apartment-esche\/\"><span>Apartment Esche<\/span><\/a><\/li>\n<li  class=\" menu-item-611\"><a href=\"https:\/\/www.dieresidenz.at\/de\/zimmer-preise\/apartment-efeu\/\"><span>Apartment Efeu<\/span><\/a><\/li>\n<\/ul><\/div><\/div><div id=\"pgc-9-3-2\"  class=\"panel-grid-cell panel-grid-cell-empty\" ><\/div><\/div><div id=\"pg-9-4\"  class=\"panel-grid panel-no-style\" ><div id=\"pgc-9-4-0\"  class=\"panel-grid-cell panel-grid-cell-empty\" ><\/div><div id=\"pgc-9-4-1\"  class=\"panel-grid-cell panel-grid-cell-mobile-last\" ><div id=\"panel-9-4-1-0\" class=\"so-panel widget widget_sow-editor panel-first-child panel-last-child\" data-index=\"4\" ><div class=\"so-widget-sow-editor so-widget-sow-editor-base\">\n<div class=\"siteorigin-widget-tinymce textwidget\">\n\t<h4 class=\"content_text clearfix\">... und wenn Sie l\u00e4nger bleiben m\u00f6chten:<\/h4>\n<p class=\"content_text clearfix\">Ferienwohnung f\u00fcr Woche, Monat, Saison oder das ganze Jahr (SONDERPREISE auf Anfrage m\u00f6glich)<\/p>\n<\/div>\n<\/div><\/div><\/div><div id=\"pgc-9-4-2\"  class=\"panel-grid-cell panel-grid-cell-empty\" ><\/div><\/div><div id=\"pg-9-5\"  class=\"panel-grid panel-no-style\" ><div id=\"pgc-9-5-0\"  class=\"panel-grid-cell panel-grid-cell-empty\" ><\/div><div id=\"pgc-9-5-1\"  class=\"panel-grid-cell\" ><div id=\"panel-9-5-1-0\" class=\"so-panel widget widget_sow-editor panel-first-child panel-last-child\" data-index=\"5\" ><div class=\"so-widget-sow-editor so-widget-sow-editor-base\">\n<div class=\"siteorigin-widget-tinymce textwidget\">\n\t<p>1 Woche Studio &nbsp;550 \u20ac<br \/>\n1 Monat &nbsp;Studio &nbsp;1.000 \u20ac<br \/>\nexklusive Endreinigung<\/p>\n<\/div>\n<\/div><\/div><\/div><div id=\"pgc-9-5-2\"  class=\"panel-grid-cell panel-grid-cell-mobile-last\" ><div id=\"panel-9-5-2-0\" class=\"so-panel widget widget_sow-editor panel-first-child panel-last-child\" data-index=\"6\" ><div class=\"so-widget-sow-editor so-widget-sow-editor-base\">\n<div class=\"siteorigin-widget-tinymce textwidget\">\n\t<p>1 Woche Apartment &nbsp;&nbsp;&nbsp;900 \u20ac<br \/>\n1 Monat &nbsp;Apartment &nbsp;1.600 \u20ac<br \/>\nexklusive Endreinigung<\/p>\n<\/div>\n<\/div><\/div><\/div><div id=\"pgc-9-5-3\"  class=\"panel-grid-cell panel-grid-cell-empty\" ><\/div><\/div><div id=\"pg-9-6\"  class=\"panel-grid panel-no-style\" ><div id=\"pgc-9-6-0\"  class=\"panel-grid-cell\" ><div id=\"panel-9-6-0-0\" class=\"so-panel widget widget_sow-editor panel-first-child panel-last-child\" data-index=\"7\" ><div class=\"so-widget-sow-editor so-widget-sow-editor-base\">\n<div class=\"siteorigin-widget-tinymce textwidget\">\n\t[Not a valid template]\n<\/div>\n<\/div><\/div><\/div><\/div><\/div>","protected":false},"excerpt":{"rendered":"<p>Zimmer &#038; Preise Das Wohngef\u00fchl einer privaten Residenz mit dem exklusiven Service eines Hotels<\/p>\n","protected":false},"author":1,"featured_media":0,"parent":0,"menu_order":2,"comment_status":"closed","ping_status":"closed","template":"page-fullwidth.php","meta":{"ngg_post_thumbnail":0,"sfsi_plus_gutenberg_text_before_share":"","sfsi_plus_gutenberg_show_text_before_share":"","sfsi_plus_gutenberg_icon_type":"","sfsi_plus_gutenberg_icon_alignemt":"","sfsi_plus_gutenburg_max_per_row":""},"yoast_head":"<!-- This site is optimized with the Yoast SEO plugin v15.4 - https:\/\/yoast.com\/wordpress\/plugins\/seo\/ -->\n<title>Studios &amp; Apartments - Die Residenz<\/title>\n<meta name=\"robots\" content=\"index, follow, max-snippet:-1, max-image-preview:large, max-video-preview:-1\" \/>\n<link rel=\"canonical\" href=\"https:\/\/www.dieresidenz.at\/de\/zimmer-preise\/\" \/>\n<meta property=\"og:locale\" content=\"de_DE\" \/>\n<meta property=\"og:type\" content=\"article\" \/>\n<meta property=\"og:title\" content=\"Studios &amp; Apartments\" \/>\n<meta property=\"og:description\" content=\"Zimmer &amp; Preise Das Wohngef\u00fchl einer privaten Residenz mit dem exklusiven Service eines Hotels\" \/>\n<meta property=\"og:url\" content=\"https:\/\/www.dieresidenz.at\/de\/zimmer-preise\/\" \/>\n<meta property=\"og:site_name\" content=\"Die Residenz\" \/>\n<meta property=\"article:modified_time\" content=\"2025-10-27T12:05:43+00:00\" \/>\n<meta name=\"twitter:card\" content=\"summary_large_image\" \/>\n<meta name=\"twitter:label1\" content=\"Geschrieben von\">\n\t<meta name=\"twitter:data1\" content=\"waltergrafik\">\n\t<meta name=\"twitter:label2\" content=\"Gesch\u00e4tzte Lesezeit\">\n\t<meta name=\"twitter:data2\" content=\"1\u00a0Minute\">\n<script type=\"application\/ld+json\" class=\"yoast-schema-graph\">{\"@context\":\"https:\/\/schema.org\",\"@graph\":[{\"@type\":\"WebSite\",\"@id\":\"https:\/\/www.dieresidenz.at\/de\/#website\",\"url\":\"https:\/\/www.dieresidenz.at\/de\/\",\"name\":\"Die Residenz\",\"description\":\"Luxus Ruhe \\u2013 Eine neue Form der Gastlichkeit in Schloss Rosenau im Waldviertel\",\"potentialAction\":[{\"@type\":\"SearchAction\",\"target\":\"https:\/\/www.dieresidenz.at\/de\/?s={search_term_string}\",\"query-input\":\"required name=search_term_string\"}],\"inLanguage\":\"de-DE-formal\"},{\"@type\":\"WebPage\",\"@id\":\"https:\/\/www.dieresidenz.at\/de\/zimmer-preise\/#webpage\",\"url\":\"https:\/\/www.dieresidenz.at\/de\/zimmer-preise\/\",\"name\":\"[:de]Studios & Apartments[:en]Studios & Appartements[:] - Die Residenz\",\"isPartOf\":{\"@id\":\"https:\/\/www.dieresidenz.at\/de\/#website\"},\"datePublished\":\"2018-05-16T13:50:17+00:00\",\"dateModified\":\"2025-10-27T12:05:43+00:00\",\"inLanguage\":\"de-DE-formal\",\"potentialAction\":[{\"@type\":\"ReadAction\",\"target\":[\"https:\/\/www.dieresidenz.at\/de\/zimmer-preise\/\"]}]}]}<\/script>\n<!-- \/ Yoast SEO plugin. -->","_links":{"self":[{"href":"https:\/\/www.dieresidenz.at\/de\/wp-json\/wp\/v2\/pages\/9"}],"collection":[{"href":"https:\/\/www.dieresidenz.at\/de\/wp-json\/wp\/v2\/pages"}],"about":[{"href":"https:\/\/www.dieresidenz.at\/de\/wp-json\/wp\/v2\/types\/page"}],"author":[{"embeddable":true,"href":"https:\/\/www.dieresidenz.at\/de\/wp-json\/wp\/v2\/users\/1"}],"replies":[{"embeddable":true,"href":"https:\/\/www.dieresidenz.at\/de\/wp-json\/wp\/v2\/comments?post=9"}],"version-history":[{"count":184,"href":"https:\/\/www.dieresidenz.at\/de\/wp-json\/wp\/v2\/pages\/9\/revisions"}],"predecessor-version":[{"id":5048,"href":"https:\/\/www.dieresidenz.at\/de\/wp-json\/wp\/v2\/pages\/9\/revisions\/5048"}],"wp:attachment":[{"href":"https:\/\/www.dieresidenz.at\/de\/wp-json\/wp\/v2\/media?parent=9"}],"curies":[{"name":"wp","href":"https:\/\/api.w.org\/{rel}","templated":true}]}}