{"id":5,"date":"2018-05-16T15:48:04","date_gmt":"2018-05-16T13:48:04","guid":{"rendered":"https:\/\/www.dieresidenz.at\/?page_id=5"},"modified":"2023-10-30T13:55:12","modified_gmt":"2023-10-30T12:55:12","slug":"die-residenz","status":"publish","type":"page","link":"https:\/\/www.dieresidenz.at\/de\/","title":{"rendered":"Die Residenz"},"content":{"rendered":"<div id=\"pl-5\"  class=\"panel-layout\" ><div id=\"pg-5-0\"  class=\"panel-grid panel-has-style\" ><div class=\"siteorigin-panels-stretch panel-row-style panel-row-style-for-5-0\" data-stretch-type=\"full-stretched\" ><div id=\"pgc-5-0-0\"  class=\"panel-grid-cell panel-grid-cell-empty\" ><\/div><div id=\"pgc-5-0-1\"  class=\"panel-grid-cell panel-grid-cell-mobile-last\" ><div id=\"panel-5-0-1-0\" class=\"so-panel widget widget_sow-image panel-first-child panel-last-child\" data-index=\"0\" ><div class=\"so-widget-sow-image so-widget-sow-image-default-d6014b76747a\">\n\n<div class=\"sow-image-container\">\n\t<img src=\"https:\/\/www.dieresidenz.at\/wp-content\/uploads\/2018\/05\/logo-die-residenz-schloss-rosenau-e1529920784310.png\" width=\"400\" height=\"169\" sizes=\"(max-width: 400px) 100vw, 400px\" title=\"logo-die-residenz-schloss-rosenau\" alt=\"\" \t\tclass=\"so-widget-image\"\/>\n<\/div>\n\n<\/div><\/div><\/div><div id=\"pgc-5-0-2\"  class=\"panel-grid-cell panel-grid-cell-empty\" ><\/div><\/div><\/div><div id=\"pg-5-1\"  class=\"panel-grid panel-has-style\" ><div class=\"siteorigin-panels-stretch panel-row-style panel-row-style-for-5-1\" data-stretch-type=\"full-stretched\" ><div id=\"pgc-5-1-0\"  class=\"panel-grid-cell panel-grid-cell-empty\" ><\/div><div id=\"pgc-5-1-1\"  class=\"panel-grid-cell panel-grid-cell-mobile-last\" ><\/div><div id=\"pgc-5-1-2\"  class=\"panel-grid-cell panel-grid-cell-empty\" ><\/div><\/div><\/div><div id=\"pg-5-2\"  class=\"panel-grid panel-has-style\" ><div class=\"siteorigin-panels-stretch panel-row-style panel-row-style-for-5-2\" data-stretch-type=\"full-stretched\" ><div id=\"pgc-5-2-0\"  class=\"panel-grid-cell\" ><div id=\"panel-5-2-0-0\" class=\"so-panel widget widget_sow-editor panel-first-child panel-last-child\" data-index=\"2\" ><div class=\"so-widget-sow-editor so-widget-sow-editor-base\">\n<div class=\"siteorigin-widget-tinymce textwidget\">\n\t<p style=\"text-align: center;\"><a href=\"https:\/\/www.dieresidenz.at\/anfragen\/\">Jetzt anfragen!<\/a><\/p>\n<\/div>\n<\/div><\/div><\/div><\/div><\/div><div id=\"pg-5-3\"  class=\"panel-grid panel-has-style\" ><div class=\"siteorigin-panels-stretch panel-row-style panel-row-style-for-5-3\" data-stretch-type=\"full-stretched\" ><div id=\"pgc-5-3-0\"  class=\"panel-grid-cell panel-grid-cell-empty\" ><\/div><div id=\"pgc-5-3-1\"  class=\"panel-grid-cell panel-grid-cell-mobile-last\" ><div id=\"panel-5-3-1-0\" class=\"so-panel widget widget_sow-editor panel-first-child panel-last-child\" data-index=\"3\" ><div class=\"so-widget-sow-editor so-widget-sow-editor-base\">\n<div class=\"siteorigin-widget-tinymce textwidget\">\n\t<h1 class=\"p1\" style=\"text-align: center;\">Die Residenz \u2013 Luxus Ruhe<\/h1>\n<\/div>\n<\/div><\/div><\/div><div id=\"pgc-5-3-2\"  class=\"panel-grid-cell panel-grid-cell-empty\" ><\/div><\/div><\/div><div id=\"pg-5-4\"  class=\"panel-grid panel-has-style\" ><div class=\"siteorigin-panels-stretch panel-row-style panel-row-style-for-5-4\" data-stretch-type=\"full-stretched\" ><div id=\"pgc-5-4-0\"  class=\"panel-grid-cell panel-grid-cell-empty\" ><\/div><div id=\"pgc-5-4-1\"  class=\"panel-grid-cell panel-grid-cell-mobile-last\" ><div id=\"panel-5-4-1-0\" class=\"so-panel widget widget_sow-editor panel-first-child panel-last-child\" data-index=\"4\" ><div class=\"so-widget-sow-editor so-widget-sow-editor-base\">\n<div class=\"siteorigin-widget-tinymce textwidget\">\n\t<h2 class=\"p1\" style=\"text-align: center;\">Eine neue Form der Gastlichkeit<br \/>\nin Schloss Rosenau<\/h2>\n<\/div>\n<\/div><\/div><\/div><div id=\"pgc-5-4-2\"  class=\"panel-grid-cell panel-grid-cell-empty\" ><\/div><\/div><\/div><div id=\"pg-5-5\"  class=\"panel-grid panel-no-style\" ><div id=\"pgc-5-5-0\"  class=\"panel-grid-cell panel-grid-cell-empty\" ><\/div><div id=\"pgc-5-5-1\"  class=\"panel-grid-cell panel-grid-cell-mobile-last\" ><div id=\"panel-5-5-1-0\" class=\"so-panel widget widget_sow-editor panel-first-child panel-last-child\" data-index=\"5\" ><div class=\"so-widget-sow-editor so-widget-sow-editor-base\">\n<div class=\"siteorigin-widget-tinymce textwidget\">\n\t<p><img loading=\"lazy\" class=\"wp-image-3009 aligncenter\" src=\"https:\/\/www.dieresidenz.at\/wp-content\/uploads\/2018\/08\/baum_gruen-mit-rand-500x167.png\" alt=\"\" width=\"156\" height=\"52\" srcset=\"https:\/\/www.dieresidenz.at\/wp-content\/uploads\/2018\/08\/baum_gruen-mit-rand-500x167.png 500w, https:\/\/www.dieresidenz.at\/wp-content\/uploads\/2018\/08\/baum_gruen-mit-rand-768x256.png 768w, https:\/\/www.dieresidenz.at\/wp-content\/uploads\/2018\/08\/baum_gruen-mit-rand-1024x341.png 1024w, https:\/\/www.dieresidenz.at\/wp-content\/uploads\/2018\/08\/baum_gruen-mit-rand.png 1500w\" sizes=\"(max-width: 156px) 100vw, 156px\" \/><\/p>\n<\/div>\n<\/div><\/div><\/div><div id=\"pgc-5-5-2\"  class=\"panel-grid-cell panel-grid-cell-empty\" ><\/div><\/div><div id=\"pg-5-6\"  class=\"panel-grid panel-no-style\" ><div id=\"pgc-5-6-0\"  class=\"panel-grid-cell panel-grid-cell-empty\" ><\/div><div id=\"pgc-5-6-1\"  class=\"panel-grid-cell\" ><div id=\"panel-5-6-1-0\" class=\"so-panel widget widget_sow-image panel-first-child panel-last-child\" data-index=\"6\" ><div class=\"so-widget-sow-image so-widget-sow-image-default-4b231843ec72\">\n\n<div class=\"sow-image-container\">\n<a href=\"https:\/\/www.dieresidenz.at\/zimmer-preise\/studio-eberesche\/\" >\t<img src=\"https:\/\/www.dieresidenz.at\/wp-content\/uploads\/2018\/08\/StudiosSTARTSEITE.jpg\" width=\"1600\" height=\"1600\" srcset=\"https:\/\/www.dieresidenz.at\/wp-content\/uploads\/2018\/08\/StudiosSTARTSEITE.jpg 1600w, https:\/\/www.dieresidenz.at\/wp-content\/uploads\/2018\/08\/StudiosSTARTSEITE-400x400.jpg 400w, https:\/\/www.dieresidenz.at\/wp-content\/uploads\/2018\/08\/StudiosSTARTSEITE-500x500.jpg 500w, https:\/\/www.dieresidenz.at\/wp-content\/uploads\/2018\/08\/StudiosSTARTSEITE-768x768.jpg 768w, https:\/\/www.dieresidenz.at\/wp-content\/uploads\/2018\/08\/StudiosSTARTSEITE-1024x1024.jpg 1024w\" sizes=\"(max-width: 1600px) 100vw, 1600px\" alt=\"\" \t\tclass=\"so-widget-image\"\/>\n<\/a><\/div>\n\n<\/div><\/div><\/div><div id=\"pgc-5-6-2\"  class=\"panel-grid-cell\" ><div id=\"panel-5-6-2-0\" class=\"so-panel widget widget_sow-image panel-first-child panel-last-child\" data-index=\"7\" ><div class=\"so-widget-sow-image so-widget-sow-image-default-4b231843ec72\">\n\n<div class=\"sow-image-container\">\n<a href=\"https:\/\/www.dieresidenz.at\/zimmer-preise\/apartment-esche\/\" >\t<img src=\"https:\/\/www.dieresidenz.at\/wp-content\/uploads\/2018\/08\/ApartmentsSTARTSEITE.jpg\" width=\"1600\" height=\"1600\" srcset=\"https:\/\/www.dieresidenz.at\/wp-content\/uploads\/2018\/08\/ApartmentsSTARTSEITE.jpg 1600w, https:\/\/www.dieresidenz.at\/wp-content\/uploads\/2018\/08\/ApartmentsSTARTSEITE-400x400.jpg 400w, https:\/\/www.dieresidenz.at\/wp-content\/uploads\/2018\/08\/ApartmentsSTARTSEITE-500x500.jpg 500w, https:\/\/www.dieresidenz.at\/wp-content\/uploads\/2018\/08\/ApartmentsSTARTSEITE-768x768.jpg 768w, https:\/\/www.dieresidenz.at\/wp-content\/uploads\/2018\/08\/ApartmentsSTARTSEITE-1024x1024.jpg 1024w\" sizes=\"(max-width: 1600px) 100vw, 1600px\" alt=\"\" \t\tclass=\"so-widget-image\"\/>\n<\/a><\/div>\n\n<\/div><\/div><\/div><div id=\"pgc-5-6-3\"  class=\"panel-grid-cell panel-grid-cell-mobile-last\" ><div id=\"panel-5-6-3-0\" class=\"so-panel widget widget_sow-image panel-first-child panel-last-child\" data-index=\"8\" ><div class=\"so-widget-sow-image so-widget-sow-image-default-4b231843ec72\">\n\n<div class=\"sow-image-container\">\n<a href=\"https:\/\/www.dieresidenz.at\/de\/kino\/\" target=\"_blank\" rel=\"noopener noreferrer\" >\t<img src=\"https:\/\/www.dieresidenz.at\/wp-content\/uploads\/2018\/08\/KinoSTARTSEITE-Kopie.jpg\" width=\"1600\" height=\"1600\" srcset=\"https:\/\/www.dieresidenz.at\/wp-content\/uploads\/2018\/08\/KinoSTARTSEITE-Kopie.jpg 1600w, https:\/\/www.dieresidenz.at\/wp-content\/uploads\/2018\/08\/KinoSTARTSEITE-Kopie-400x400.jpg 400w, https:\/\/www.dieresidenz.at\/wp-content\/uploads\/2018\/08\/KinoSTARTSEITE-Kopie-500x500.jpg 500w, https:\/\/www.dieresidenz.at\/wp-content\/uploads\/2018\/08\/KinoSTARTSEITE-Kopie-768x768.jpg 768w, https:\/\/www.dieresidenz.at\/wp-content\/uploads\/2018\/08\/KinoSTARTSEITE-Kopie-1024x1024.jpg 1024w\" sizes=\"(max-width: 1600px) 100vw, 1600px\" title=\"KinoSTARTSEITE Kopie\" alt=\"\" \t\tclass=\"so-widget-image\"\/>\n<\/a><\/div>\n\n<\/div><\/div><\/div><div id=\"pgc-5-6-4\"  class=\"panel-grid-cell panel-grid-cell-empty\" ><\/div><\/div><div id=\"pg-5-7\"  class=\"panel-grid panel-no-style\" ><div id=\"pgc-5-7-0\"  class=\"panel-grid-cell panel-grid-cell-empty\" ><\/div><div id=\"pgc-5-7-1\"  class=\"panel-grid-cell panel-grid-cell-mobile-last\" ><div id=\"panel-5-7-1-0\" class=\"so-panel widget widget_sow-editor panel-first-child panel-last-child\" data-index=\"9\" ><div class=\"so-widget-sow-editor so-widget-sow-editor-base\">\n<div class=\"siteorigin-widget-tinymce textwidget\">\n\t<h2 style=\"text-align: center;\">Herzlich willkommen<br \/>\nim Hotel die Residenz!<\/h2>\n<p>Genie\u00dfen Sie das Wohngef\u00fchl einer privaten Residenz mit dem exklusiven Service eines Hotels.<br \/>\nIm mit viel Liebe zum Detail ausgestatteten Atriumhaus erwartet Sie ein Ziegelkreuzgew\u00f6lbe<br \/>\nmit Granits\u00e4ulen, eine Vinothek, eine Caf\u00e8 Lounge, eine Gartenterrasse, ein behaglicher Salon,<br \/>\nein Wellnessbereich und ein nostalgischer Kinosaal.<\/p>\n<p>F\u00fcr die Gestaltung der Residenz haben wir den keltischen Baumkreis gew\u00e4hlt.<br \/>\nUnsere stilvollen Studios und Apartments sind zwischen 46 und 93 Quadratmetern gro\u00df.<br \/>\nPerfektes Design, top ausgestattete Wohn- und Schlafzimmer, komplett ausgestattete K\u00fcchen<br \/>\nmit modernen Essgruppen und luxuri\u00f6se Badezimmer garantieren mit unserem<br \/>\neinzigartigen Wellnessbereich entspannte Tage.<\/p>\n<\/div>\n<\/div><\/div><\/div><div id=\"pgc-5-7-2\"  class=\"panel-grid-cell panel-grid-cell-empty\" ><\/div><\/div><div id=\"pg-5-8\"  class=\"panel-grid panel-no-style\" ><div id=\"pgc-5-8-0\"  class=\"panel-grid-cell panel-grid-cell-empty\" ><\/div><div id=\"pgc-5-8-1\"  class=\"panel-grid-cell panel-grid-cell-mobile-last\" ><div id=\"panel-5-8-1-0\" class=\"so-panel widget widget_sow-editor panel-first-child panel-last-child\" data-index=\"10\" ><div class=\"so-widget-sow-editor so-widget-sow-editor-base\">\n<div class=\"siteorigin-widget-tinymce textwidget\">\n\t<p><img loading=\"lazy\" class=\"wp-image-3009 aligncenter\" src=\"https:\/\/www.dieresidenz.at\/wp-content\/uploads\/2018\/08\/baum_gruen-mit-rand-500x167.png\" alt=\"\" width=\"156\" height=\"52\" srcset=\"https:\/\/www.dieresidenz.at\/wp-content\/uploads\/2018\/08\/baum_gruen-mit-rand-500x167.png 500w, https:\/\/www.dieresidenz.at\/wp-content\/uploads\/2018\/08\/baum_gruen-mit-rand-768x256.png 768w, https:\/\/www.dieresidenz.at\/wp-content\/uploads\/2018\/08\/baum_gruen-mit-rand-1024x341.png 1024w, https:\/\/www.dieresidenz.at\/wp-content\/uploads\/2018\/08\/baum_gruen-mit-rand.png 1500w\" sizes=\"(max-width: 156px) 100vw, 156px\" \/><\/p>\n<\/div>\n<\/div><\/div><\/div><div id=\"pgc-5-8-2\"  class=\"panel-grid-cell panel-grid-cell-empty\" ><\/div><\/div><div id=\"pg-5-9\"  class=\"panel-grid panel-has-style\" ><div class=\"siteorigin-panels-stretch panel-row-style panel-row-style-for-5-9\" data-stretch-type=\"full-stretched\" ><div id=\"pgc-5-9-0\"  class=\"panel-grid-cell\" ><div id=\"panel-5-9-0-0\" class=\"so-panel widget widget_sow-editor panel-first-child panel-last-child\" data-index=\"11\" ><div class=\"so-widget-sow-editor so-widget-sow-editor-base\">\n<div class=\"siteorigin-widget-tinymce textwidget\">\n\t<\/div>\n<\/div><\/div><\/div><div id=\"pgc-5-9-1\"  class=\"panel-grid-cell panel-grid-cell-mobile-last\" ><div id=\"panel-5-9-1-0\" class=\"so-panel widget widget_sow-editor panel-first-child panel-last-child\" data-index=\"12\" ><div class=\"so-widget-sow-editor so-widget-sow-editor-base\">\n<div class=\"siteorigin-widget-tinymce textwidget\">\n\t<h2 class=\"p3\" style=\"text-align: center;\"><a href=\"https:\/\/www.dieresidenz.at\/spa\/\"><span class=\"s1\">Wellnessbereich<\/span><\/a><\/h2>\n<p class=\"p3\" style=\"text-align: left;\"><span class=\"s1\">Im Atrium erreicht man den einzigartigen Wellnessbereich der ein sinnliches Wellness Erlebnis \u00fcber 2 Etagen bietet. Eine Biosauna, ein Kneippfu\u00dfbecken, eine Sonnenwiese, Ruheoasen, Blue Alpha Sphere Liegen zur Tiefenentspannung. Der Beautysalon und das vielf\u00e4ltige Massageangebot sorgen f\u00fcr das besondere Wohlf\u00fchlambiente.<\/span><\/p>\n<\/div>\n<\/div><\/div><\/div><div id=\"pgc-5-9-2\"  class=\"panel-grid-cell panel-grid-cell-empty\" ><\/div><\/div><\/div><\/div>","protected":false},"excerpt":{"rendered":"<p>Jetzt anfragen! Die Residenz \u2013 Luxus Ruhe Eine neue Form der Gastlichkeit in Schloss Rosenau Herzlich willkommen im Hotel die Residenz! Genie\u00dfen Sie das Wohngef\u00fchl einer privaten Residenz mit dem exklusiven Service eines Hotels. Im mit viel Liebe zum Detail &hellip; <a href=\"https:\/\/www.dieresidenz.at\/de\/\">Weiter<\/a><\/p>\n","protected":false},"author":1,"featured_media":0,"parent":0,"menu_order":1,"comment_status":"closed","ping_status":"closed","template":"page-fullwidth.php","meta":{"ngg_post_thumbnail":0,"sfsi_plus_gutenberg_text_before_share":"","sfsi_plus_gutenberg_show_text_before_share":"","sfsi_plus_gutenberg_icon_type":"","sfsi_plus_gutenberg_icon_alignemt":"","sfsi_plus_gutenburg_max_per_row":""},"yoast_head":"<!-- This site is optimized with the Yoast SEO plugin v15.4 - https:\/\/yoast.com\/wordpress\/plugins\/seo\/ -->\n<title>Die Residenz - Die Residenz<\/title>\n<meta name=\"robots\" content=\"index, follow, max-snippet:-1, max-image-preview:large, max-video-preview:-1\" \/>\n<link rel=\"canonical\" href=\"https:\/\/www.dieresidenz.at\/de\/\" \/>\n<meta property=\"og:locale\" content=\"de_DE\" \/>\n<meta property=\"og:type\" content=\"article\" \/>\n<meta property=\"og:title\" content=\"Die Residenz\" \/>\n<meta property=\"og:description\" content=\"Jetzt anfragen! Die Residenz \u2013 Luxus Ruhe Eine neue Form der Gastlichkeit in Schloss Rosenau Herzlich willkommen im Hotel die Residenz! Genie\u00dfen Sie das Wohngef\u00fchl einer privaten Residenz mit dem exklusiven Service eines Hotels. Im mit viel Liebe zum Detail &hellip; Weiter\" \/>\n<meta property=\"og:url\" content=\"https:\/\/www.dieresidenz.at\/de\/\" \/>\n<meta property=\"og:site_name\" content=\"Die Residenz\" \/>\n<meta property=\"article:modified_time\" content=\"2023-10-30T12:55:12+00:00\" \/>\n<meta property=\"og:image\" content=\"https:\/\/www.dieresidenz.at\/wp-content\/uploads\/2018\/08\/baum_gruen-mit-rand-500x167.png\" \/>\n<meta name=\"twitter:card\" content=\"summary_large_image\" \/>\n<meta name=\"twitter:label1\" content=\"Geschrieben von\">\n\t<meta name=\"twitter:data1\" content=\"waltergrafik\">\n\t<meta name=\"twitter:label2\" content=\"Gesch\u00e4tzte Lesezeit\">\n\t<meta name=\"twitter:data2\" content=\"1\u00a0Minute\">\n<script type=\"application\/ld+json\" class=\"yoast-schema-graph\">{\"@context\":\"https:\/\/schema.org\",\"@graph\":[{\"@type\":\"WebSite\",\"@id\":\"https:\/\/www.dieresidenz.at\/de\/#website\",\"url\":\"https:\/\/www.dieresidenz.at\/de\/\",\"name\":\"Die Residenz\",\"description\":\"Luxus Ruhe \\u2013 Eine neue Form der Gastlichkeit in Schloss Rosenau im Waldviertel\",\"potentialAction\":[{\"@type\":\"SearchAction\",\"target\":\"https:\/\/www.dieresidenz.at\/de\/?s={search_term_string}\",\"query-input\":\"required name=search_term_string\"}],\"inLanguage\":\"de-DE-formal\"},{\"@type\":\"ImageObject\",\"@id\":\"https:\/\/www.dieresidenz.at\/de\/#primaryimage\",\"inLanguage\":\"de-DE-formal\",\"url\":\"https:\/\/www.dieresidenz.at\/wp-content\/uploads\/2018\/08\/baum_gruen-mit-rand.png\",\"width\":1500,\"height\":500,\"caption\":\"[:en]keltischer Baumkreis Trennsymbol in gr\\u00fcn[:]\"},{\"@type\":\"WebPage\",\"@id\":\"https:\/\/www.dieresidenz.at\/de\/#webpage\",\"url\":\"https:\/\/www.dieresidenz.at\/de\/\",\"name\":\"[:de]Die Residenz[:en]The Residenz[:] - Die Residenz\",\"isPartOf\":{\"@id\":\"https:\/\/www.dieresidenz.at\/de\/#website\"},\"primaryImageOfPage\":{\"@id\":\"https:\/\/www.dieresidenz.at\/de\/#primaryimage\"},\"datePublished\":\"2018-05-16T13:48:04+00:00\",\"dateModified\":\"2023-10-30T12:55:12+00:00\",\"inLanguage\":\"de-DE-formal\",\"potentialAction\":[{\"@type\":\"ReadAction\",\"target\":[\"https:\/\/www.dieresidenz.at\/de\/\"]}]}]}<\/script>\n<!-- \/ Yoast SEO plugin. -->","_links":{"self":[{"href":"https:\/\/www.dieresidenz.at\/de\/wp-json\/wp\/v2\/pages\/5"}],"collection":[{"href":"https:\/\/www.dieresidenz.at\/de\/wp-json\/wp\/v2\/pages"}],"about":[{"href":"https:\/\/www.dieresidenz.at\/de\/wp-json\/wp\/v2\/types\/page"}],"author":[{"embeddable":true,"href":"https:\/\/www.dieresidenz.at\/de\/wp-json\/wp\/v2\/users\/1"}],"replies":[{"embeddable":true,"href":"https:\/\/www.dieresidenz.at\/de\/wp-json\/wp\/v2\/comments?post=5"}],"version-history":[{"count":1512,"href":"https:\/\/www.dieresidenz.at\/de\/wp-json\/wp\/v2\/pages\/5\/revisions"}],"predecessor-version":[{"id":4865,"href":"https:\/\/www.dieresidenz.at\/de\/wp-json\/wp\/v2\/pages\/5\/revisions\/4865"}],"wp:attachment":[{"href":"https:\/\/www.dieresidenz.at\/de\/wp-json\/wp\/v2\/media?parent=5"}],"curies":[{"name":"wp","href":"https:\/\/api.w.org\/{rel}","templated":true}]}}