{"id":4014,"date":"2020-03-10T12:01:29","date_gmt":"2020-03-10T11:01:29","guid":{"rendered":"https:\/\/www.dieresidenz.at\/de\/?page_id=4014"},"modified":"2022-11-07T08:18:37","modified_gmt":"2022-11-07T07:18:37","slug":"aktuelles-2","status":"publish","type":"page","link":"https:\/\/www.dieresidenz.at\/de\/aktuelles-2\/","title":{"rendered":"Aktuelles"},"content":{"rendered":"<div id=\"pl-4014\"  class=\"panel-layout\" ><div id=\"pg-4014-0\"  class=\"panel-grid panel-no-style\" ><div id=\"pgc-4014-0-0\"  class=\"panel-grid-cell\" ><div id=\"panel-4014-0-0-0\" class=\"so-panel widget widget_sow-editor panel-first-child panel-last-child\" data-index=\"0\" ><div class=\"so-widget-sow-editor so-widget-sow-editor-base\">\n<div class=\"siteorigin-widget-tinymce textwidget\">\n\t<h1>Aktuelles<\/h1>\n<\/div>\n<\/div><\/div><\/div><\/div><div id=\"pg-4014-1\"  class=\"panel-grid panel-has-style\" ><div id=\"verbergen\" class=\"panel-row-style panel-row-style-for-4014-1\" ><div id=\"pgc-4014-1-0\"  class=\"panel-grid-cell\" ><div class=\"panel-cell-style panel-cell-style-for-4014-1-0\" ><div id=\"panel-4014-1-0-0\" class=\"so-panel widget widget_text panel-first-child panel-last-child\" data-index=\"1\" >\t\t\t<div class=\"textwidget\"><\/div>\n\t\t<\/div><\/div><\/div><div id=\"pgc-4014-1-1\"  class=\"panel-grid-cell\" ><div id=\"panel-4014-1-1-0\" class=\"so-panel widget widget_sow-editor panel-first-child panel-last-child\" data-index=\"2\" ><div class=\"so-widget-sow-editor so-widget-sow-editor-base\">\n<div class=\"siteorigin-widget-tinymce textwidget\">\n\t<div class=\"aktuelles-info\">\n<h2 class=\"entry-title\">Rendezvous<\/h2>\n<h4 class=\"entry-title\">zum romantischen Candle Light Fondue<\/h4>\n<p>an Freitagen ab 18 Uhr gegen Voranmeldung<\/p><\/div>\n<div class=\"button-r\"><a href=\"https:\/\/www.dieresidenz.at\/de\/2020\/03\/10\/rendezvous-zum-romantischen-candle-light-fondue\/\">Mehr Information<\/a><\/div>\n<\/div>\n<\/div><\/div><\/div><\/div><\/div><div id=\"pg-4014-2\"  class=\"panel-grid panel-no-style\" ><div id=\"pgc-4014-2-0\"  class=\"panel-grid-cell\" ><div class=\"panel-cell-style panel-cell-style-for-4014-2-0\" ><div id=\"panel-4014-2-0-0\" class=\"so-panel widget widget_text panel-first-child panel-last-child\" data-index=\"3\" >\t\t\t<div class=\"textwidget\"><p>&nbsp;<\/p>\n<\/div>\n\t\t<\/div><\/div><\/div><div id=\"pgc-4014-2-1\"  class=\"panel-grid-cell\" ><div id=\"panel-4014-2-1-0\" class=\"so-panel widget widget_sow-editor panel-first-child panel-last-child\" data-index=\"4\" ><div class=\"so-widget-sow-editor so-widget-sow-editor-base\">\n<div class=\"siteorigin-widget-tinymce textwidget\">\n\t<div class=\"aktuelles-info\">\n<h2 class=\"entry-title\">Happy day<\/h2>\n<h4 class=\"entry-title\">Happy birthday<\/h4>\n<p>Fr\u00fchst\u00fcck - Sonderw\u00fcnsche jederzeit m\u00f6glich!<br \/>\nPr\u00e4sent f\u00fcr das Geburtstagskind!<br \/>\nReservierung erbeten<\/p>\n<\/div>\n<div class=\"button-r\"><a href=\"https:\/\/www.dieresidenz.at\/de\/2019\/08\/01\/happy-birthday\/\">Mehr Information<\/a><\/div>\n<\/div>\n<\/div><\/div><\/div><\/div><div id=\"pg-4014-3\"  class=\"panel-grid panel-no-style\" ><div id=\"pgc-4014-3-0\"  class=\"panel-grid-cell\" ><div class=\"panel-cell-style panel-cell-style-for-4014-3-0\" ><div id=\"panel-4014-3-0-0\" class=\"so-panel widget widget_text panel-first-child panel-last-child\" data-index=\"5\" >\t\t\t<div class=\"textwidget\"><\/div>\n\t\t<\/div><\/div><\/div><div id=\"pgc-4014-3-1\"  class=\"panel-grid-cell\" ><div id=\"panel-4014-3-1-0\" class=\"so-panel widget widget_sow-editor panel-first-child panel-last-child\" data-index=\"6\" ><div class=\"so-widget-sow-editor so-widget-sow-editor-base\">\n<div class=\"siteorigin-widget-tinymce textwidget\">\n\t<div class=\"aktuelles-info\">\n<h2 class=\"entry-title\">Das Residenz Picknick<\/h2>\n<h4 class=\"entry-title\">Ein Picknick f\u00fcr erholsame Tage ...<\/h4>\n<p>... inmitten der unvergleichlich sch\u00f6nen Natur..<\/p>\n<\/div>\n<div class=\"button-r\"><a href=\"https:\/\/www.dieresidenz.at\/de\/2021\/03\/18\/picknick\/\">Mehr Information<\/a><\/div>\n<\/div>\n<\/div><\/div><\/div><\/div><div id=\"pg-4014-4\"  class=\"panel-grid panel-no-style\" ><div id=\"pgc-4014-4-0\"  class=\"panel-grid-cell\" ><div class=\"panel-cell-style panel-cell-style-for-4014-4-0\" ><div id=\"panel-4014-4-0-0\" class=\"so-panel widget widget_text panel-first-child panel-last-child\" data-index=\"7\" >\t\t\t<div class=\"textwidget\"><p>&nbsp;<\/p>\n<\/div>\n\t\t<\/div><\/div><\/div><div id=\"pgc-4014-4-1\"  class=\"panel-grid-cell\" ><div id=\"panel-4014-4-1-0\" class=\"so-panel widget widget_sow-editor panel-first-child panel-last-child\" data-index=\"8\" ><div class=\"so-widget-sow-editor so-widget-sow-editor-base\">\n<div class=\"siteorigin-widget-tinymce textwidget\">\n\t<div class=\"aktuelles-info\">\n<h2 class=\"entry-title\">Fr\u00fchlingszauber<\/h2>\n<h4 class=\"entry-title\">Genie\u00dfen Sie den Fr\u00fchlingszauber ...<\/h4>\n<p>... bei Vogelgezwitscher und tanken Sie Ihre Seele auf beim Anblick der vielf\u00e4ltigen, unvergleichlich sch\u00f6nen Landschaft - mitten im Herzen des Waldviertels.<\/p><\/div>\n<div class=\"button-r\"><a href=\"https:\/\/www.dieresidenz.at\/de\/2019\/03\/01\/fruehlingszauber\/\">Mehr Information<\/a><\/div>\n<\/div>\n<\/div><\/div><\/div><\/div><div id=\"pg-4014-5\"  class=\"panel-grid panel-no-style\" ><div id=\"pgc-4014-5-0\"  class=\"panel-grid-cell\" ><div class=\"panel-cell-style panel-cell-style-for-4014-5-0\" ><div id=\"panel-4014-5-0-0\" class=\"so-panel widget widget_text panel-first-child panel-last-child\" data-index=\"9\" >\t\t\t<div class=\"textwidget\"><p>&nbsp;<\/p>\n<\/div>\n\t\t<\/div><\/div><\/div><div id=\"pgc-4014-5-1\"  class=\"panel-grid-cell\" ><div id=\"panel-4014-5-1-0\" class=\"so-panel widget widget_sow-editor panel-first-child panel-last-child\" data-index=\"10\" ><div class=\"so-widget-sow-editor so-widget-sow-editor-base\">\n<div class=\"siteorigin-widget-tinymce textwidget\">\n\t<div class=\"aktuelles-info\">\n<h2 class=\"entry-title\">Fr\u00fchlingszauber Traumwoche<\/h2>\n<h4>Wir freuen uns Sie verw\u00f6hnen zu d\u00fcrfen.<\/h4>\n<p>Beginnen Sie Ihre Urlaubstage mit einem Begr\u00fc\u00dfungscocktail und tauchen Sie ein in die Atmosph\u00e4re der Ruhe, in der Zeit keine Rolle spielt.<\/p>\n<\/div>\n<div>&nbsp;<\/div>\n<div class=\"button-r\"><a href=\"https:\/\/www.dieresidenz.at\/de\/2022\/11\/07\/fruehlingszauber-traumwoche-fuer-2-2\/\">Mehr Information<\/a><\/div>\n<\/div>\n<\/div><\/div><\/div><\/div><div id=\"pg-4014-6\"  class=\"panel-grid panel-no-style\" ><div id=\"pgc-4014-6-0\"  class=\"panel-grid-cell\" ><div class=\"panel-cell-style panel-cell-style-for-4014-6-0\" ><div id=\"panel-4014-6-0-0\" class=\"so-panel widget widget_text panel-first-child panel-last-child\" data-index=\"11\" >\t\t\t<div class=\"textwidget\"><p>&nbsp;<\/p>\n<\/div>\n\t\t<\/div><\/div><\/div><div id=\"pgc-4014-6-1\"  class=\"panel-grid-cell\" ><div id=\"panel-4014-6-1-0\" class=\"so-panel widget widget_sow-editor panel-first-child panel-last-child\" data-index=\"12\" ><div class=\"so-widget-sow-editor so-widget-sow-editor-base\">\n<div class=\"siteorigin-widget-tinymce textwidget\">\n\t<div class=\"aktuelles-info\">\n<h2 class=\"entry-title\">Sommernachtstraum<\/h2>\n<h4 class=\"entry-title\">Warme Sonnenstrahlen ...<\/h4>\n<p>... bei Sommerhitze Teiche mit sauberem Wasser, Seen und angenehm k\u00fchle Abende und der Duft des Sommers erwarten Sie.<\/p><\/div>\n<div class=\"button-r\"><a href=\"https:\/\/www.dieresidenz.at\/de\/2019\/02\/01\/sommernachtstraum\/\">Mehr Information<\/a><\/div>\n<\/div>\n<\/div><\/div><\/div><\/div><div id=\"pg-4014-7\"  class=\"panel-grid panel-no-style\" ><div id=\"pgc-4014-7-0\"  class=\"panel-grid-cell\" ><div class=\"panel-cell-style panel-cell-style-for-4014-7-0\" ><div id=\"panel-4014-7-0-0\" class=\"so-panel widget widget_text panel-first-child panel-last-child\" data-index=\"13\" >\t\t\t<div class=\"textwidget\"><p>&nbsp;<\/p>\n<\/div>\n\t\t<\/div><\/div><\/div><div id=\"pgc-4014-7-1\"  class=\"panel-grid-cell\" ><div id=\"panel-4014-7-1-0\" class=\"so-panel widget widget_sow-editor panel-first-child panel-last-child\" data-index=\"14\" ><div class=\"so-widget-sow-editor so-widget-sow-editor-base\">\n<div class=\"siteorigin-widget-tinymce textwidget\">\n\t<div class=\"aktuelles-info\">\n<h2 class=\"entry-title\">Sommerfrischer Traumurlaub<\/h2>\n<h4 class=\"entry-title\">Wir freuen uns Sie verw\u00f6hnen zu d\u00fcrfen<\/h4>\n<p>Beginnen Sie Ihre Urlaubstage mit einem Begr\u00fc\u00dfungscocktail und tauchen Sie ein die Atmosph\u00e4re der Ruhe, in der Zeit keine Rolle spielt.<\/p>\n<\/div>\n<div class=\"button-r\"><a href=\"https:\/\/www.dieresidenz.at\/de\/2019\/01\/01\/sommerfrischer-traumurlaub\/\">Mehr Information<\/a><\/div>\n<\/div>\n<\/div><\/div><\/div><\/div><div id=\"pg-4014-8\"  class=\"panel-grid panel-no-style\" ><div id=\"pgc-4014-8-0\"  class=\"panel-grid-cell\" ><div class=\"panel-cell-style panel-cell-style-for-4014-8-0\" ><div id=\"panel-4014-8-0-0\" class=\"so-panel widget widget_text panel-first-child panel-last-child\" data-index=\"15\" >\t\t\t<div class=\"textwidget\"><p>&nbsp;<\/p>\n<\/div>\n\t\t<\/div><\/div><\/div><div id=\"pgc-4014-8-1\"  class=\"panel-grid-cell\" ><div id=\"panel-4014-8-1-0\" class=\"so-panel widget widget_sow-editor panel-first-child panel-last-child\" data-index=\"16\" ><div class=\"so-widget-sow-editor so-widget-sow-editor-base\">\n<div class=\"siteorigin-widget-tinymce textwidget\">\n\t<div class=\"aktuelles-info\">\n<h2 class=\"entry-title\">Bunter Herbstwanderurlaub<\/h2>\n<h4 class=\"entry-title\">Kultur, Genuss und Lebensfreude ...<\/h4>\n<p>... erwarten Sie im Hotel Die Residenz. Wandern Sie auf den Spuren des \"Grafen Schallenberg\".<\/p><\/div>\n<div class=\"button-r\"><a href=\"https:\/\/www.dieresidenz.at\/de\/2018\/10\/01\/bunter-herbstwanderurlaub\/\">Mehr Information<\/a><\/div>\n<\/div>\n<\/div><\/div><\/div><\/div><div id=\"pg-4014-9\"  class=\"panel-grid panel-no-style\" ><div id=\"pgc-4014-9-0\"  class=\"panel-grid-cell\" ><div class=\"panel-cell-style panel-cell-style-for-4014-9-0\" ><div id=\"panel-4014-9-0-0\" class=\"so-panel widget widget_text panel-first-child panel-last-child\" data-index=\"17\" >\t\t\t<div class=\"textwidget\"><p>&nbsp;<\/p>\n<\/div>\n\t\t<\/div><\/div><\/div><div id=\"pgc-4014-9-1\"  class=\"panel-grid-cell\" ><div id=\"panel-4014-9-1-0\" class=\"so-panel widget widget_sow-editor panel-first-child panel-last-child\" data-index=\"18\" ><div class=\"so-widget-sow-editor so-widget-sow-editor-base\">\n<div class=\"siteorigin-widget-tinymce textwidget\">\n\t<div class=\"aktuelles-info\">\n<h2 class=\"entry-title\">Romantische Herbstlandpartie<\/h2>\n<h4 class=\"entry-title\">Genie\u00dfen Sie die besondere Herbststimmung ...<\/h4>\n<p>... und tanken Sie Ihre Seele auf beim Anblick der vielf\u00e4ltigen, unvergleichlich sch\u00f6nen Landschaft im Waldviertel.<\/p><\/div>\n<div class=\"button-r\"><a href=\"https:\/\/www.dieresidenz.at\/de\/2018\/10\/01\/romantische-herbstlandpartie\/\">Mehr Information<\/a><\/div>\n<\/div>\n<\/div><\/div><\/div><\/div><div id=\"pg-4014-10\"  class=\"panel-grid panel-no-style\" ><div id=\"pgc-4014-10-0\"  class=\"panel-grid-cell\" ><div class=\"panel-cell-style panel-cell-style-for-4014-10-0\" ><div id=\"panel-4014-10-0-0\" class=\"so-panel widget widget_text panel-first-child panel-last-child\" data-index=\"19\" >\t\t\t<div class=\"textwidget\"><p>&nbsp;<\/p>\n<\/div>\n\t\t<\/div><\/div><\/div><div id=\"pgc-4014-10-1\"  class=\"panel-grid-cell\" ><div id=\"panel-4014-10-1-0\" class=\"so-panel widget widget_sow-editor panel-first-child panel-last-child\" data-index=\"20\" ><div class=\"so-widget-sow-editor so-widget-sow-editor-base\">\n<div class=\"siteorigin-widget-tinymce textwidget\">\n\t<div class=\"aktuelles-info\">\n<h2 class=\"entry-title\">Winterm\u00e4rchen<\/h2>\n<h4 class=\"entry-title\">\"Tr\u00e4umerei f\u00fcr Zwei\"<\/h4>\n<p>Wenn es drau\u00dfen st\u00fcrmt und schneit beginnt Ihr Winterm\u00e4rchen mit kleinen Gl\u00fccksmomenten.<\/p><\/div>\n<div class=\"button-r\"><a href=\"https:\/\/www.dieresidenz.at\/de\/2018\/05\/01\/wintermaerchen-traeumerei-fuer-zwei\/\">Mehr Information<\/a><\/div>\n<\/div>\n<\/div><\/div><\/div><\/div><div id=\"pg-4014-11\"  class=\"panel-grid panel-no-style\" ><div id=\"pgc-4014-11-0\"  class=\"panel-grid-cell\" ><div class=\"panel-cell-style panel-cell-style-for-4014-11-0\" ><div id=\"panel-4014-11-0-0\" class=\"so-panel widget widget_text panel-first-child panel-last-child\" data-index=\"21\" >\t\t\t<div class=\"textwidget\"><p>&nbsp;<\/p>\n<\/div>\n\t\t<\/div><\/div><\/div><div id=\"pgc-4014-11-1\"  class=\"panel-grid-cell\" ><div id=\"panel-4014-11-1-0\" class=\"so-panel widget widget_sow-editor panel-first-child panel-last-child\" data-index=\"22\" ><div class=\"so-widget-sow-editor so-widget-sow-editor-base\">\n<div class=\"siteorigin-widget-tinymce textwidget\">\n\t<div class=\"aktuelles-info\">\n<h2 class=\"entry-title\">Winterm\u00e4rchen<\/h2>\n<h4 class=\"entry-title\">Traumwoche f\u00fcr 2<\/h4>\n<p>Wenn es drau\u00dfen st\u00fcrmt und schneit beginnt Ihr Winterm\u00e4rchen mit kleinen Gl\u00fccksmomenten.<\/p><\/div>\n<div class=\"button-r\"><a href=\"https:\/\/www.dieresidenz.at\/de\/2018\/04\/01\/wintermaerchen-traumwoche-fuer-2\/\">Mehr Information<\/a><\/div>\n<\/div>\n<\/div><\/div><\/div><\/div><div id=\"pg-4014-12\"  class=\"panel-grid panel-no-style\" ><div id=\"pgc-4014-12-0\"  class=\"panel-grid-cell\" ><div class=\"panel-cell-style panel-cell-style-for-4014-12-0\" ><div id=\"panel-4014-12-0-0\" class=\"so-panel widget widget_text panel-first-child panel-last-child\" data-index=\"23\" >\t\t\t<div class=\"textwidget\"><p>&nbsp;<\/p>\n<\/div>\n\t\t<\/div><\/div><\/div><div id=\"pgc-4014-12-1\"  class=\"panel-grid-cell\" ><div id=\"panel-4014-12-1-0\" class=\"so-panel widget widget_sow-editor panel-first-child panel-last-child\" data-index=\"24\" ><div class=\"so-widget-sow-editor so-widget-sow-editor-base\">\n<div class=\"siteorigin-widget-tinymce textwidget\">\n\t<div class=\"aktuelles-info\">\n<h2 class=\"entry-title\">\u00d6ffnungszeiten<\/h2>\n<h4 class=\"entry-title\">Liebe G\u00e4ste ...<\/h4>\n<p>wir haben ganzt\u00e4gig ganzj\u00e4hrig nach Voranmeldung f\u00fcr Sie ge\u00f6ffnet.<\/p>\n<\/div>\n<div class=\"button-r\"><a href=\"https:\/\/www.dieresidenz.at\/de\/lage-kontakt\/\">Zu den Kontaktdaten<\/a><\/div>\n<\/div>\n<\/div><\/div><\/div><\/div><\/div>","protected":false},"excerpt":{"rendered":"<p>Aktuelles Rendezvous zum romantischen Candle Light Fondue an Freitagen ab 18 Uhr gegen Voranmeldung Mehr Information<\/p>\n","protected":false},"author":1,"featured_media":0,"parent":0,"menu_order":0,"comment_status":"closed","ping_status":"closed","template":"","meta":{"ngg_post_thumbnail":0,"sfsi_plus_gutenberg_text_before_share":"","sfsi_plus_gutenberg_show_text_before_share":"","sfsi_plus_gutenberg_icon_type":"","sfsi_plus_gutenberg_icon_alignemt":"","sfsi_plus_gutenburg_max_per_row":""},"yoast_head":"<!-- This site is optimized with the Yoast SEO plugin v15.4 - https:\/\/yoast.com\/wordpress\/plugins\/seo\/ -->\n<title>Aktuelles - Die Residenz<\/title>\n<meta name=\"robots\" content=\"index, follow, max-snippet:-1, max-image-preview:large, max-video-preview:-1\" \/>\n<link rel=\"canonical\" href=\"https:\/\/www.dieresidenz.at\/de\/aktuelles-2\/\" \/>\n<meta property=\"og:locale\" content=\"de_DE\" \/>\n<meta property=\"og:type\" content=\"article\" \/>\n<meta property=\"og:title\" content=\"Aktuelles\" \/>\n<meta property=\"og:description\" content=\"Aktuelles Rendezvous zum romantischen Candle Light Fondue an Freitagen ab 18 Uhr gegen Voranmeldung Mehr Information\" \/>\n<meta property=\"og:url\" content=\"https:\/\/www.dieresidenz.at\/de\/aktuelles-2\/\" \/>\n<meta property=\"og:site_name\" content=\"Die Residenz\" \/>\n<meta property=\"article:modified_time\" content=\"2022-11-07T07:18:37+00:00\" \/>\n<meta name=\"twitter:card\" content=\"summary_large_image\" \/>\n<meta name=\"twitter:label1\" content=\"Geschrieben von\">\n\t<meta name=\"twitter:data1\" content=\"waltergrafik\">\n\t<meta name=\"twitter:label2\" content=\"Gesch\u00e4tzte Lesezeit\">\n\t<meta name=\"twitter:data2\" content=\"1\u00a0Minute\">\n<script type=\"application\/ld+json\" class=\"yoast-schema-graph\">{\"@context\":\"https:\/\/schema.org\",\"@graph\":[{\"@type\":\"WebSite\",\"@id\":\"https:\/\/www.dieresidenz.at\/de\/#website\",\"url\":\"https:\/\/www.dieresidenz.at\/de\/\",\"name\":\"Die Residenz\",\"description\":\"Luxus Ruhe \\u2013 Eine neue Form der Gastlichkeit in Schloss Rosenau im Waldviertel\",\"potentialAction\":[{\"@type\":\"SearchAction\",\"target\":\"https:\/\/www.dieresidenz.at\/de\/?s={search_term_string}\",\"query-input\":\"required name=search_term_string\"}],\"inLanguage\":\"de-DE-formal\"},{\"@type\":\"WebPage\",\"@id\":\"https:\/\/www.dieresidenz.at\/de\/aktuelles-2\/#webpage\",\"url\":\"https:\/\/www.dieresidenz.at\/de\/aktuelles-2\/\",\"name\":\"[:de]Aktuelles[:] - Die Residenz\",\"isPartOf\":{\"@id\":\"https:\/\/www.dieresidenz.at\/de\/#website\"},\"datePublished\":\"2020-03-10T11:01:29+00:00\",\"dateModified\":\"2022-11-07T07:18:37+00:00\",\"inLanguage\":\"de-DE-formal\",\"potentialAction\":[{\"@type\":\"ReadAction\",\"target\":[\"https:\/\/www.dieresidenz.at\/de\/aktuelles-2\/\"]}]}]}<\/script>\n<!-- \/ Yoast SEO plugin. -->","_links":{"self":[{"href":"https:\/\/www.dieresidenz.at\/de\/wp-json\/wp\/v2\/pages\/4014"}],"collection":[{"href":"https:\/\/www.dieresidenz.at\/de\/wp-json\/wp\/v2\/pages"}],"about":[{"href":"https:\/\/www.dieresidenz.at\/de\/wp-json\/wp\/v2\/types\/page"}],"author":[{"embeddable":true,"href":"https:\/\/www.dieresidenz.at\/de\/wp-json\/wp\/v2\/users\/1"}],"replies":[{"embeddable":true,"href":"https:\/\/www.dieresidenz.at\/de\/wp-json\/wp\/v2\/comments?post=4014"}],"version-history":[{"count":154,"href":"https:\/\/www.dieresidenz.at\/de\/wp-json\/wp\/v2\/pages\/4014\/revisions"}],"predecessor-version":[{"id":4723,"href":"https:\/\/www.dieresidenz.at\/de\/wp-json\/wp\/v2\/pages\/4014\/revisions\/4723"}],"wp:attachment":[{"href":"https:\/\/www.dieresidenz.at\/de\/wp-json\/wp\/v2\/media?parent=4014"}],"curies":[{"name":"wp","href":"https:\/\/api.w.org\/{rel}","templated":true}]}}