{"id":3897,"date":"2019-11-05T10:19:42","date_gmt":"2019-11-05T09:19:42","guid":{"rendered":"https:\/\/www.dieresidenz.at\/de\/?page_id=3897"},"modified":"2020-11-11T08:32:36","modified_gmt":"2020-11-11T07:32:36","slug":"impressum","status":"publish","type":"page","link":"https:\/\/www.dieresidenz.at\/de\/impressum\/","title":{"rendered":"Impressum"},"content":{"rendered":"<div id=\"pl-3897\"  class=\"panel-layout\" ><div id=\"pg-3897-0\"  class=\"panel-grid panel-no-style\" ><div id=\"pgc-3897-0-0\"  class=\"panel-grid-cell panel-grid-cell-empty\" ><\/div><div id=\"pgc-3897-0-1\"  class=\"panel-grid-cell panel-grid-cell-mobile-last\" ><div id=\"panel-3897-0-1-0\" class=\"so-panel widget widget_sow-editor panel-first-child panel-last-child\" data-index=\"0\" ><div class=\"so-widget-sow-editor so-widget-sow-editor-base\">\n<div class=\"siteorigin-widget-tinymce textwidget\">\n\t<div>\n<h1>Impressum<\/h1>\n<p><b>Daten zum Unternehmen:&nbsp;<\/b><\/p>\n<p>Hotel die Residenz<\/p>\n<p>Margit Zulehner<\/p>\n<p>A-3924 Schloss Rosenau 5<br \/>\n(T) ++43 (0) 2822\/20201<br \/>\n(F) ++43 (0) 2822\/20201-108<br \/>\n(E) dieresidenz@wvnet.at<br \/>\nwww.dieresidenz.at<br \/>\nGanzj\u00e4hrig ge\u00f6ffnet<\/p>\n<p>&nbsp;<\/p>\n<h2>Datenschutzhinweis<\/h2>\n<p><strong>&nbsp;<\/strong><\/p>\n<p>Wir legen gr\u00f6\u00dften Wert auf den Schutz Ihrer Daten und die Wahrung Ihrer Privatsph\u00e4re. Nachstehend informieren wir Sie deshalb \u00fcber die Erhebung und Verwendung pers\u00f6nlicher Daten bei Nutzung unserer Webseite.<\/p>\n<p>Erhebung und Verarbeitung bei Nutzung des Kontaktformulars<br \/>\nBei Nutzung des Kontaktformulars erheben wir personenbezogene Daten (Einzelangaben \u00fcber pers\u00f6nliche oder sachliche Verh\u00e4ltnisse einer bestimmten oder bestimmbaren nat\u00fcrlichen Person) nur in dem von Ihnen zur Verf\u00fcgung gestellten Umfang. Ihre E\u2011Mail-Adresse nutzen wir nur zur Bearbeitung Ihrer Anfrage. Ihre Daten werden anschlie\u00dfend gel\u00f6scht, sofern Sie der weitergehenden Verarbeitung und Nutzung nicht zugestimmt haben.<\/p>\n<\/div>\n<\/div>\n<\/div><\/div><\/div><div id=\"pgc-3897-0-2\"  class=\"panel-grid-cell panel-grid-cell-empty\" ><\/div><\/div><\/div>","protected":false},"excerpt":{"rendered":"<p>Impressum Daten zum Unternehmen:&nbsp; Hotel die Residenz Margit Zulehner A-3924 Schloss Rosenau 5 (T) ++43 (0) 2822\/20201 (F) ++43 (0) 2822\/20201-108 (E) dieresidenz@wvnet.at www.dieresidenz.at Ganzj\u00e4hrig ge\u00f6ffnet &nbsp; Datenschutzhinweis &nbsp; Wir legen gr\u00f6\u00dften Wert auf den Schutz Ihrer Daten und die &hellip; <a href=\"https:\/\/www.dieresidenz.at\/de\/impressum\/\">Weiter<\/a><\/p>\n","protected":false},"author":1,"featured_media":0,"parent":0,"menu_order":0,"comment_status":"closed","ping_status":"closed","template":"","meta":{"ngg_post_thumbnail":0,"sfsi_plus_gutenberg_text_before_share":"","sfsi_plus_gutenberg_show_text_before_share":"","sfsi_plus_gutenberg_icon_type":"","sfsi_plus_gutenberg_icon_alignemt":"","sfsi_plus_gutenburg_max_per_row":""},"yoast_head":"<!-- This site is optimized with the Yoast SEO plugin v15.4 - https:\/\/yoast.com\/wordpress\/plugins\/seo\/ -->\n<title>Impressum - Die Residenz<\/title>\n<meta name=\"robots\" content=\"index, follow, max-snippet:-1, max-image-preview:large, max-video-preview:-1\" \/>\n<link rel=\"canonical\" href=\"https:\/\/www.dieresidenz.at\/de\/impressum\/\" \/>\n<meta property=\"og:locale\" content=\"de_DE\" \/>\n<meta property=\"og:type\" content=\"article\" \/>\n<meta property=\"og:title\" content=\"Impressum\" \/>\n<meta property=\"og:description\" content=\"Impressum Daten zum Unternehmen:&nbsp; Hotel die Residenz Margit Zulehner A-3924 Schloss Rosenau 5 (T) ++43 (0) 2822\/20201 (F) ++43 (0) 2822\/20201-108 (E) dieresidenz@wvnet.at www.dieresidenz.at Ganzj\u00e4hrig ge\u00f6ffnet &nbsp; Datenschutzhinweis &nbsp; Wir legen gr\u00f6\u00dften Wert auf den Schutz Ihrer Daten und die &hellip; Weiter\" \/>\n<meta property=\"og:url\" content=\"https:\/\/www.dieresidenz.at\/de\/impressum\/\" \/>\n<meta property=\"og:site_name\" content=\"Die Residenz\" \/>\n<meta property=\"article:modified_time\" content=\"2020-11-11T07:32:36+00:00\" \/>\n<meta name=\"twitter:card\" content=\"summary_large_image\" \/>\n<meta name=\"twitter:label1\" content=\"Geschrieben von\">\n\t<meta name=\"twitter:data1\" content=\"waltergrafik\">\n\t<meta name=\"twitter:label2\" content=\"Gesch\u00e4tzte Lesezeit\">\n\t<meta name=\"twitter:data2\" content=\"1\u00a0Minute\">\n<script type=\"application\/ld+json\" class=\"yoast-schema-graph\">{\"@context\":\"https:\/\/schema.org\",\"@graph\":[{\"@type\":\"WebSite\",\"@id\":\"https:\/\/www.dieresidenz.at\/de\/#website\",\"url\":\"https:\/\/www.dieresidenz.at\/de\/\",\"name\":\"Die Residenz\",\"description\":\"Luxus Ruhe \\u2013 Eine neue Form der Gastlichkeit in Schloss Rosenau im Waldviertel\",\"potentialAction\":[{\"@type\":\"SearchAction\",\"target\":\"https:\/\/www.dieresidenz.at\/de\/?s={search_term_string}\",\"query-input\":\"required name=search_term_string\"}],\"inLanguage\":\"de-DE-formal\"},{\"@type\":\"WebPage\",\"@id\":\"https:\/\/www.dieresidenz.at\/de\/impressum\/#webpage\",\"url\":\"https:\/\/www.dieresidenz.at\/de\/impressum\/\",\"name\":\"[:de]Impressum[:] - Die Residenz\",\"isPartOf\":{\"@id\":\"https:\/\/www.dieresidenz.at\/de\/#website\"},\"datePublished\":\"2019-11-05T09:19:42+00:00\",\"dateModified\":\"2020-11-11T07:32:36+00:00\",\"inLanguage\":\"de-DE-formal\",\"potentialAction\":[{\"@type\":\"ReadAction\",\"target\":[\"https:\/\/www.dieresidenz.at\/de\/impressum\/\"]}]}]}<\/script>\n<!-- \/ Yoast SEO plugin. -->","_links":{"self":[{"href":"https:\/\/www.dieresidenz.at\/de\/wp-json\/wp\/v2\/pages\/3897"}],"collection":[{"href":"https:\/\/www.dieresidenz.at\/de\/wp-json\/wp\/v2\/pages"}],"about":[{"href":"https:\/\/www.dieresidenz.at\/de\/wp-json\/wp\/v2\/types\/page"}],"author":[{"embeddable":true,"href":"https:\/\/www.dieresidenz.at\/de\/wp-json\/wp\/v2\/users\/1"}],"replies":[{"embeddable":true,"href":"https:\/\/www.dieresidenz.at\/de\/wp-json\/wp\/v2\/comments?post=3897"}],"version-history":[{"count":4,"href":"https:\/\/www.dieresidenz.at\/de\/wp-json\/wp\/v2\/pages\/3897\/revisions"}],"predecessor-version":[{"id":4322,"href":"https:\/\/www.dieresidenz.at\/de\/wp-json\/wp\/v2\/pages\/3897\/revisions\/4322"}],"wp:attachment":[{"href":"https:\/\/www.dieresidenz.at\/de\/wp-json\/wp\/v2\/media?parent=3897"}],"curies":[{"name":"wp","href":"https:\/\/api.w.org\/{rel}","templated":true}]}}