{"id":3636,"date":"2019-02-20T10:29:54","date_gmt":"2019-02-20T09:29:54","guid":{"rendered":"https:\/\/www.dieresidenz.at\/de\/?page_id=3636"},"modified":"2019-02-20T11:04:21","modified_gmt":"2019-02-20T10:04:21","slug":"gutscheine-2","status":"publish","type":"page","link":"https:\/\/www.dieresidenz.at\/de\/gutscheine-2\/","title":{"rendered":"Gutscheine"},"content":{"rendered":"<div id=\"pl-3636\"  class=\"panel-layout\" ><div id=\"pg-3636-0\"  class=\"panel-grid panel-no-style\" ><div id=\"pgc-3636-0-0\"  class=\"panel-grid-cell panel-grid-cell-empty\" ><\/div><div id=\"pgc-3636-0-1\"  class=\"panel-grid-cell panel-grid-cell-mobile-last\" ><div id=\"panel-3636-0-1-0\" class=\"so-panel widget widget_sow-editor panel-first-child panel-last-child\" data-index=\"0\" ><div class=\"so-widget-sow-editor so-widget-sow-editor-base\">\n<div class=\"siteorigin-widget-tinymce textwidget\">\n\t<h1>Gutschein bestellen<\/h1>\n<div role=\"form\" class=\"wpcf7\" id=\"wpcf7-f3637-o1\" lang=\"de-DE\" dir=\"ltr\">\n<div class=\"screen-reader-response\"><p role=\"status\" aria-live=\"polite\" aria-atomic=\"true\"><\/p> <ul><\/ul><\/div>\n<form action=\"\/de\/wp-json\/wp\/v2\/pages\/3636#wpcf7-f3637-o1\" method=\"post\" class=\"wpcf7-form init\" novalidate=\"novalidate\" data-status=\"init\">\n<div style=\"display: none;\">\n<input type=\"hidden\" name=\"_wpcf7\" value=\"3637\" \/>\n<input type=\"hidden\" name=\"_wpcf7_version\" value=\"5.3\" \/>\n<input type=\"hidden\" name=\"_wpcf7_locale\" value=\"de_DE_formal\" \/>\n<input type=\"hidden\" name=\"_wpcf7_unit_tag\" value=\"wpcf7-f3637-o1\" \/>\n<input type=\"hidden\" name=\"_wpcf7_container_post\" value=\"0\" \/>\n<input type=\"hidden\" name=\"_wpcf7_posted_data_hash\" value=\"\" \/>\n<input type=\"hidden\" name=\"lang\" value=\"de\" \/>\n<\/div>\n<p><label> Anrede:<br \/>\n<span class=\"wpcf7-form-control-wrap Anrede\"><select name=\"Anrede\" class=\"wpcf7-form-control wpcf7-select\" aria-invalid=\"false\"><option value=\"\">---<\/option><option value=\"Frau\">Frau<\/option><option value=\"Herr\">Herr<\/option><option value=\"Familie\">Familie<\/option><option value=\"Firma\">Firma<\/option><\/select><\/span> <\/label><\/p>\n<p><label> Titel:<br \/>\n    <span class=\"wpcf7-form-control-wrap titel\"><input type=\"text\" name=\"titel\" value=\"\" size=\"40\" class=\"wpcf7-form-control wpcf7-text\" aria-invalid=\"false\" \/><\/span> <\/label><\/p>\n<p><label> Nachname (Pflichtfeld)<br \/>\n    <span class=\"wpcf7-form-control-wrap your-nname\"><input type=\"text\" name=\"your-nname\" value=\"\" size=\"40\" class=\"wpcf7-form-control wpcf7-text wpcf7-validates-as-required\" aria-required=\"true\" aria-invalid=\"false\" \/><\/span> <\/label><\/p>\n<p><label> Vorname (Pflichtfeld)<br \/>\n    <span class=\"wpcf7-form-control-wrap your-vname\"><input type=\"text\" name=\"your-vname\" value=\"\" size=\"40\" class=\"wpcf7-form-control wpcf7-text wpcf7-validates-as-required\" aria-required=\"true\" aria-invalid=\"false\" \/><\/span> <\/label><\/p>\n<p><label> Ihre E-Mail-Adresse (Pflichtfeld)<br \/>\n    <span class=\"wpcf7-form-control-wrap your-email\"><input type=\"email\" name=\"your-email\" value=\"\" size=\"40\" class=\"wpcf7-form-control wpcf7-text wpcf7-email wpcf7-validates-as-required wpcf7-validates-as-email\" aria-required=\"true\" aria-invalid=\"false\" \/><\/span> <\/label><\/p>\n<p><label> Wert des Gutscheines eingeben (Pflichtfeld)<br \/>\n<span class=\"wpcf7-form-control-wrap number-342\"><input type=\"number\" name=\"number-342\" value=\"\" class=\"wpcf7-form-control wpcf7-number wpcf7-validates-as-required wpcf7-validates-as-number\" aria-required=\"true\" aria-invalid=\"false\" \/><\/span> (W\u00e4hrung in \u20ac)<\/label><\/p>\n<p><label> Gutscheinwunsch z.B. Kinofr\u00fchst\u00fcck<br \/>\n    <span class=\"wpcf7-form-control-wrap your-gname\"><input type=\"text\" name=\"your-gname\" value=\"\" size=\"40\" class=\"wpcf7-form-control wpcf7-text\" aria-invalid=\"false\" \/><\/span> <\/label><\/p>\n<p><label> Abholungs-\/Zustellungsart ausw\u00e4hlen<br \/>\n<span class=\"wpcf7-form-control-wrap menu-585\"><select name=\"menu-585\" class=\"wpcf7-form-control wpcf7-select wpcf7-validates-as-required\" aria-required=\"true\" aria-invalid=\"false\"><option value=\"Selbstabholung\">Selbstabholung<\/option><option value=\"Zusendung per Post\">Zusendung per Post<\/option><\/select><\/span> <\/label><\/p>\n<p><label> Sollten Sie ZUSENDUNG PER POST AUSGEW\u00c4HLT haben bitten wir Sie hier Ihre Adresse bekannt zu geben um den Gutschein \u00fcbermitteln zu k\u00f6nnen<br \/>\n    <span class=\"wpcf7-form-control-wrap your-message\"><textarea name=\"your-message\" cols=\"40\" rows=\"10\" class=\"wpcf7-form-control wpcf7-textarea\" aria-invalid=\"false\"><\/textarea><\/span> <\/label><\/p>\n<p><input type=\"submit\" value=\"Senden\" class=\"wpcf7-form-control wpcf7-submit\" \/><\/p>\n<div class=\"wpcf7-response-output\" aria-hidden=\"true\"><\/div><\/form><\/div>\n<p>&nbsp;<\/p>\n<h2>Zahlungsinformation:<\/h2>\n<p>Selbstabholung: die Zahlung erfolgt bei der \u00dcbergabe in bar<br \/>\nZusendung per Post: die Zahlung erfolt mit Zahlschein im nachhinein<\/p>\n<\/div>\n<\/div><\/div><\/div><div id=\"pgc-3636-0-2\"  class=\"panel-grid-cell panel-grid-cell-empty\" ><\/div><\/div><\/div>","protected":false},"excerpt":{"rendered":"<p>Gutschein bestellen &nbsp; Zahlungsinformation: Selbstabholung: die Zahlung erfolgt bei der \u00dcbergabe in bar Zusendung per Post: die Zahlung erfolt mit Zahlschein im nachhinein<\/p>\n","protected":false},"author":1,"featured_media":0,"parent":0,"menu_order":0,"comment_status":"closed","ping_status":"closed","template":"page-feature.php","meta":{"ngg_post_thumbnail":0,"sfsi_plus_gutenberg_text_before_share":"","sfsi_plus_gutenberg_show_text_before_share":"","sfsi_plus_gutenberg_icon_type":"","sfsi_plus_gutenberg_icon_alignemt":"","sfsi_plus_gutenburg_max_per_row":""},"yoast_head":"<!-- This site is optimized with the Yoast SEO plugin v15.4 - https:\/\/yoast.com\/wordpress\/plugins\/seo\/ -->\n<title>Gutscheine - Die Residenz<\/title>\n<meta name=\"robots\" content=\"index, follow, max-snippet:-1, max-image-preview:large, max-video-preview:-1\" \/>\n<link rel=\"canonical\" href=\"https:\/\/www.dieresidenz.at\/de\/gutscheine-2\/\" \/>\n<meta property=\"og:locale\" content=\"de_DE\" \/>\n<meta property=\"og:type\" content=\"article\" \/>\n<meta property=\"og:title\" content=\"Gutscheine\" \/>\n<meta property=\"og:description\" content=\"Gutschein bestellen &nbsp; Zahlungsinformation: Selbstabholung: die Zahlung erfolgt bei der \u00dcbergabe in bar Zusendung per Post: die Zahlung erfolt mit Zahlschein im nachhinein\" \/>\n<meta property=\"og:url\" content=\"https:\/\/www.dieresidenz.at\/de\/gutscheine-2\/\" \/>\n<meta property=\"og:site_name\" content=\"Die Residenz\" \/>\n<meta property=\"article:modified_time\" content=\"2019-02-20T10:04:21+00:00\" \/>\n<meta name=\"twitter:card\" content=\"summary_large_image\" \/>\n<meta name=\"twitter:label1\" content=\"Geschrieben von\">\n\t<meta name=\"twitter:data1\" content=\"waltergrafik\">\n\t<meta name=\"twitter:label2\" content=\"Gesch\u00e4tzte Lesezeit\">\n\t<meta name=\"twitter:data2\" content=\"0\u00a0Minuten\">\n<script type=\"application\/ld+json\" class=\"yoast-schema-graph\">{\"@context\":\"https:\/\/schema.org\",\"@graph\":[{\"@type\":\"WebSite\",\"@id\":\"https:\/\/www.dieresidenz.at\/de\/#website\",\"url\":\"https:\/\/www.dieresidenz.at\/de\/\",\"name\":\"Die Residenz\",\"description\":\"Luxus Ruhe \\u2013 Eine neue Form der Gastlichkeit in Schloss Rosenau im Waldviertel\",\"potentialAction\":[{\"@type\":\"SearchAction\",\"target\":\"https:\/\/www.dieresidenz.at\/de\/?s={search_term_string}\",\"query-input\":\"required name=search_term_string\"}],\"inLanguage\":\"de-DE-formal\"},{\"@type\":\"WebPage\",\"@id\":\"https:\/\/www.dieresidenz.at\/de\/gutscheine-2\/#webpage\",\"url\":\"https:\/\/www.dieresidenz.at\/de\/gutscheine-2\/\",\"name\":\"[:de]Gutscheine[:en]Gutscheine[:] - Die Residenz\",\"isPartOf\":{\"@id\":\"https:\/\/www.dieresidenz.at\/de\/#website\"},\"datePublished\":\"2019-02-20T09:29:54+00:00\",\"dateModified\":\"2019-02-20T10:04:21+00:00\",\"inLanguage\":\"de-DE-formal\",\"potentialAction\":[{\"@type\":\"ReadAction\",\"target\":[\"https:\/\/www.dieresidenz.at\/de\/gutscheine-2\/\"]}]}]}<\/script>\n<!-- \/ Yoast SEO plugin. -->","_links":{"self":[{"href":"https:\/\/www.dieresidenz.at\/de\/wp-json\/wp\/v2\/pages\/3636"}],"collection":[{"href":"https:\/\/www.dieresidenz.at\/de\/wp-json\/wp\/v2\/pages"}],"about":[{"href":"https:\/\/www.dieresidenz.at\/de\/wp-json\/wp\/v2\/types\/page"}],"author":[{"embeddable":true,"href":"https:\/\/www.dieresidenz.at\/de\/wp-json\/wp\/v2\/users\/1"}],"replies":[{"embeddable":true,"href":"https:\/\/www.dieresidenz.at\/de\/wp-json\/wp\/v2\/comments?post=3636"}],"version-history":[{"count":16,"href":"https:\/\/www.dieresidenz.at\/de\/wp-json\/wp\/v2\/pages\/3636\/revisions"}],"predecessor-version":[{"id":3654,"href":"https:\/\/www.dieresidenz.at\/de\/wp-json\/wp\/v2\/pages\/3636\/revisions\/3654"}],"wp:attachment":[{"href":"https:\/\/www.dieresidenz.at\/de\/wp-json\/wp\/v2\/media?parent=3636"}],"curies":[{"name":"wp","href":"https:\/\/api.w.org\/{rel}","templated":true}]}}