{"id":2497,"date":"2018-08-14T10:24:07","date_gmt":"2018-08-14T08:24:07","guid":{"rendered":"https:\/\/www.dieresidenz.at\/?page_id=2497"},"modified":"2019-11-05T13:28:47","modified_gmt":"2019-11-05T12:28:47","slug":"datenschutz","status":"publish","type":"page","link":"https:\/\/www.dieresidenz.at\/de\/datenschutz\/","title":{"rendered":"Datenschutzerkl\u00e4rung"},"content":{"rendered":"<div id=\"pl-2497\"  class=\"panel-layout\" ><div id=\"pg-2497-0\"  class=\"panel-grid panel-no-style\" ><div id=\"pgc-2497-0-0\"  class=\"panel-grid-cell\" ><div id=\"panel-2497-0-0-0\" class=\"so-panel widget widget_sow-editor panel-first-child panel-last-child\" data-index=\"0\" ><div class=\"so-widget-sow-editor so-widget-sow-editor-base\">\n<div class=\"siteorigin-widget-tinymce textwidget\">\n\t<div>\n<h1 style=\"text-align: center;\">Erkl\u00e4rung zur Informationspflicht<\/h1>\n<h4><\/h4>\n<h4 id=\"heading__Datenschutzerklaerung_\">(Datenschutzerkl\u00e4rung)<\/h4>\n<p>Der Schutz Ihrer pers\u00f6nlichen Daten ist uns ein besonderes Anliegen. Wir verarbeiten Ihre Daten daher ausschlie\u00dflich auf Grundlage der gesetzlichen Bestimmungen (<span class=\"caps\">DSGVO<\/span>, <span class=\"caps\">TKG<\/span> 2003). In diesen Datenschutzinformationen informieren wir Sie \u00fcber die wichtigsten Aspekte der Datenverarbeitung im Rahmen unserer Website.<\/p>\n<h3 id=\"heading_Cookies\">Cookies<\/h3>\n<p>Unsere Website verwendet so genannte Cookies. Dabei handelt es sich um kleine Textdateien, die mit Hilfe des Browsers auf Ihrem Endger\u00e4t abgelegt werden. Sie richten keinen Schaden an.<\/p>\n<p>Wir nutzen Cookies dazu, unser Angebot nutzerfreundlich zu gestalten. Einige Cookies bleiben auf Ihrem Endger\u00e4t gespeichert, bis Sie diese l\u00f6schen. Sie erm\u00f6glichen es uns, Ihren Browser beim n\u00e4chsten Besuch wiederzuerkennen.<\/p>\n<p>Wenn Sie dies nicht w\u00fcnschen, so k\u00f6nnen Sie Ihren Browser so einrichten, dass er Sie \u00fcber das Setzen von Cookies informiert und Sie dies nur im Einzelfall erlauben.<\/p>\n<p>Bei der Deaktivierung von Cookies kann die Funktionalit\u00e4t unserer Website eingeschr\u00e4nkt sein.<\/p>\n<h3 id=\"heading_Kontakt_mit_uns\">Kontakt mit uns<\/h3>\n<p>Wenn Sie per E-Mail Kontakt mit uns aufnehmen, werden Ihre angegebenen Daten zwecks Bearbeitung der Anfrage und f\u00fcr den Fall von Anschlussfragen sechs Monate bei uns gespeichert. Diese Daten geben wir nicht ohne Ihre Einwilligung weiter.<\/p>\n<h3>Facebook-Plugins (Like-Button)<\/h3>\n<p>Auf dieser Seite sind Plugins des sozialen Netzwerks Facebook, 1601 South California Avenue, Palo Alto, <span class=\"caps\">CA<\/span> 94304, <span class=\"caps\">USA<\/span> integriert. Die Facebook-Plugins erkennen Sie an dem Facebook-Logo oder dem \u201eLike-Button\u201c (\u201eGef\u00e4llt mir\u201c) auf dieser Seite. Eine \u00dcbersicht \u00fcber die Facebook-Plugins finden Sie hier:\u00a0<a href=\"https:\/\/developers.facebook.com\/docs\/plugins\/\">https:\/\/developers.facebook.com\/docs\/plugins\/<\/a>.<\/p>\n<p>Wenn Sie unsere Seiten besuchen, wird \u00fcber das Plugin eine direkte Verbindung zwischen Ihrem Browser und dem Facebook-Server hergestellt. Facebook erh\u00e4lt dadurch die Information, dass Sie mit Ihrer IP-Adresse unsere Seite besucht haben. Wenn Sie den Facebook \u201eLike-Button\u201c anklicken, w\u00e4hrend Sie in Ihrem Facebook-Account eingeloggt sind, k\u00f6nnen Sie die Inhalte unserer Seiten auf Ihrem Facebook-Profil verlinken. Dadurch kann Facebook den Besuch unserer Seiten Ihrem Benutzerkonto zuordnen. Wir weisen darauf hin, dass wir als Anbieter der Seiten keine Kenntnis vom Inhalt der \u00fcbermittelten Daten sowie deren Nutzung durch Facebook erhalten. Weitere Informationen hierzu finden Sie in der Datenschutzerkl\u00e4rung von Facebook unter\u00a0<a href=\"https:\/\/www.facebook.com\/policy.php\">https:\/\/www.facebook.com\/policy.php.<\/a>\u00a0Wenn Sie nicht w\u00fcnschen, dass Facebook den Besuch unserer Seiten Ihrem Facebook- Nutzerkonto zuordnen\u00a0kann, loggen Sie sich bitte aus Ihrem Facebook-Benutzerkonto aus.<\/p>\n<h3>Datenschutzhinweise Facebook-Seite<\/h3>\n<p><strong>Name und Anschrift der Verantwortlichen:<\/strong><br \/>\nGemeinsam Verantwortliche f\u00fcr den Betrieb dieser Facebook-Seite sind im Sinne der EU-Datenschutz-Grundverordnung sowie sonstiger datenschutzrechtlicher Bestimmungen die:<\/p>\n<p>Facebook Ireland Ltd. (nachfolgend \u201eFacebook\u201c)<\/p>\n<p>4 Grand Canal Square<br \/>\nGrand Canal Harbour<br \/>\nDublin 2<br \/>\nIrland<\/p>\n<p>und<\/p>\n<p class=\"p1\"><strong>Hotel <\/strong><strong>die Residenz **** superior<br \/>\n<\/strong><strong>Margit Zulehner<br \/>\n<\/strong>A-3924 Schloss Rosenau 5<br \/>\n(T) ++43 (0) 2822\/20201<br \/>\n(F) ++43 (0) 2822\/20201-108<br \/>\n(E) dieresidenz@wvnet.at<br \/>\nwww.dieresidenz.at<\/p>\n<p>&nbsp;<\/p>\n<p><strong>Informationen \u00fcber unsere Facebook-Seite.<\/strong><br \/>\nWir betreiben diese Seite, um auf unsere Dienstleistungen\/Produkte aufmerksam zu machen und um mit Ihnen als Besucher und Benutzer dieser Facebook-Seite sowie<br \/>\nunsere Webseite in Kontakt zu treten. Weitere Informationen \u00fcber uns sowie \u00fcber unsere<br \/>\nT\u00e4tigkeiten, Unternehmen etc. erhalten Sie auf unserer Webseite unter https:\/\/www.waltergrafik.at\/<\/p>\n<p>Wir als Betreiber der FacebookSeite haben kein Interesse an der Erhebung und weiteren Verarbeitung Ihrer individuellen personenbezogenen Daten zu Analyse- oder Marketingzwecken. Weiterf\u00fchrende Hinweise zu unserem Umgang mit personenbezogenen Daten finden Sie in unserer Datenschutzerkl\u00e4rung unserer Webseite unter <a href=\"https:\/\/www.dieresidenz.at\/datenschutz\/\">https:\/\/www.dieresidenz.at\/datenschutz\/<\/a><\/p>\n<p>Der Betrieb dieser Facebook-Seite unter Einbezug der Verarbeitung der personenbezogenen Daten der Nutzer erfolgt auf Grundlage unserer berechtigten Interessen an einer zeitgem\u00e4\u00dfen und unterst\u00fctzenden Informations- und Interaktionsm\u00f6glichkeit f\u00fcr und mit unseren Nutzern und Besuchern gem. Art. 6 Abs. 1 lit. f. <span class=\"caps\">DSGVO<\/span>.<\/p>\n<p><strong>Verarbeitung von Personenbezogenen Daten durch Facebook<\/strong><\/p>\n<p>Der Europ\u00e4ische Gerichtshof (EuGH) hat in seinem Urteil vom 5. Juni 2018 entschieden (<a href=\"https:\/\/curia.europa.eu\/juris\/document\/document.jsf?text=&docid=202543&pageIndex=0&doclang=DE&mode=req&dir=&occ=first&part=1&cid=298398\">https:\/\/curia.europa.eu\/juris\/document\/document.jsf?text=<span class=\"amp\">&<\/span>docid=202543<span class=\"amp\">&<\/span>pageIndex=0<span class=\"amp\">&<\/span>doclang=<span class=\"caps\">DE<\/span><span class=\"amp\">&<\/span>mode=req<span class=\"amp\">&<\/span>dir=<span class=\"amp\">&<\/span>occ=first<span class=\"amp\">&<\/span>part=1<span class=\"amp\">&<\/span>cid=298398<\/a> setzen), dass der Betreiber einer Facebook- Seite gemeinsam mit Facebook f\u00fcr die Verarbeitung personenbezogener Daten verantwortlich ist.<\/p>\n<p>Uns ist bekannt, dass Facebook die Daten der Nutzer zu folgenden Zwecken verarbeitet: Werbung (Analyse, Erstellung personalisierter Werbung), Erstellung von Nutzerprofilen, Marktforschung. Facebook setzt zur Speicherung und weiteren Verarbeitung dieser Informationen Cookies ein, also kleine Textdateien, die auf den verschiedenen Endger\u00e4ten der Benutzer gespeichert werden. Sofern der Benutzer ein Facebook- Profil besitzt und bei diesem eingeloggt ist, erfolgt die Speicherung und Analyse auch ger\u00e4te\u00fcbergreifend.<\/p>\n<p>Die Datenschutzerkl\u00e4rung von Facebook enth\u00e4lt weitere Informationen zur Datenverarbeitung: <a href=\"https:\/\/www.facebook.com\/about\/privacy\/\">https:\/\/www.facebook.com\/about\/privacy\/<\/a><\/p>\n<p>Widerspruchsm\u00f6glichkeiten (sog. Opt-Out) k\u00f6nnen hier: <a href=\"https:\/\/www.facebook.com\/settings?tab=ads\">https:\/\/www.facebook.com\/settings?tab=ads<\/a> und hier <a href=\"https:\/\/www.youronlinechoices.com\">https:\/\/www.youronlinechoices.com<\/a> gesetzt werden.<\/p>\n<p>Facebook Inc., der US-amerikanische Mutterkonzern der Facebook Ireland Ltd. ist unter dem <span class=\"caps\">EU-U<\/span>.S. Privacy-Shield zertifiziert und gibt damit die Zusage, sich an europ\u00e4ische Datenschutzrichtlinien zu halten. Weitere Informationen zum Privacy-Shield-Status von Facebook gibt es hier: <a href=\"https:\/\/www.privacyshield.gov\/participant?id=a2zt0000000GnywAAC&status=Active\">https:\/\/www.privacyshield.gov\/participant?id=a2zt0000000GnywAAC<span class=\"amp\">&<\/span>status=Active<\/a>.<\/p>\n<p>Die \u00dcbermittlung und weitere Verarbeitung personenbezogener Daten der Benutzer in Drittl\u00e4nder, wie z.B. die <span class=\"caps\">USA<\/span>, sowie die damit verbundenen eventuellen Risiken f\u00fcr die Benutzer k\u00f6nnen von uns als Betreiber der Seite nicht ausgeschlossen werden.<\/p>\n<p><strong>Statistische Daten<\/strong><br \/>\n\u00dcber die sogenannten \u201eInsights\u201c der Facebook-Seite sind statistische Daten unterschiedlicher Kategorien f\u00fcr uns abrufbar. Diese Statistiken werden durch Facebook erzeugt und bereitgestellt. Auf die Erzeugung und Darstellung haben wir als Betreiber der Seite keinen Einfluss. Wir k\u00f6nnen diese Funktion nicht abstellen oder die Erzeugung und Verarbeitung der Daten nicht verhindern. F\u00fcr einen w\u00e4hlbaren Zeitraum sowie jeweils f\u00fcr die Kategorien Fans, Abonnenten, erreichte Personen und interagierende Personen werden uns bezogen auf unsere Facebook-Seite nach folgende Daten durch Facebook<br \/>\nbereitgestellt:<\/p>\n<p>Gesamtanzahl von Seitenaufrufen, \u201eGef\u00e4llt mir\u201c-Angaben, Seitenaktivit\u00e4ten, Beitragsinteraktionen, Reichweite, Videoansichten, Beitragsreichweite, Kommentare, Geteilte Inhalten, Antworten, Anteil M\u00e4nner und Frauen, Herkunft bezogen auf Land und Stadt, Sprache, Aufrufe und Klicks im Shop, Klicks auf Routenplaner, Klicks auf Telefonnummern. Ebenfalls werden auf diesem Wege Daten zu den mit unserer Facebook-Seite verkn\u00fcpften Facebook-Gruppen bereitgestellt. Durch die st\u00e4ndige Entwicklung von Facebook ver\u00e4ndert sich die Verf\u00fcgbarkeit und die Aufbereitung der Daten, sodass wir f\u00fcr weitere Details dazu auf die bereits o.g. Datenschutzerkl\u00e4rung von Facebook verweisen.<\/p>\n<p>Wir nutzen diese in aggregierter Form verf\u00fcgbaren Daten, um unsere Beitr\u00e4ge und Aktivit\u00e4ten auf unserer Facebook-Seite f\u00fcr die Benutzer attraktiver zu machen. So nutzen wir z.B. die Verteilungen nach Alter und Geschlecht f\u00fcr eine angepasste Ansprache und die bevorzugten Besuchszeiten der Nutzer f\u00fcr eine zeitlich optimierte Planung unserer Beitr\u00e4ge. Informationen \u00fcber die Art der verwendeten Endger\u00e4te von Besuchern helfen uns dabei, die Beitr\u00e4ge optisch-gestalterisch daran anzupassen.<br \/>\nEntsprechend der Facebook-Nutzungsbedingungen, denen jeder Benutzer im Rahmen der Erstellung eines Facebook-Profils zugestimmt hat, k\u00f6nnen wir die Abonnenten und Fans der Seite identifizieren und deren Profile sowie weitere geteilte Informationen von ihnen einsehen.<\/p>\n<p><strong>Rechte der Benutzer<\/strong><br \/>\nDa nur Facebook den vollst\u00e4ndigen Zugriff auf die Benutzerdaten hat, empfehlen wir Ihnen, sich direkt an Facebook zu wenden, wenn Sie Auskunftsanfragen oder andere Fragen zu Ihren Rechten<br \/>\nals Benutzer stellen m\u00f6chten (z.B. Recht auf L\u00f6schung). Sollten Sie dabei Unterst\u00fctzung ben\u00f6tigen oder anderweitige Fragen haben, dann kontaktieren Sie uns gerne unter per E-Mail unter gabi@waltergrafik.at oder georg@waltergrafik.at. Wenn Sie die hier beschriebenen Datenverarbeitungen zuk\u00fcnftig nicht mehr w\u00fcnschen, dann heben Sie bitte durch Nutzung der Funktion \u201eDiese Seite gef\u00e4llt mir nicht mehr\u201c die Verbindung Ihres Benutzer-Profils zu unserer Seite auf.<\/p>\n<p>Stand der Informationen: 14.06.2018<br \/>\n\u00a9 2018 Rechtsanw\u00e4ltin Sabrina Keese-Haufs<\/p>\n<h3>Google Web Fonts<\/h3>\n<p>Diese Seite nutzt zur einheitlichen Darstellung von Schriftarten so genannte Web Fonts, die von Google bereitgestellt werden. Beim Aufruf einer Seite l\u00e4dt Ihr Browser die ben\u00f6tigten Web Fonts in Ihren Browsercache, um Texte und Schriftarten korrekt anzuzeigen.<\/p>\n<p>Zu diesem Zweck muss der von Ihnen verwendete Browser Verbindung zu den Servern von Google aufnehmen. Hierdurch erlangt Google Kenntnis dar\u00fcber, dass \u00fcber Ihre IP-Adresse unsere Website aufgerufen wurde. Die Nutzung von Google Web Fonts erfolgt im Interesse einer einheitlichen und ansprechenden Darstellung unserer Online-Angebote. Dies stellt ein berechtigtes Interesse im Sinne von Art. 6 Abs. 1 lit. f <span class=\"caps\">DSGVO<\/span> dar.<\/p>\n<p>Wenn Ihr Browser Web Fonts nicht unterst\u00fctzt, wird eine Standardschrift von Ihrem Computer genutzt.<br \/>\nWeitere Informationen zu Google Web Fonts finden Sie unter <a href=\"https:\/\/developers.google.com\/fonts\/faq\">https:\/\/developers.google.com\/fonts\/faq<\/a> und in der Datenschutzerkl\u00e4rung von Google: <a href=\"https:\/\/www.google.com\/policies\/privacy\/\">https:\/\/www.google.com\/policies\/privacy\/.<\/a><\/p>\n<h3>YouTube<\/h3>\n<p>Unsere Website nutzt Plugins der von Google betriebenen Seite YouTube. Betreiber der Seiten ist die YouTube, <span class=\"caps\">LLC<\/span>, 901 Cherry Ave., San Bruno, <span class=\"caps\">CA<\/span> 94066, <span class=\"caps\">USA<\/span>. Wenn Sie eine<br \/>\nunserer mit einem YouTube-Plugin ausgestatteten Seiten besuchen, wird eine Verbindung zu den Servern von YouTube hergestellt. Dabei wird dem Youtube-Server mitgeteilt, welche unserer Seiten Sie besucht haben.<\/p>\n<p>Wenn Sie in Ihrem YouTube-Account eingeloggt sind erm\u00f6glichen Sie YouTube, Ihr Surfverhalten direkt Ihrem pers\u00f6nlichen Profil zuzuordnen. Dies k\u00f6nnen Sie verhindern, indem Sie sich aus Ihrem YouTube-Account ausloggen. Weitere Informationen zum Umgang von Nutzerdaten finden Sie in der Datenschutzerkl\u00e4rung von YouTube unter: <a href=\"https:\/\/www.google.de\/intl\/de\/policies\/privacy\" target=\"_blank\" rel=\"noopener\">https:\/\/www.google.de\/intl\/de\/policies\/privacy<\/a><\/p>\n<h3 id=\"heading_Ihre_Rechte\">Ihre Rechte<\/h3>\n<p>Ihnen stehen grunds\u00e4tzlich die Rechte auf Auskunft, Berichtigung, L\u00f6schung, Einschr\u00e4nkung, Daten\u00fcbertragbarkeit, Widerruf und Widerspruch zu. Wenn Sie glauben, dass die Verarbeitung Ihrer Daten gegen das Datenschutzrecht verst\u00f6\u00dft oder Ihre datenschutzrechtlichen Anspr\u00fcche sonst in einer Weise verletzt worden sind, k\u00f6nnen Sie sich bei der Aufsichtsbeh\u00f6rde beschweren. In \u00d6sterreich ist dies die Datenschutzbeh\u00f6rde.<\/p>\n<\/div>\n<\/div>\n<\/div><\/div><\/div><\/div><\/div>","protected":false},"excerpt":{"rendered":"<p>Erkl\u00e4rung zur Informationspflicht (Datenschutzerkl\u00e4rung) Der Schutz Ihrer pers\u00f6nlichen Daten ist uns ein besonderes Anliegen. Wir verarbeiten Ihre Daten daher ausschlie\u00dflich auf Grundlage der gesetzlichen Bestimmungen (DSGVO, TKG 2003). In diesen Datenschutzinformationen informieren wir Sie \u00fcber die wichtigsten Aspekte der Datenverarbeitung &hellip; <a href=\"https:\/\/www.dieresidenz.at\/de\/datenschutz\/\">Weiter<\/a><\/p>\n","protected":false},"author":1,"featured_media":0,"parent":0,"menu_order":0,"comment_status":"closed","ping_status":"closed","template":"page-feature.php","meta":{"ngg_post_thumbnail":0,"sfsi_plus_gutenberg_text_before_share":"","sfsi_plus_gutenberg_show_text_before_share":"","sfsi_plus_gutenberg_icon_type":"","sfsi_plus_gutenberg_icon_alignemt":"","sfsi_plus_gutenburg_max_per_row":""},"yoast_head":"<!-- This site is optimized with the Yoast SEO plugin v15.4 - https:\/\/yoast.com\/wordpress\/plugins\/seo\/ -->\n<title>Datenschutzerkl\u00e4rung - Die Residenz<\/title>\n<meta name=\"robots\" content=\"index, follow, max-snippet:-1, max-image-preview:large, max-video-preview:-1\" \/>\n<link rel=\"canonical\" href=\"https:\/\/www.dieresidenz.at\/de\/datenschutz\/\" \/>\n<meta property=\"og:locale\" content=\"de_DE\" \/>\n<meta property=\"og:type\" content=\"article\" \/>\n<meta property=\"og:title\" content=\"Datenschutzerkl\u00e4rung\" \/>\n<meta property=\"og:description\" content=\"Erkl\u00e4rung zur Informationspflicht (Datenschutzerkl\u00e4rung) Der Schutz Ihrer pers\u00f6nlichen Daten ist uns ein besonderes Anliegen. Wir verarbeiten Ihre Daten daher ausschlie\u00dflich auf Grundlage der gesetzlichen Bestimmungen (DSGVO, TKG 2003). In diesen Datenschutzinformationen informieren wir Sie \u00fcber die wichtigsten Aspekte der Datenverarbeitung &hellip; Weiter\" \/>\n<meta property=\"og:url\" content=\"https:\/\/www.dieresidenz.at\/de\/datenschutz\/\" \/>\n<meta property=\"og:site_name\" content=\"Die Residenz\" \/>\n<meta property=\"article:modified_time\" content=\"2019-11-05T12:28:47+00:00\" \/>\n<meta name=\"twitter:card\" content=\"summary_large_image\" \/>\n<meta name=\"twitter:label1\" content=\"Geschrieben von\">\n\t<meta name=\"twitter:data1\" content=\"waltergrafik\">\n\t<meta name=\"twitter:label2\" content=\"Gesch\u00e4tzte Lesezeit\">\n\t<meta name=\"twitter:data2\" content=\"6\u00a0Minuten\">\n<script type=\"application\/ld+json\" class=\"yoast-schema-graph\">{\"@context\":\"https:\/\/schema.org\",\"@graph\":[{\"@type\":\"WebSite\",\"@id\":\"https:\/\/www.dieresidenz.at\/de\/#website\",\"url\":\"https:\/\/www.dieresidenz.at\/de\/\",\"name\":\"Die Residenz\",\"description\":\"Luxus Ruhe \\u2013 Eine neue Form der Gastlichkeit in Schloss Rosenau im Waldviertel\",\"potentialAction\":[{\"@type\":\"SearchAction\",\"target\":\"https:\/\/www.dieresidenz.at\/de\/?s={search_term_string}\",\"query-input\":\"required name=search_term_string\"}],\"inLanguage\":\"de-DE-formal\"},{\"@type\":\"WebPage\",\"@id\":\"https:\/\/www.dieresidenz.at\/de\/datenschutz\/#webpage\",\"url\":\"https:\/\/www.dieresidenz.at\/de\/datenschutz\/\",\"name\":\"[:de]Datenschutzerkl\\u00e4rung[:] - Die Residenz\",\"isPartOf\":{\"@id\":\"https:\/\/www.dieresidenz.at\/de\/#website\"},\"datePublished\":\"2018-08-14T08:24:07+00:00\",\"dateModified\":\"2019-11-05T12:28:47+00:00\",\"inLanguage\":\"de-DE-formal\",\"potentialAction\":[{\"@type\":\"ReadAction\",\"target\":[\"https:\/\/www.dieresidenz.at\/de\/datenschutz\/\"]}]}]}<\/script>\n<!-- \/ Yoast SEO plugin. -->","_links":{"self":[{"href":"https:\/\/www.dieresidenz.at\/de\/wp-json\/wp\/v2\/pages\/2497"}],"collection":[{"href":"https:\/\/www.dieresidenz.at\/de\/wp-json\/wp\/v2\/pages"}],"about":[{"href":"https:\/\/www.dieresidenz.at\/de\/wp-json\/wp\/v2\/types\/page"}],"author":[{"embeddable":true,"href":"https:\/\/www.dieresidenz.at\/de\/wp-json\/wp\/v2\/users\/1"}],"replies":[{"embeddable":true,"href":"https:\/\/www.dieresidenz.at\/de\/wp-json\/wp\/v2\/comments?post=2497"}],"version-history":[{"count":23,"href":"https:\/\/www.dieresidenz.at\/de\/wp-json\/wp\/v2\/pages\/2497\/revisions"}],"predecessor-version":[{"id":3916,"href":"https:\/\/www.dieresidenz.at\/de\/wp-json\/wp\/v2\/pages\/2497\/revisions\/3916"}],"wp:attachment":[{"href":"https:\/\/www.dieresidenz.at\/de\/wp-json\/wp\/v2\/media?parent=2497"}],"curies":[{"name":"wp","href":"https:\/\/api.w.org\/{rel}","templated":true}]}}