{"id":13,"date":"2018-05-16T15:51:37","date_gmt":"2018-05-16T13:51:37","guid":{"rendered":"https:\/\/www.dieresidenz.at\/?page_id=13"},"modified":"2025-10-27T13:22:56","modified_gmt":"2025-10-27T12:22:56","slug":"spa","status":"publish","type":"page","link":"https:\/\/www.dieresidenz.at\/de\/spa\/","title":{"rendered":"Spa &#038; Wellness"},"content":{"rendered":"<div id=\"pl-13\"  class=\"panel-layout\" ><div id=\"pg-13-0\"  class=\"panel-grid panel-no-style\" ><div id=\"pgc-13-0-0\"  class=\"panel-grid-cell panel-grid-cell-empty\" ><\/div><div id=\"pgc-13-0-1\"  class=\"panel-grid-cell panel-grid-cell-mobile-last\" ><div id=\"panel-13-0-1-0\" class=\"so-panel widget widget_sow-image panel-first-child panel-last-child\" data-index=\"0\" ><div class=\"so-widget-sow-image so-widget-sow-image-default-d6014b76747a\">\n\n<div class=\"sow-image-container\">\n\t<img src=\"https:\/\/www.dieresidenz.at\/wp-content\/uploads\/2018\/07\/Residenz-Margit-49.jpg\" width=\"1800\" height=\"1350\" srcset=\"https:\/\/www.dieresidenz.at\/wp-content\/uploads\/2018\/07\/Residenz-Margit-49.jpg 1800w, https:\/\/www.dieresidenz.at\/wp-content\/uploads\/2018\/07\/Residenz-Margit-49-500x375.jpg 500w, https:\/\/www.dieresidenz.at\/wp-content\/uploads\/2018\/07\/Residenz-Margit-49-768x576.jpg 768w, https:\/\/www.dieresidenz.at\/wp-content\/uploads\/2018\/07\/Residenz-Margit-49-1024x768.jpg 1024w\" sizes=\"(max-width: 1800px) 100vw, 1800px\" title=\"OLYMPUS DIGITAL CAMERA\" alt=\"\" \t\tclass=\"so-widget-image\"\/>\n<\/div>\n\n<\/div><\/div><\/div><div id=\"pgc-13-0-2\"  class=\"panel-grid-cell panel-grid-cell-empty\" ><\/div><\/div><div id=\"pg-13-1\"  class=\"panel-grid panel-no-style\" ><div id=\"pgc-13-1-0\"  class=\"panel-grid-cell\" ><div id=\"panel-13-1-0-0\" class=\"so-panel widget widget_sow-editor panel-first-child panel-last-child\" data-index=\"1\" ><div class=\"so-widget-sow-editor so-widget-sow-editor-base\">\n<div class=\"siteorigin-widget-tinymce textwidget\">\n\t<!-- default-view.php -->\n<div\n\tclass=\"ngg-galleryoverview default-view  ngg-ajax-pagination-none\"\n\tid=\"ngg-gallery-faef6703d5e158a558f839f20f38c9c7-1\">\n\n\t\t<!-- Thumbnails -->\n\t\t\t\t<div id=\"ngg-image-0\" class=\"ngg-gallery-thumbnail-box ngg-7-columns\" >\n\t\t\t\t        <div class=\"ngg-gallery-thumbnail\">\n            <a href=\"https:\/\/www.dieresidenz.at\/wp-content\/gallery\/spa\/die-RESIDENZ-Hotel-324.jpg\"\n               title=\"OLYMPUS DIGITAL CAMERA\"\n               data-src=\"https:\/\/www.dieresidenz.at\/wp-content\/gallery\/spa\/die-RESIDENZ-Hotel-324.jpg\"\n               data-thumbnail=\"https:\/\/www.dieresidenz.at\/wp-content\/gallery\/spa\/thumbs\/thumbs_die-RESIDENZ-Hotel-324.jpg\"\n               data-image-id=\"43\"\n               data-title=\"die RESIDENZ Hotel (324)\"\n               data-description=\"OLYMPUS DIGITAL CAMERA\"\n               data-image-slug=\"die-residenz-hotel-324\"\n               class=\"ngg-fancybox\" rel=\"faef6703d5e158a558f839f20f38c9c7\">\n                <img\n                    title=\"die RESIDENZ Hotel (324)\"\n                    alt=\"die RESIDENZ Hotel (324)\"\n                    src=\"https:\/\/www.dieresidenz.at\/wp-content\/gallery\/spa\/thumbs\/thumbs_die-RESIDENZ-Hotel-324.jpg\"\n                    width=\"400\"\n                    height=\"400\"\n                    style=\"max-width:100%;\"\n                \/>\n            <\/a>\n        <\/div>\n\t\t\t\t\t\t\t<\/div> \n\t\t\t\n\t\t\t\t<div id=\"ngg-image-1\" class=\"ngg-gallery-thumbnail-box ngg-7-columns\" >\n\t\t\t\t        <div class=\"ngg-gallery-thumbnail\">\n            <a href=\"https:\/\/www.dieresidenz.at\/wp-content\/gallery\/spa\/Residenz-Garten-118.jpg\"\n               title=\"OLYMPUS DIGITAL CAMERA\"\n               data-src=\"https:\/\/www.dieresidenz.at\/wp-content\/gallery\/spa\/Residenz-Garten-118.jpg\"\n               data-thumbnail=\"https:\/\/www.dieresidenz.at\/wp-content\/gallery\/spa\/thumbs\/thumbs_Residenz-Garten-118.jpg\"\n               data-image-id=\"60\"\n               data-title=\"OLYMPUS DIGITAL CAMERA\"\n               data-description=\"OLYMPUS DIGITAL CAMERA\"\n               data-image-slug=\"residenz-garten-118\"\n               class=\"ngg-fancybox\" rel=\"faef6703d5e158a558f839f20f38c9c7\">\n                <img\n                    title=\"OLYMPUS DIGITAL CAMERA\"\n                    alt=\"OLYMPUS DIGITAL CAMERA\"\n                    src=\"https:\/\/www.dieresidenz.at\/wp-content\/gallery\/spa\/thumbs\/thumbs_Residenz-Garten-118.jpg\"\n                    width=\"400\"\n                    height=\"400\"\n                    style=\"max-width:100%;\"\n                \/>\n            <\/a>\n        <\/div>\n\t\t\t\t\t\t\t<\/div> \n\t\t\t\n\t\t\t\t<div id=\"ngg-image-2\" class=\"ngg-gallery-thumbnail-box ngg-7-columns\" >\n\t\t\t\t        <div class=\"ngg-gallery-thumbnail\">\n            <a href=\"https:\/\/www.dieresidenz.at\/wp-content\/gallery\/spa\/DSC_0299.jpg\"\n               title=\"\"\n               data-src=\"https:\/\/www.dieresidenz.at\/wp-content\/gallery\/spa\/DSC_0299.jpg\"\n               data-thumbnail=\"https:\/\/www.dieresidenz.at\/wp-content\/gallery\/spa\/thumbs\/thumbs_DSC_0299.jpg\"\n               data-image-id=\"81\"\n               data-title=\"DSC_0299\"\n               data-description=\"\"\n               data-image-slug=\"dsc_0299\"\n               class=\"ngg-fancybox\" rel=\"faef6703d5e158a558f839f20f38c9c7\">\n                <img\n                    title=\"DSC_0299\"\n                    alt=\"DSC_0299\"\n                    src=\"https:\/\/www.dieresidenz.at\/wp-content\/gallery\/spa\/thumbs\/thumbs_DSC_0299.jpg\"\n                    width=\"400\"\n                    height=\"400\"\n                    style=\"max-width:100%;\"\n                \/>\n            <\/a>\n        <\/div>\n\t\t\t\t\t\t\t<\/div> \n\t\t\t\n\t\t\t\t<div id=\"ngg-image-3\" class=\"ngg-gallery-thumbnail-box ngg-7-columns\" >\n\t\t\t\t        <div class=\"ngg-gallery-thumbnail\">\n            <a href=\"https:\/\/www.dieresidenz.at\/wp-content\/gallery\/spa\/die-RESIDENZ-Hotel-315.jpg\"\n               title=\"OLYMPUS DIGITAL CAMERA\"\n               data-src=\"https:\/\/www.dieresidenz.at\/wp-content\/gallery\/spa\/die-RESIDENZ-Hotel-315.jpg\"\n               data-thumbnail=\"https:\/\/www.dieresidenz.at\/wp-content\/gallery\/spa\/thumbs\/thumbs_die-RESIDENZ-Hotel-315.jpg\"\n               data-image-id=\"118\"\n               data-title=\"OLYMPUS DIGITAL CAMERA\"\n               data-description=\"OLYMPUS DIGITAL CAMERA\"\n               data-image-slug=\"die-residenz-hotel-315-2\"\n               class=\"ngg-fancybox\" rel=\"faef6703d5e158a558f839f20f38c9c7\">\n                <img\n                    title=\"OLYMPUS DIGITAL CAMERA\"\n                    alt=\"OLYMPUS DIGITAL CAMERA\"\n                    src=\"https:\/\/www.dieresidenz.at\/wp-content\/gallery\/spa\/thumbs\/thumbs_die-RESIDENZ-Hotel-315.jpg\"\n                    width=\"400\"\n                    height=\"400\"\n                    style=\"max-width:100%;\"\n                \/>\n            <\/a>\n        <\/div>\n\t\t\t\t\t\t\t<\/div> \n\t\t\t\n\t\t\t\t<div id=\"ngg-image-4\" class=\"ngg-gallery-thumbnail-box ngg-7-columns\" >\n\t\t\t\t        <div class=\"ngg-gallery-thumbnail\">\n            <a href=\"https:\/\/www.dieresidenz.at\/wp-content\/gallery\/spa\/Residenz-Garten-94-Kopie-Kopie.jpg\"\n               title=\"OLYMPUS DIGITAL CAMERA\"\n               data-src=\"https:\/\/www.dieresidenz.at\/wp-content\/gallery\/spa\/Residenz-Garten-94-Kopie-Kopie.jpg\"\n               data-thumbnail=\"https:\/\/www.dieresidenz.at\/wp-content\/gallery\/spa\/thumbs\/thumbs_Residenz-Garten-94-Kopie-Kopie.jpg\"\n               data-image-id=\"148\"\n               data-title=\"OLYMPUS DIGITAL CAMERA\"\n               data-description=\"OLYMPUS DIGITAL CAMERA\"\n               data-image-slug=\"residenz-garten-94-kopie-kopie\"\n               class=\"ngg-fancybox\" rel=\"faef6703d5e158a558f839f20f38c9c7\">\n                <img\n                    title=\"OLYMPUS DIGITAL CAMERA\"\n                    alt=\"OLYMPUS DIGITAL CAMERA\"\n                    src=\"https:\/\/www.dieresidenz.at\/wp-content\/gallery\/spa\/thumbs\/thumbs_Residenz-Garten-94-Kopie-Kopie.jpg\"\n                    width=\"400\"\n                    height=\"400\"\n                    style=\"max-width:100%;\"\n                \/>\n            <\/a>\n        <\/div>\n\t\t\t\t\t\t\t<\/div> \n\t\t\t\n\t\t\t\t<div id=\"ngg-image-5\" class=\"ngg-gallery-thumbnail-box ngg-7-columns\" >\n\t\t\t\t        <div class=\"ngg-gallery-thumbnail\">\n            <a href=\"https:\/\/www.dieresidenz.at\/wp-content\/gallery\/spa\/die-RESIDENZ-Hotel-312.jpg\"\n               title=\"OLYMPUS DIGITAL CAMERA\"\n               data-src=\"https:\/\/www.dieresidenz.at\/wp-content\/gallery\/spa\/die-RESIDENZ-Hotel-312.jpg\"\n               data-thumbnail=\"https:\/\/www.dieresidenz.at\/wp-content\/gallery\/spa\/thumbs\/thumbs_die-RESIDENZ-Hotel-312.jpg\"\n               data-image-id=\"149\"\n               data-title=\"die-RESIDENZ-Hotel-312\"\n               data-description=\"OLYMPUS DIGITAL CAMERA\"\n               data-image-slug=\"die-residenz-hotel-312\"\n               class=\"ngg-fancybox\" rel=\"faef6703d5e158a558f839f20f38c9c7\">\n                <img\n                    title=\"die-RESIDENZ-Hotel-312\"\n                    alt=\"die-RESIDENZ-Hotel-312\"\n                    src=\"https:\/\/www.dieresidenz.at\/wp-content\/gallery\/spa\/thumbs\/thumbs_die-RESIDENZ-Hotel-312.jpg\"\n                    width=\"400\"\n                    height=\"400\"\n                    style=\"max-width:100%;\"\n                \/>\n            <\/a>\n        <\/div>\n\t\t\t\t\t\t\t<\/div> \n\t\t\t\n\t\t\t\t<div id=\"ngg-image-6\" class=\"ngg-gallery-thumbnail-box ngg-7-columns\" >\n\t\t\t\t        <div class=\"ngg-gallery-thumbnail\">\n            <a href=\"https:\/\/www.dieresidenz.at\/wp-content\/gallery\/spa\/Residenz-Garten-73.jpg\"\n               title=\"\"\n               data-src=\"https:\/\/www.dieresidenz.at\/wp-content\/gallery\/spa\/Residenz-Garten-73.jpg\"\n               data-thumbnail=\"https:\/\/www.dieresidenz.at\/wp-content\/gallery\/spa\/thumbs\/thumbs_Residenz-Garten-73.jpg\"\n               data-image-id=\"150\"\n               data-title=\"Residenz-Garten-73\"\n               data-description=\"\"\n               data-image-slug=\"residenz-garten-73\"\n               class=\"ngg-fancybox\" rel=\"faef6703d5e158a558f839f20f38c9c7\">\n                <img\n                    title=\"Residenz-Garten-73\"\n                    alt=\"Residenz-Garten-73\"\n                    src=\"https:\/\/www.dieresidenz.at\/wp-content\/gallery\/spa\/thumbs\/thumbs_Residenz-Garten-73.jpg\"\n                    width=\"400\"\n                    height=\"400\"\n                    style=\"max-width:100%;\"\n                \/>\n            <\/a>\n        <\/div>\n\t\t\t\t\t\t\t<\/div> \n\t\t\t\n\t\n\t<br style=\"clear: both\" \/>\n\n\t\n\t\t<!-- Pagination -->\n\t<div class='ngg-clear'><\/div>\t<\/div>\n\n<\/div>\n<\/div><\/div><\/div><\/div><div id=\"pg-13-2\"  class=\"panel-grid panel-has-style\" ><div class=\"siteorigin-panels-stretch panel-row-style panel-row-style-for-13-2\" data-stretch-type=\"full-stretched\" ><div id=\"pgc-13-2-0\"  class=\"panel-grid-cell panel-grid-cell-empty\" ><\/div><div id=\"pgc-13-2-1\"  class=\"panel-grid-cell panel-grid-cell-mobile-last\" ><div id=\"panel-13-2-1-0\" class=\"so-panel widget widget_sow-editor panel-first-child panel-last-child\" data-index=\"2\" ><div class=\"so-widget-sow-editor so-widget-sow-editor-base\">\n<div class=\"siteorigin-widget-tinymce textwidget\">\n\t<h1 id=\"gruen\" class=\"artikel_titel\" style=\"text-align: center;\">Residenz SPA<\/h1>\n<h2 class=\"content_titel\" style=\"text-align: center;\">Wellness in der Residenz<br \/>\nZeit f\u00fcr Kostbarkeiten<\/h2>\n<\/div>\n<\/div><\/div><\/div><div id=\"pgc-13-2-2\"  class=\"panel-grid-cell panel-grid-cell-empty\" ><\/div><\/div><\/div><div id=\"pg-13-3\"  class=\"panel-grid panel-has-style\" ><div class=\"siteorigin-panels-stretch panel-row-style panel-row-style-for-13-3\" data-stretch-type=\"full-stretched\" ><div id=\"pgc-13-3-0\"  class=\"panel-grid-cell panel-grid-cell-empty\" ><\/div><div id=\"pgc-13-3-1\"  class=\"panel-grid-cell panel-grid-cell-mobile-last\" ><div id=\"panel-13-3-1-0\" class=\"so-panel widget widget_sow-editor panel-first-child panel-last-child\" data-index=\"3\" ><div class=\"so-widget-sow-editor so-widget-sow-editor-base\">\n<div class=\"siteorigin-widget-tinymce textwidget\">\n\t<div class=\"content_text clearfix\">\n<h5 class=\"artikel_titel\"><strong>Wellnessbereich EG:<\/strong><\/h5>\n<p class=\"artikel_titel\">Blue Alpha Sphere Tiefenentspannung, Kneipp-Fu\u00dfbecken, Biosauna mit Farblichttherapie<\/p>\n<h5 class=\"artikel_titel\"><strong>Wellnessbereich OG:<\/strong><\/h5>\n<p class=\"artikel_titel\">Beauty-Salon, Massagesalon, Sonnenwiese, Relaxingarea, Teebar<\/p>\n<div><\/div>\n<h5><strong>Unser Wellnessprogramm:<\/strong><\/h5>\n<ul>\n<li>Die Sch\u00f6nheit der Dinge lebt in der Seele des Betrachters: Kosmetik...<\/li>\n<li>Haben Sie kalte F\u00fc\u00dfe, tauchen Sie ein: Pedik\u00fcre, Manik\u00fcre...<\/li>\n<li>Vitalit\u00e4t und Entspannung: K\u00f6rperwickel, B\u00e4der...<\/li>\n<li>Massagen f\u00fcr K\u00f6rper, Geist und Seele: diverse Massagen...<\/li>\n<li>Lebensfreude und Wohlbefinden: Cranio Sacrale Impuls Regulation...<\/li>\n<li>Das Bewusste ist nur die Spitze des Eisberges: Kinesiologie...<\/li>\n<li>Eine Symbiose aus Licht, Klang und Raum: Blue Alpha Sphere Liegen...<\/li>\n<li>F\u00fchlen wie auf der Sonnenwiese: nat\u00fcrlich br\u00e4unen...<\/li>\n<li>Sanarium mit Lichttherapie: die Macht der Farben...<\/li>\n<\/ul>\n<\/div>\n<\/div>\n<\/div><\/div><\/div><div id=\"pgc-13-3-2\"  class=\"panel-grid-cell panel-grid-cell-empty\" ><\/div><\/div><\/div><div id=\"pg-13-4\"  class=\"panel-grid panel-has-style\" ><div class=\"siteorigin-panels-stretch panel-row-style panel-row-style-for-13-4\" data-stretch-type=\"full-stretched\" ><div id=\"pgc-13-4-0\"  class=\"panel-grid-cell panel-grid-cell-empty\" ><\/div><div id=\"pgc-13-4-1\"  class=\"panel-grid-cell panel-grid-cell-mobile-last\" ><div id=\"panel-13-4-1-0\" class=\"so-panel widget widget_sow-editor panel-first-child panel-last-child\" data-index=\"4\" ><div class=\"so-widget-sow-editor so-widget-sow-editor-base\">\n<div class=\"siteorigin-widget-tinymce textwidget\">\n\t<h4>Preisliste<\/h4>\n<h5>Die Sch\u00f6nheit der Dinge lebt inder Seele des Betrachters<\/h5>\n<ul>\n<li>Luxus-Gesichtsbehandlung f\u00fcr Damen und Herren \u20ac 78,-<\/li>\n<li>Kosmetik-, Intensiv-, Herren- und R\u00fcckenbehandlungen \u20ac 68,-<\/li>\n<li>Haarentfernung \u20ac 35,-<\/li>\n<li>Klassische Gesichtsmassage \u20ac 35,-<\/li>\n<li>Typ- und Farbgerechtes Make-up \u20ac 42,-<\/li>\n<\/ul>\n<p>&nbsp;<\/p>\n<h5>Haben Sie kalte F\u00fc\u00dfe, tauchen Sie ein<\/h5>\n<ul>\n<li>Pedik\u00fcre classic: Fu\u00dfbad, Fu\u00dfmassage, Lack \u20ac 42,-<\/li>\n<li>Manik\u00fcre inkl. Handbad, Handmassage, Lack \u20ac 35,-<\/li>\n<li>Fu\u00dfpackung Peeling, Kr\u00e4uter\u00f6l, Feuchtigkeitslotion \u20ac 25,-<\/li>\n<li>Handpackung Peeling, Kr\u00e4uter\u00f6l, Feuchtigkeitslotion \u20ac 27,-<\/li>\n<\/ul>\n<p>&nbsp;<\/p>\n<h5>H\u00e4nde sprechen B\u00e4nde<\/h5>\n<ul>\n<li>Nail-Art, Gel-N\u00e4gel, French-Look, Paraffin \u20ac 89,-<\/li>\n<li>Nagel\u00fcberzug \u20ac 54,-<\/li>\n<li>K\u00f6rperkerzen \u20ac 34,-<\/li>\n<\/ul>\n<p>&nbsp;<\/p>\n<h5>Vitalit\u00e4t und Entspannung<\/h5>\n<div><strong>K\u00f6rperwickel<\/strong><\/div>\n<ul>\n<li>Aroma-Schlankheitswickel \u2013 Cellulite-Straffungsgel \u20ac 39,-<\/li>\n<li>Meersalzwickel stabilisiert den Hauts\u00e4ureschutzmantel \u20ac 39,-<\/li>\n<\/ul>\n<div><strong>B\u00e4der<\/strong><\/div>\n<ul>\n<li>Maharadschabad mit Jasmin-, Orchidee- und Rosen\u00f6l \u20ac 36,-<\/li>\n<li>Kleopatrabad \u201e1001 Nacht\u201c Rosenbl\u00fcten und \u00e4therisches \u00d6l \u20ac 36,-<\/li>\n<li>Meersalzbad stabilisiert durch Magnesium und Spurenelemente \u20ac 36,-<\/li>\n<li>Molke-Sch\u00f6nheitsbad enth\u00e4lt Milchzucker, Eiwei\u00df und Vitamine \u20ac 36,-<\/li>\n<li>Antistressbad \u2013 Honig und \u00e4therische \u00d6le, balancieren den Geist \u20ac 36,-<\/li>\n<\/ul>\n<p>&nbsp;<\/p>\n<h5>Massagen f\u00fcr K\u00f6rper, Geist und Seele<\/h5>\n<ul>\n<li>Klassische Massage nach Dorn Breuss Teilk\u00f6rper (25 Minuten) \u20ac 38,-<\/li>\n<li>Klassische Massage mit Bowen Technik Ganzk\u00f6rper (55 Minuten) \u20ac 58,-<\/li>\n<li>Akupunktmassage \u20ac 78,-<\/li>\n<li>Hot Stone Massage (Fu\u00dfreflexzonenmassage f\u00fcr alle Organe,\u00a0Gelenke und K\u00f6rperteile, Lymphdrainage, Abtransport durch spezielle Pump- und Streichgriffe, Aroma\u00f6lmassage mit \u00e4therischen \u00d6len zur Stimulation) \u20ac 78,-<\/li>\n<\/ul>\n<p>&nbsp;<\/p>\n<h5>Lebensfreude und Wohlbefinden<\/h5>\n<ul>\n<li>Energiearbeit Sensitiv-Intuitiv \u20ac 90,-<br \/>\nEine wohltuende sowie entspannende Energiearbeit bestehend aus verschiedenen Methoden wie Klangschale, Aroma\u00f6lmassage, Lomi Lomi Nui und Hot Stone<\/li>\n<\/ul>\n<p>&nbsp;<\/p>\n<h5>Das Bewusste ist nur die Spitze des Eisberges<\/h5>\n<ul>\n<li>Holistische Kinesiologie (St\u00f6rungen des k\u00f6rperlichen, seelischen und mentalen Wohlbefindens \u2013 so genannte psychosomatischen Erkrankungen Migr\u00e4ne, Stoffwechsel, Wirbel, Nervosit\u00e4t,...) \u20ac 90,-<\/li>\n<li>Scanner Methode, Energiebalance, Selbstregulation \u20ac 20,-<\/li>\n<\/ul>\n<p>&nbsp;<\/p>\n<h5>Eine Symbiose aus Licht, Klang und Raum<\/h5>\n<ul>\n<li>Blue Alpha Sphere Liegen zur Tiefenentspannung \u20ac 15,-<\/li>\n<\/ul>\n<p>&nbsp;<\/p>\n<h5>F\u00fchlen wie auf der Sonnenwiese<\/h5>\n<ul>\n<li>Nat\u00fcrlich Br\u00e4unen unterm Regenbogen \u20ac 12,-<\/li>\n<\/ul>\n<p>&nbsp;<\/p>\n<h5>Sanarium mit Lichttherapie<\/h5>\n<p><strong>Inspiration, Harmonie und Gl\u00fccksgef\u00fchle<\/strong><\/p>\n<ul>\n<li>Collagen zur Hautregeneration \u20ac 12,-<\/li>\n<li>Die Macht der Farben: rot, gr\u00fcn, orange, blau, grau, violett \u20ac 12,-<\/li>\n<\/ul>\n<p>&nbsp;<\/p>\n<div>Das und vieles mehr bieten wir in unserem Wellness-Studio.<\/div>\n<div>Gerne stehen wir Ihnen f\u00fcr Ihre W\u00fcnsche zur Verf\u00fcgung und informieren Sie \u00fcber unser umfangreiches Angebot.<\/div>\n<\/div>\n<\/div><\/div><\/div><div id=\"pgc-13-4-2\"  class=\"panel-grid-cell panel-grid-cell-empty\" ><\/div><\/div><\/div><\/div>","protected":false},"excerpt":{"rendered":"<p>Residenz SPA Wellness in der Residenz Zeit f\u00fcr Kostbarkeiten Wellnessbereich EG: Blue Alpha Sphere Tiefenentspannung, Kneipp-Fu\u00dfbecken, Biosauna mit Farblichttherapie Wellnessbereich OG: Beauty-Salon, Massagesalon, Sonnenwiese, Relaxingarea, Teebar Unser Wellnessprogramm: Die Sch\u00f6nheit der Dinge lebt in der Seele des Betrachters: Kosmetik&#8230; Haben &hellip; <a href=\"https:\/\/www.dieresidenz.at\/de\/spa\/\">Weiter<\/a><\/p>\n","protected":false},"author":1,"featured_media":0,"parent":0,"menu_order":12,"comment_status":"closed","ping_status":"closed","template":"page-fullwidth.php","meta":{"ngg_post_thumbnail":0,"sfsi_plus_gutenberg_text_before_share":"","sfsi_plus_gutenberg_show_text_before_share":"","sfsi_plus_gutenberg_icon_type":"","sfsi_plus_gutenberg_icon_alignemt":"","sfsi_plus_gutenburg_max_per_row":""},"yoast_head":"<!-- This site is optimized with the Yoast SEO plugin v15.4 - https:\/\/yoast.com\/wordpress\/plugins\/seo\/ -->\n<title>Spa &amp; Wellness - Die Residenz<\/title>\n<meta name=\"robots\" content=\"index, follow, max-snippet:-1, max-image-preview:large, max-video-preview:-1\" \/>\n<link rel=\"canonical\" href=\"https:\/\/www.dieresidenz.at\/de\/spa\/\" \/>\n<meta property=\"og:locale\" content=\"de_DE\" \/>\n<meta property=\"og:type\" content=\"article\" \/>\n<meta property=\"og:title\" content=\"Spa &amp; Wellness\" \/>\n<meta property=\"og:description\" content=\"Residenz SPA Wellness in der Residenz Zeit f\u00fcr Kostbarkeiten Wellnessbereich EG: Blue Alpha Sphere Tiefenentspannung, Kneipp-Fu\u00dfbecken, Biosauna mit Farblichttherapie Wellnessbereich OG: Beauty-Salon, Massagesalon, Sonnenwiese, Relaxingarea, Teebar Unser Wellnessprogramm: Die Sch\u00f6nheit der Dinge lebt in der Seele des Betrachters: Kosmetik... Haben &hellip; Weiter\" \/>\n<meta property=\"og:url\" content=\"https:\/\/www.dieresidenz.at\/de\/spa\/\" \/>\n<meta property=\"og:site_name\" content=\"Die Residenz\" \/>\n<meta property=\"article:modified_time\" content=\"2025-10-27T12:22:56+00:00\" \/>\n<meta name=\"twitter:card\" content=\"summary_large_image\" \/>\n<meta name=\"twitter:label1\" content=\"Geschrieben von\">\n\t<meta name=\"twitter:data1\" content=\"waltergrafik\">\n\t<meta name=\"twitter:label2\" content=\"Gesch\u00e4tzte Lesezeit\">\n\t<meta name=\"twitter:data2\" content=\"2\u00a0Minuten\">\n<script type=\"application\/ld+json\" class=\"yoast-schema-graph\">{\"@context\":\"https:\/\/schema.org\",\"@graph\":[{\"@type\":\"WebSite\",\"@id\":\"https:\/\/www.dieresidenz.at\/de\/#website\",\"url\":\"https:\/\/www.dieresidenz.at\/de\/\",\"name\":\"Die Residenz\",\"description\":\"Luxus Ruhe \\u2013 Eine neue Form der Gastlichkeit in Schloss Rosenau im Waldviertel\",\"potentialAction\":[{\"@type\":\"SearchAction\",\"target\":\"https:\/\/www.dieresidenz.at\/de\/?s={search_term_string}\",\"query-input\":\"required name=search_term_string\"}],\"inLanguage\":\"de-DE-formal\"},{\"@type\":\"WebPage\",\"@id\":\"https:\/\/www.dieresidenz.at\/de\/spa\/#webpage\",\"url\":\"https:\/\/www.dieresidenz.at\/de\/spa\/\",\"name\":\"[:de]Spa & Wellness[:en]Spa & Wellness[:] - Die Residenz\",\"isPartOf\":{\"@id\":\"https:\/\/www.dieresidenz.at\/de\/#website\"},\"datePublished\":\"2018-05-16T13:51:37+00:00\",\"dateModified\":\"2025-10-27T12:22:56+00:00\",\"inLanguage\":\"de-DE-formal\",\"potentialAction\":[{\"@type\":\"ReadAction\",\"target\":[\"https:\/\/www.dieresidenz.at\/de\/spa\/\"]}]}]}<\/script>\n<!-- \/ Yoast SEO plugin. -->","_links":{"self":[{"href":"https:\/\/www.dieresidenz.at\/de\/wp-json\/wp\/v2\/pages\/13"}],"collection":[{"href":"https:\/\/www.dieresidenz.at\/de\/wp-json\/wp\/v2\/pages"}],"about":[{"href":"https:\/\/www.dieresidenz.at\/de\/wp-json\/wp\/v2\/types\/page"}],"author":[{"embeddable":true,"href":"https:\/\/www.dieresidenz.at\/de\/wp-json\/wp\/v2\/users\/1"}],"replies":[{"embeddable":true,"href":"https:\/\/www.dieresidenz.at\/de\/wp-json\/wp\/v2\/comments?post=13"}],"version-history":[{"count":112,"href":"https:\/\/www.dieresidenz.at\/de\/wp-json\/wp\/v2\/pages\/13\/revisions"}],"predecessor-version":[{"id":5063,"href":"https:\/\/www.dieresidenz.at\/de\/wp-json\/wp\/v2\/pages\/13\/revisions\/5063"}],"wp:attachment":[{"href":"https:\/\/www.dieresidenz.at\/de\/wp-json\/wp\/v2\/media?parent=13"}],"curies":[{"name":"wp","href":"https:\/\/api.w.org\/{rel}","templated":true}]}}