{"id":111,"date":"2018-06-21T10:40:45","date_gmt":"2018-06-21T08:40:45","guid":{"rendered":"https:\/\/www.dieresidenz.at\/?page_id=111"},"modified":"2025-10-27T12:59:54","modified_gmt":"2025-10-27T11:59:54","slug":"geschichte","status":"publish","type":"page","link":"https:\/\/www.dieresidenz.at\/de\/die-residenz\/geschichte\/","title":{"rendered":"Geschichte"},"content":{"rendered":"<div id=\"pl-111\"  class=\"panel-layout\" ><div id=\"pg-111-0\"  class=\"panel-grid panel-no-style\" ><div id=\"pgc-111-0-0\"  class=\"panel-grid-cell\" ><div id=\"panel-111-0-0-0\" class=\"so-panel widget widget_sow-image panel-first-child panel-last-child\" data-index=\"0\" ><div class=\"so-widget-sow-image so-widget-sow-image-default-d6014b76747a\">\n\n<div class=\"sow-image-container\">\n\t<img src=\"https:\/\/www.dieresidenz.at\/wp-content\/uploads\/2018\/08\/Residenz-u-Schloss-1.jpg\" width=\"1772\" height=\"1277\" srcset=\"https:\/\/www.dieresidenz.at\/wp-content\/uploads\/2018\/08\/Residenz-u-Schloss-1.jpg 1772w, https:\/\/www.dieresidenz.at\/wp-content\/uploads\/2018\/08\/Residenz-u-Schloss-1-500x360.jpg 500w, https:\/\/www.dieresidenz.at\/wp-content\/uploads\/2018\/08\/Residenz-u-Schloss-1-768x553.jpg 768w, https:\/\/www.dieresidenz.at\/wp-content\/uploads\/2018\/08\/Residenz-u-Schloss-1-1024x738.jpg 1024w\" sizes=\"(max-width: 1772px) 100vw, 1772px\" title=\"Residenz u Schloss\" alt=\"\" \t\tclass=\"so-widget-image\"\/>\n<\/div>\n\n<\/div><\/div><\/div><\/div><div id=\"pg-111-1\"  class=\"panel-grid panel-no-style\" ><div id=\"pgc-111-1-0\"  class=\"panel-grid-cell panel-grid-cell-empty\" ><\/div><div id=\"pgc-111-1-1\"  class=\"panel-grid-cell panel-grid-cell-mobile-last\" ><div id=\"panel-111-1-1-0\" class=\"so-panel widget widget_sow-editor panel-first-child panel-last-child\" data-index=\"1\" ><div class=\"so-widget-sow-editor so-widget-sow-editor-base\">\n<div class=\"siteorigin-widget-tinymce textwidget\">\n\t<!-- default-view.php -->\n<div\n\tclass=\"ngg-galleryoverview default-view  ngg-ajax-pagination-none\"\n\tid=\"ngg-gallery-29f87488c2c3e6dbab73852e3471312d-1\">\n\n\t\t<!-- Thumbnails -->\n\t\t\t\t<div id=\"ngg-image-0\" class=\"ngg-gallery-thumbnail-box ngg-5-columns\" >\n\t\t\t\t        <div class=\"ngg-gallery-thumbnail\">\n            <a href=\"https:\/\/www.dieresidenz.at\/wp-content\/gallery\/geschichte\/die-RESIDENZ-Hotel-130.jpg\"\n               title=\"OLYMPUS DIGITAL CAMERA\"\n               data-src=\"https:\/\/www.dieresidenz.at\/wp-content\/gallery\/geschichte\/die-RESIDENZ-Hotel-130.jpg\"\n               data-thumbnail=\"https:\/\/www.dieresidenz.at\/wp-content\/gallery\/geschichte\/thumbs\/thumbs_die-RESIDENZ-Hotel-130.jpg\"\n               data-image-id=\"64\"\n               data-title=\"OLYMPUS DIGITAL CAMERA\"\n               data-description=\"OLYMPUS DIGITAL CAMERA\"\n               data-image-slug=\"die-residenz-hotel-130-1\"\n               class=\"ngg-fancybox\" rel=\"29f87488c2c3e6dbab73852e3471312d\">\n                <img\n                    title=\"OLYMPUS DIGITAL CAMERA\"\n                    alt=\"OLYMPUS DIGITAL CAMERA\"\n                    src=\"https:\/\/www.dieresidenz.at\/wp-content\/gallery\/geschichte\/thumbs\/thumbs_die-RESIDENZ-Hotel-130.jpg\"\n                    width=\"400\"\n                    height=\"400\"\n                    style=\"max-width:100%;\"\n                \/>\n            <\/a>\n        <\/div>\n\t\t\t\t\t\t\t<\/div> \n\t\t\t\n\t\t\t\t<div id=\"ngg-image-1\" class=\"ngg-gallery-thumbnail-box ngg-5-columns\" >\n\t\t\t\t        <div class=\"ngg-gallery-thumbnail\">\n            <a href=\"https:\/\/www.dieresidenz.at\/wp-content\/gallery\/geschichte\/Residenz-Garten-125-Kopie-Kopie.jpg\"\n               title=\"OLYMPUS DIGITAL CAMERA\"\n               data-src=\"https:\/\/www.dieresidenz.at\/wp-content\/gallery\/geschichte\/Residenz-Garten-125-Kopie-Kopie.jpg\"\n               data-thumbnail=\"https:\/\/www.dieresidenz.at\/wp-content\/gallery\/geschichte\/thumbs\/thumbs_Residenz-Garten-125-Kopie-Kopie.jpg\"\n               data-image-id=\"63\"\n               data-title=\"OLYMPUS DIGITAL CAMERA\"\n               data-description=\"OLYMPUS DIGITAL CAMERA\"\n               data-image-slug=\"residenz-garten-125-kopie-kopie-1\"\n               class=\"ngg-fancybox\" rel=\"29f87488c2c3e6dbab73852e3471312d\">\n                <img\n                    title=\"OLYMPUS DIGITAL CAMERA\"\n                    alt=\"OLYMPUS DIGITAL CAMERA\"\n                    src=\"https:\/\/www.dieresidenz.at\/wp-content\/gallery\/geschichte\/thumbs\/thumbs_Residenz-Garten-125-Kopie-Kopie.jpg\"\n                    width=\"400\"\n                    height=\"400\"\n                    style=\"max-width:100%;\"\n                \/>\n            <\/a>\n        <\/div>\n\t\t\t\t\t\t\t<\/div> \n\t\t\t\n\t\t\t\t<div id=\"ngg-image-2\" class=\"ngg-gallery-thumbnail-box ngg-5-columns\" >\n\t\t\t\t        <div class=\"ngg-gallery-thumbnail\">\n            <a href=\"https:\/\/www.dieresidenz.at\/wp-content\/gallery\/geschichte\/die-RESIDENZ-Hotel-194.jpg\"\n               title=\"OLYMPUS DIGITAL CAMERA\"\n               data-src=\"https:\/\/www.dieresidenz.at\/wp-content\/gallery\/geschichte\/die-RESIDENZ-Hotel-194.jpg\"\n               data-thumbnail=\"https:\/\/www.dieresidenz.at\/wp-content\/gallery\/geschichte\/thumbs\/thumbs_die-RESIDENZ-Hotel-194.jpg\"\n               data-image-id=\"65\"\n               data-title=\"die RESIDENZ Hotel (194)\"\n               data-description=\"OLYMPUS DIGITAL CAMERA\"\n               data-image-slug=\"die-residenz-hotel-194\"\n               class=\"ngg-fancybox\" rel=\"29f87488c2c3e6dbab73852e3471312d\">\n                <img\n                    title=\"die RESIDENZ Hotel (194)\"\n                    alt=\"die RESIDENZ Hotel (194)\"\n                    src=\"https:\/\/www.dieresidenz.at\/wp-content\/gallery\/geschichte\/thumbs\/thumbs_die-RESIDENZ-Hotel-194.jpg\"\n                    width=\"400\"\n                    height=\"400\"\n                    style=\"max-width:100%;\"\n                \/>\n            <\/a>\n        <\/div>\n\t\t\t\t\t\t\t<\/div> \n\t\t\t\n\t\t\t\t<div id=\"ngg-image-3\" class=\"ngg-gallery-thumbnail-box ngg-5-columns\" >\n\t\t\t\t        <div class=\"ngg-gallery-thumbnail\">\n            <a href=\"https:\/\/www.dieresidenz.at\/wp-content\/gallery\/geschichte\/die-RESIDENZ-Hotel-245-Kopie.jpg\"\n               title=\"OLYMPUS DIGITAL CAMERA\"\n               data-src=\"https:\/\/www.dieresidenz.at\/wp-content\/gallery\/geschichte\/die-RESIDENZ-Hotel-245-Kopie.jpg\"\n               data-thumbnail=\"https:\/\/www.dieresidenz.at\/wp-content\/gallery\/geschichte\/thumbs\/thumbs_die-RESIDENZ-Hotel-245-Kopie.jpg\"\n               data-image-id=\"66\"\n               data-title=\"die RESIDENZ Hotel (245) Kopie\"\n               data-description=\"OLYMPUS DIGITAL CAMERA\"\n               data-image-slug=\"die-residenz-hotel-245-kopie\"\n               class=\"ngg-fancybox\" rel=\"29f87488c2c3e6dbab73852e3471312d\">\n                <img\n                    title=\"die RESIDENZ Hotel (245) Kopie\"\n                    alt=\"die RESIDENZ Hotel (245) Kopie\"\n                    src=\"https:\/\/www.dieresidenz.at\/wp-content\/gallery\/geschichte\/thumbs\/thumbs_die-RESIDENZ-Hotel-245-Kopie.jpg\"\n                    width=\"400\"\n                    height=\"400\"\n                    style=\"max-width:100%;\"\n                \/>\n            <\/a>\n        <\/div>\n\t\t\t\t\t\t\t<\/div> \n\t\t\t\n\t\t\t\t<div id=\"ngg-image-4\" class=\"ngg-gallery-thumbnail-box ngg-5-columns\" >\n\t\t\t\t        <div class=\"ngg-gallery-thumbnail\">\n            <a href=\"https:\/\/www.dieresidenz.at\/wp-content\/gallery\/geschichte\/Residenz-Garten-142-Kopie.jpg\"\n               title=\"OLYMPUS DIGITAL CAMERA\"\n               data-src=\"https:\/\/www.dieresidenz.at\/wp-content\/gallery\/geschichte\/Residenz-Garten-142-Kopie.jpg\"\n               data-thumbnail=\"https:\/\/www.dieresidenz.at\/wp-content\/gallery\/geschichte\/thumbs\/thumbs_Residenz-Garten-142-Kopie.jpg\"\n               data-image-id=\"147\"\n               data-title=\"OLYMPUS DIGITAL CAMERA\"\n               data-description=\"OLYMPUS DIGITAL CAMERA\"\n               data-image-slug=\"residenz-garten-142-kopie\"\n               class=\"ngg-fancybox\" rel=\"29f87488c2c3e6dbab73852e3471312d\">\n                <img\n                    title=\"OLYMPUS DIGITAL CAMERA\"\n                    alt=\"OLYMPUS DIGITAL CAMERA\"\n                    src=\"https:\/\/www.dieresidenz.at\/wp-content\/gallery\/geschichte\/thumbs\/thumbs_Residenz-Garten-142-Kopie.jpg\"\n                    width=\"400\"\n                    height=\"400\"\n                    style=\"max-width:100%;\"\n                \/>\n            <\/a>\n        <\/div>\n\t\t\t\t\t\t\t<\/div> \n\t\t\t\n\t\n\t<br style=\"clear: both\" \/>\n\n\t\n\t\t<!-- Pagination -->\n\t<div class='ngg-clear'><\/div>\t<\/div>\n\n<\/div>\n<\/div><\/div><\/div><div id=\"pgc-111-1-2\"  class=\"panel-grid-cell panel-grid-cell-empty\" ><\/div><\/div><div id=\"pg-111-2\"  class=\"panel-grid panel-no-style\" ><div id=\"pgc-111-2-0\"  class=\"panel-grid-cell panel-grid-cell-empty\" ><\/div><div id=\"pgc-111-2-1\"  class=\"panel-grid-cell panel-grid-cell-mobile-last\" ><div id=\"panel-111-2-1-0\" class=\"so-panel widget widget_sow-editor panel-first-child panel-last-child\" data-index=\"2\" ><div class=\"so-widget-sow-editor so-widget-sow-editor-base\">\n<div class=\"siteorigin-widget-tinymce textwidget\">\n\t<div class=\"content_titel\">\n<h1 style=\"text-align: center;\">Die Residenz<\/h1>\n<h2 style=\"text-align: center;\">ein Herrenhaus in Schloss Rosenau<\/h2>\n<h2 style=\"text-align: center;\">&nbsp;<\/h2>\n<\/div>\n<div class=\"content_text clearfix\">\n<p><strong>Um das Jahr 1600 <\/strong>wurde das Haus in Schloss Rosenau 5 im Zuge der Anlage der Gutshofsiedlung erbaut.<br \/>\nDie steinerne Einfassung des Einfahrtstores tr\u00e4gt die Zahl 1852.<\/p>\n<p><strong>Seit 1956<\/strong> beherbergt das Geb\u00e4ude auch ein Lichtspieltheater.<\/p>\n<p><strong>2007<\/strong> erwarb Margit Zulehner das vielf\u00e4ltig interessante Geb\u00e4ude und es entstand nach ihrem Traum das<br \/>\nHotel \u201eDie Residenz\u201c.<\/p>\n<p>&nbsp;<\/p>\n<p><strong>Die Residenz- Eine neue Form der Gastlichkeit \u201eLuxus Ruhe\u201c<br \/>\n<\/strong>Was wir Ihnen hier bieten, ist im Waldviertel einzigartig! Speziell in ihrer Auszeit sehnen sich immer mehr Menschen nach Perioden, die nicht mit Animation, Betriebsamkeit und einer frisch-fr\u00f6hlichen Hektik erf\u00fcllt sind. Stille mutiert zum marktwirtschaftlichen Trend und wird ein begehrenswertes Produkt.<\/p>\n<p>&nbsp;<\/p>\n<p><strong>Das Wohngef\u00fchl einer privaten Residenz mit dem exklusiven Service eines Hotels.<br \/>\n<\/strong>Stilvolle Residenzen in perfektem Design, top ausgestattete Wohn- und Schlafzimmer, K\u00fcchen und Badezimmer in einer gelungenen Kombination mit High-tech und entsprechendem Background. Die Gr\u00f6\u00dfe der Studios und Apartments reicht von 46-93 Quadratmetern.<\/p>\n<p>Sie liegen alle in einem Atriumhaus, das weiters ein Ziegelkreuzgew\u00f6lbe mit Granits\u00e4ulen, eine Vinothek, einen nostalgischen Kinosaal, eine Cafe Lounge, einen Salon sowie eine Gartenterrasse aufweist.<br \/>\nIm Atrium erreicht man fast schwebend den einzigartigen Wellnessbereich, der ein sinnliches Wellness-Erlebnis \u00fcber 2 Etagen bietet. Eine Biosauna, ein Kneippfu\u00dfbecken, eine Sonnenwiese, Ruheoasen und Blue Alpha Sphere Liegen zur Tiefenentspannung. Der Beautysalon und das vielf\u00e4ltige Massageangebot wie auch Hot Stone sorgen f\u00fcr das besondere Wohlf\u00fchlambiente.<\/p>\n<p>&nbsp;<\/p>\n<p><strong>F\u00fcr die Gestaltung haben wir den 5000 Jahre alten Keltischen Baumkreis gew\u00e4hlt.<\/strong> Er entspricht dem bestehenden Jahreskreis, den wir nach wie vor in unserer Kultur leben. Symbolisch werden die B\u00e4ume im Uhrzeigersinn im Geb\u00e4ude, aufbauend nach oben hin aufgeteilt und zeigen die 13 Mondzyklen eines Jahres. Der keltische Lebensbaum gilt als heilungsf\u00f6rdernd und ist die Verbindung von Erdg\u00f6ttin Noreia und himmlischem Geist.<\/p>\n<\/div>\n<\/div>\n<\/div><\/div><\/div><div id=\"pgc-111-2-2\"  class=\"panel-grid-cell panel-grid-cell-empty\" ><\/div><\/div><\/div>","protected":false},"excerpt":{"rendered":"<p>Die Residenz ein Herrenhaus in Schloss Rosenau &nbsp; Um das Jahr 1600 wurde das Haus in Schloss Rosenau 5 im Zuge der Anlage der Gutshofsiedlung erbaut. Die steinerne Einfassung des Einfahrtstores tr\u00e4gt die Zahl 1852. Seit 1956 beherbergt das Geb\u00e4ude &hellip; <a href=\"https:\/\/www.dieresidenz.at\/de\/die-residenz\/geschichte\/\">Weiter<\/a><\/p>\n","protected":false},"author":1,"featured_media":0,"parent":5,"menu_order":0,"comment_status":"closed","ping_status":"closed","template":"page-fullwidth.php","meta":{"ngg_post_thumbnail":0,"sfsi_plus_gutenberg_text_before_share":"","sfsi_plus_gutenberg_show_text_before_share":"","sfsi_plus_gutenberg_icon_type":"","sfsi_plus_gutenberg_icon_alignemt":"","sfsi_plus_gutenburg_max_per_row":""},"yoast_head":"<!-- This site is optimized with the Yoast SEO plugin v15.4 - https:\/\/yoast.com\/wordpress\/plugins\/seo\/ -->\n<title>Geschichte - Die Residenz<\/title>\n<meta name=\"robots\" content=\"index, follow, max-snippet:-1, max-image-preview:large, max-video-preview:-1\" \/>\n<link rel=\"canonical\" href=\"https:\/\/www.dieresidenz.at\/en\/die-residenz\/geschichte\/\" \/>\n<meta property=\"og:locale\" content=\"de_DE\" \/>\n<meta property=\"og:type\" content=\"article\" \/>\n<meta property=\"og:title\" content=\"Geschichte\" \/>\n<meta property=\"og:description\" content=\"Die Residenz ein Herrenhaus in Schloss Rosenau &nbsp; Um das Jahr 1600 wurde das Haus in Schloss Rosenau 5 im Zuge der Anlage der Gutshofsiedlung erbaut. Die steinerne Einfassung des Einfahrtstores tr\u00e4gt die Zahl 1852. Seit 1956 beherbergt das Geb\u00e4ude &hellip; Weiter\" \/>\n<meta property=\"og:url\" content=\"https:\/\/www.dieresidenz.at\/en\/die-residenz\/geschichte\/\" \/>\n<meta property=\"og:site_name\" content=\"Die Residenz\" \/>\n<meta property=\"article:modified_time\" content=\"2025-10-27T11:59:54+00:00\" \/>\n<meta name=\"twitter:card\" content=\"summary_large_image\" \/>\n<meta name=\"twitter:label1\" content=\"Geschrieben von\">\n\t<meta name=\"twitter:data1\" content=\"waltergrafik\">\n\t<meta name=\"twitter:label2\" content=\"Gesch\u00e4tzte Lesezeit\">\n\t<meta name=\"twitter:data2\" content=\"1\u00a0Minute\">\n<script type=\"application\/ld+json\" class=\"yoast-schema-graph\">{\"@context\":\"https:\/\/schema.org\",\"@graph\":[{\"@type\":\"WebSite\",\"@id\":\"https:\/\/www.dieresidenz.at\/de\/#website\",\"url\":\"https:\/\/www.dieresidenz.at\/de\/\",\"name\":\"Die Residenz\",\"description\":\"Luxus Ruhe \\u2013 Eine neue Form der Gastlichkeit in Schloss Rosenau im Waldviertel\",\"potentialAction\":[{\"@type\":\"SearchAction\",\"target\":\"https:\/\/www.dieresidenz.at\/de\/?s={search_term_string}\",\"query-input\":\"required name=search_term_string\"}],\"inLanguage\":\"de-DE-formal\"},{\"@type\":\"WebPage\",\"@id\":\"https:\/\/www.dieresidenz.at\/en\/die-residenz\/geschichte\/#webpage\",\"url\":\"https:\/\/www.dieresidenz.at\/en\/die-residenz\/geschichte\/\",\"name\":\"[:de]Geschichte[:en]History[:] - Die Residenz\",\"isPartOf\":{\"@id\":\"https:\/\/www.dieresidenz.at\/de\/#website\"},\"datePublished\":\"2018-06-21T08:40:45+00:00\",\"dateModified\":\"2025-10-27T11:59:54+00:00\",\"inLanguage\":\"de-DE-formal\",\"potentialAction\":[{\"@type\":\"ReadAction\",\"target\":[\"https:\/\/www.dieresidenz.at\/en\/die-residenz\/geschichte\/\"]}]}]}<\/script>\n<!-- \/ Yoast SEO plugin. -->","_links":{"self":[{"href":"https:\/\/www.dieresidenz.at\/de\/wp-json\/wp\/v2\/pages\/111"}],"collection":[{"href":"https:\/\/www.dieresidenz.at\/de\/wp-json\/wp\/v2\/pages"}],"about":[{"href":"https:\/\/www.dieresidenz.at\/de\/wp-json\/wp\/v2\/types\/page"}],"author":[{"embeddable":true,"href":"https:\/\/www.dieresidenz.at\/de\/wp-json\/wp\/v2\/users\/1"}],"replies":[{"embeddable":true,"href":"https:\/\/www.dieresidenz.at\/de\/wp-json\/wp\/v2\/comments?post=111"}],"version-history":[{"count":88,"href":"https:\/\/www.dieresidenz.at\/de\/wp-json\/wp\/v2\/pages\/111\/revisions"}],"predecessor-version":[{"id":5040,"href":"https:\/\/www.dieresidenz.at\/de\/wp-json\/wp\/v2\/pages\/111\/revisions\/5040"}],"up":[{"embeddable":true,"href":"https:\/\/www.dieresidenz.at\/de\/wp-json\/wp\/v2\/pages\/5"}],"wp:attachment":[{"href":"https:\/\/www.dieresidenz.at\/de\/wp-json\/wp\/v2\/media?parent=111"}],"curies":[{"name":"wp","href":"https:\/\/api.w.org\/{rel}","templated":true}]}}