{"id":103,"date":"2018-06-21T10:29:00","date_gmt":"2018-06-21T08:29:00","guid":{"rendered":"https:\/\/www.dieresidenz.at\/?page_id=103"},"modified":"2025-10-27T13:13:23","modified_gmt":"2025-10-27T12:13:23","slug":"studio-weissdorn","status":"publish","type":"page","link":"https:\/\/www.dieresidenz.at\/de\/zimmer-preise\/studio-weissdorn\/","title":{"rendered":"Studio Wei\u00dfdorn"},"content":{"rendered":"<div id=\"pl-103\"  class=\"panel-layout\" ><div id=\"pg-103-0\"  class=\"panel-grid panel-no-style\" ><div id=\"pgc-103-0-0\"  class=\"panel-grid-cell\" ><div id=\"panel-103-0-0-0\" class=\"so-panel widget widget_sow-editor panel-first-child panel-last-child\" data-index=\"0\" ><div class=\"so-widget-sow-editor so-widget-sow-editor-base\">\n<div class=\"siteorigin-widget-tinymce textwidget\">\n\t<!-- default-view.php -->\n<div\n\tclass=\"ngg-galleryoverview default-view  ngg-ajax-pagination-none\"\n\tid=\"ngg-gallery-2c8c041ed14f5dcd4ee1e6cf59269553-1\">\n\n\t\t<!-- Thumbnails -->\n\t\t\t\t<div id=\"ngg-image-0\" class=\"ngg-gallery-thumbnail-box ngg-4-columns\" >\n\t\t\t\t        <div class=\"ngg-gallery-thumbnail\">\n            <a href=\"https:\/\/www.dieresidenz.at\/wp-content\/gallery\/studio-weissdorn\/StudioWeissdorn2.jpg\"\n               title=\"\"\n               data-src=\"https:\/\/www.dieresidenz.at\/wp-content\/gallery\/studio-weissdorn\/StudioWeissdorn2.jpg\"\n               data-thumbnail=\"https:\/\/www.dieresidenz.at\/wp-content\/gallery\/studio-weissdorn\/thumbs\/thumbs_StudioWeissdorn2.jpg\"\n               data-image-id=\"106\"\n               data-title=\"StudioWeissdorn2\"\n               data-description=\"\"\n               data-image-slug=\"studioweissdorn2\"\n               class=\"ngg-fancybox\" rel=\"2c8c041ed14f5dcd4ee1e6cf59269553\">\n                <img\n                    title=\"StudioWeissdorn2\"\n                    alt=\"StudioWeissdorn2\"\n                    src=\"https:\/\/www.dieresidenz.at\/wp-content\/gallery\/studio-weissdorn\/thumbs\/thumbs_StudioWeissdorn2.jpg\"\n                    width=\"400\"\n                    height=\"400\"\n                    style=\"max-width:100%;\"\n                \/>\n            <\/a>\n        <\/div>\n\t\t\t\t\t\t\t<\/div> \n\t\t\t\n\t\t\t\t<div id=\"ngg-image-1\" class=\"ngg-gallery-thumbnail-box ngg-4-columns\" >\n\t\t\t\t        <div class=\"ngg-gallery-thumbnail\">\n            <a href=\"https:\/\/www.dieresidenz.at\/wp-content\/gallery\/studio-weissdorn\/StudioWeissdorn4.jpg\"\n               title=\"\"\n               data-src=\"https:\/\/www.dieresidenz.at\/wp-content\/gallery\/studio-weissdorn\/StudioWeissdorn4.jpg\"\n               data-thumbnail=\"https:\/\/www.dieresidenz.at\/wp-content\/gallery\/studio-weissdorn\/thumbs\/thumbs_StudioWeissdorn4.jpg\"\n               data-image-id=\"108\"\n               data-title=\"StudioWeissdorn4\"\n               data-description=\"\"\n               data-image-slug=\"studioweissdorn4\"\n               class=\"ngg-fancybox\" rel=\"2c8c041ed14f5dcd4ee1e6cf59269553\">\n                <img\n                    title=\"StudioWeissdorn4\"\n                    alt=\"StudioWeissdorn4\"\n                    src=\"https:\/\/www.dieresidenz.at\/wp-content\/gallery\/studio-weissdorn\/thumbs\/thumbs_StudioWeissdorn4.jpg\"\n                    width=\"400\"\n                    height=\"400\"\n                    style=\"max-width:100%;\"\n                \/>\n            <\/a>\n        <\/div>\n\t\t\t\t\t\t\t<\/div> \n\t\t\t\n\t\t\t\t<div id=\"ngg-image-2\" class=\"ngg-gallery-thumbnail-box ngg-4-columns\" >\n\t\t\t\t        <div class=\"ngg-gallery-thumbnail\">\n            <a href=\"https:\/\/www.dieresidenz.at\/wp-content\/gallery\/studio-weissdorn\/StudioWeissdorn3.jpg\"\n               title=\"\"\n               data-src=\"https:\/\/www.dieresidenz.at\/wp-content\/gallery\/studio-weissdorn\/StudioWeissdorn3.jpg\"\n               data-thumbnail=\"https:\/\/www.dieresidenz.at\/wp-content\/gallery\/studio-weissdorn\/thumbs\/thumbs_StudioWeissdorn3.jpg\"\n               data-image-id=\"107\"\n               data-title=\"StudioWeissdorn3\"\n               data-description=\"\"\n               data-image-slug=\"studioweissdorn3\"\n               class=\"ngg-fancybox\" rel=\"2c8c041ed14f5dcd4ee1e6cf59269553\">\n                <img\n                    title=\"StudioWeissdorn3\"\n                    alt=\"StudioWeissdorn3\"\n                    src=\"https:\/\/www.dieresidenz.at\/wp-content\/gallery\/studio-weissdorn\/thumbs\/thumbs_StudioWeissdorn3.jpg\"\n                    width=\"400\"\n                    height=\"400\"\n                    style=\"max-width:100%;\"\n                \/>\n            <\/a>\n        <\/div>\n\t\t\t\t\t\t\t<\/div> \n\t\t\t\n\t\t\t\t<div id=\"ngg-image-3\" class=\"ngg-gallery-thumbnail-box ngg-4-columns\" >\n\t\t\t\t        <div class=\"ngg-gallery-thumbnail\">\n            <a href=\"https:\/\/www.dieresidenz.at\/wp-content\/gallery\/studio-weissdorn\/StudioWeissdorn1.jpg\"\n               title=\"\"\n               data-src=\"https:\/\/www.dieresidenz.at\/wp-content\/gallery\/studio-weissdorn\/StudioWeissdorn1.jpg\"\n               data-thumbnail=\"https:\/\/www.dieresidenz.at\/wp-content\/gallery\/studio-weissdorn\/thumbs\/thumbs_StudioWeissdorn1.jpg\"\n               data-image-id=\"105\"\n               data-title=\"StudioWeissdorn1\"\n               data-description=\"\"\n               data-image-slug=\"studioweissdorn1\"\n               class=\"ngg-fancybox\" rel=\"2c8c041ed14f5dcd4ee1e6cf59269553\">\n                <img\n                    title=\"StudioWeissdorn1\"\n                    alt=\"StudioWeissdorn1\"\n                    src=\"https:\/\/www.dieresidenz.at\/wp-content\/gallery\/studio-weissdorn\/thumbs\/thumbs_StudioWeissdorn1.jpg\"\n                    width=\"400\"\n                    height=\"400\"\n                    style=\"max-width:100%;\"\n                \/>\n            <\/a>\n        <\/div>\n\t\t\t\t\t\t\t<\/div> \n\t\t\t\n\t\n\t<br style=\"clear: both\" \/>\n\n\t\n\t\t<!-- Pagination -->\n\t<div class='ngg-clear'><\/div>\t<\/div>\n\n<\/div>\n<\/div><\/div><\/div><\/div><div id=\"pg-103-1\"  class=\"panel-grid panel-no-style\" ><div id=\"pgc-103-1-0\"  class=\"panel-grid-cell\" ><div id=\"panel-103-1-0-0\" class=\"so-panel widget widget_sow-editor panel-first-child panel-last-child\" data-index=\"1\" ><div class=\"so-widget-sow-editor so-widget-sow-editor-base\">\n<div class=\"siteorigin-widget-tinymce textwidget\">\n\t<h1 id=\"gruen\" class=\"artikel_titel\" style=\"text-align: center;\">Studio Wei\u00dfdorn<\/h1>\n<\/div>\n<\/div><\/div><\/div><\/div><div id=\"pg-103-2\"  class=\"panel-grid panel-no-style\" ><div id=\"pgc-103-2-0\"  class=\"panel-grid-cell panel-grid-cell-empty\" ><\/div><div id=\"pgc-103-2-1\"  class=\"panel-grid-cell\" ><div id=\"panel-103-2-1-0\" class=\"so-panel widget widget_sow-editor panel-first-child panel-last-child\" data-index=\"2\" ><div class=\"so-widget-sow-editor so-widget-sow-editor-base\">\n<div class=\"siteorigin-widget-tinymce textwidget\">\n\t<div class=\"content_text clearfix\">\n<p><strong>Gr\u00f6\u00dfe und Lage:<\/strong><br \/>\n50m\u00b2,&nbsp;1. Stock, Ost\/Nord<\/p>\n<p><strong>Ausstattung:<\/strong><br \/>\nin den Farben citrus und mais<\/p>\n<ul>\n<li>Ma\u00dfm\u00f6bel in Olive vom Tischler ausgestattet<\/li>\n<li>alles in einem gro\u00dfen Zimmer mit&nbsp;Flachbildfarbfernseher, Radio, CD-Player, Safe, Selbstwahltelefon, Minibar<\/li>\n<li>mit gro\u00dfem Doppelbett<\/li>\n<li>Wohnbereich, K\u00fcche,&nbsp;Esstisch<\/li>\n<li>allergiegetestete Ausstattung und Bettw\u00e4sche<\/li>\n<li>Netzfreischalter im Schlafbereich<\/li>\n<li>Badewanne, WC; Bademantel, F\u00f6n, Toilettartikel<\/li>\n<li>Balkon- und Gartennutzung<\/li>\n<\/ul>\n<p><strong>Preise:<\/strong><\/p>\n<p>Belegung 2 Personen<\/p>\n<ul>\n<li>\u20ac 104,- pro Person\/Nacht<\/li>\n<li>\u20ac 100,- pro Person\/Nacht ab 4 Tage N\u00e4chten<\/li>\n<\/ul>\n<\/div>\n<\/div>\n<\/div><\/div><\/div><div id=\"pgc-103-2-2\"  class=\"panel-grid-cell panel-grid-cell-mobile-last\" ><div id=\"panel-103-2-2-0\" class=\"so-panel widget widget_sow-editor panel-first-child panel-last-child\" data-index=\"3\" ><div class=\"so-widget-sow-editor so-widget-sow-editor-base\">\n<div class=\"siteorigin-widget-tinymce textwidget\">\n\t<div class=\"content_titel\"><strong><a href=\"https:\/\/www.schlosshotel.rosenau.at\/d\/default.asp?id=84694&tt=ROSENAU_R10#pagetop\"><img class=\"content_top_bullet\" src=\"https:\/\/www.schlosshotel.rosenau.at\/d\/img\/leer.gif\" alt=\"\"><\/a>Die Preise beinhalten:<\/strong><\/div>\n<div class=\"content_text clearfix\">\n<ul>\n<li>Empfangscocktail<\/li>\n<li>Residenzfr\u00fchst\u00fcck mit Honig, hausgemachten Marmeladen, Kuchen, Mehlspeisen, S\u00e4ften, Obst, M\u00fcslis, Milch, Landeiern, Aufstrichen, Speck, Schinken, Geselchtem, K\u00e4sebrett, R\u00e4ucherlachs, Toast, ofenfrischem Geb\u00e4ck\/Brot<br \/>\nab 8.00h und solange Sie wollen in der Cafe-Lounge, auf der Gartenterrasse, in Ihrem Studio<\/li>\n<li>freier Internetzugang<\/li>\n<\/ul>\n<\/div>\n<div class=\"content_titel\"><strong><a href=\"https:\/\/www.schlosshotel.rosenau.at\/d\/default.asp?id=84694&tt=ROSENAU_R10#pagetop\"><img class=\"content_top_bullet\" src=\"https:\/\/www.schlosshotel.rosenau.at\/d\/img\/leer.gif\" alt=\"\"><\/a>weiters bieten wir Ihnen an:<\/strong><\/div>\n<div class=\"content_text clearfix\">\n<ul>\n<li>einen gef\u00fcllten Picknickkorb<\/li>\n<li>ein mit delikaten K\u00f6stlichkeiten nach Wunsch bef\u00fcllter K\u00fchlschrank<\/li>\n<\/ul>\n<\/div>\n<div class=\"content_titel\"><strong><a href=\"https:\/\/www.schlosshotel.rosenau.at\/d\/default.asp?id=84694&tt=ROSENAU_R10#pagetop\"><img class=\"content_top_bullet\" src=\"https:\/\/www.schlosshotel.rosenau.at\/d\/img\/leer.gif\" alt=\"\"><\/a>Wellnessbereich:<\/strong><\/div>\n<div class=\"content_text clearfix\">\n<ul>\n<li>&nbsp;sanfte Musik zum Relaxen<\/li>\n<li>&nbsp;Wellnessliegen mit hohem Komfort<\/li>\n<li>&nbsp;exklusives Wellness-, Massage- und Beautyangebot<\/li>\n<li>&nbsp;Biosauna mit Farblichttherapie<\/li>\n<li>&nbsp;Blue Alpha Sphere Tiefenentspannungsliegen<\/li>\n<li>&nbsp;Sonnenwiese<\/li>\n<li>&nbsp;Teebar<\/li>\n<\/ul>\n<\/div>\n<\/div>\n<\/div><\/div><\/div><div id=\"pgc-103-2-3\"  class=\"panel-grid-cell panel-grid-cell-empty\" ><\/div><\/div><\/div>","protected":false},"excerpt":{"rendered":"<p>Studio Wei\u00dfdorn<\/p>\n","protected":false},"author":1,"featured_media":0,"parent":9,"menu_order":6,"comment_status":"closed","ping_status":"closed","template":"page-fullwidth.php","meta":{"ngg_post_thumbnail":0,"sfsi_plus_gutenberg_text_before_share":"","sfsi_plus_gutenberg_show_text_before_share":"","sfsi_plus_gutenberg_icon_type":"","sfsi_plus_gutenberg_icon_alignemt":"","sfsi_plus_gutenburg_max_per_row":""},"yoast_head":"<!-- This site is optimized with the Yoast SEO plugin v15.4 - https:\/\/yoast.com\/wordpress\/plugins\/seo\/ -->\n<title>Studio Wei\u00dfdorn - Die Residenz<\/title>\n<meta name=\"robots\" content=\"index, follow, max-snippet:-1, max-image-preview:large, max-video-preview:-1\" \/>\n<link rel=\"canonical\" href=\"https:\/\/www.dieresidenz.at\/de\/zimmer-preise\/studio-weissdorn\/\" \/>\n<meta property=\"og:locale\" content=\"de_DE\" \/>\n<meta property=\"og:type\" content=\"article\" \/>\n<meta property=\"og:title\" content=\"Studio Wei\u00dfdorn\" \/>\n<meta property=\"og:description\" content=\"Studio Wei\u00dfdorn\" \/>\n<meta property=\"og:url\" content=\"https:\/\/www.dieresidenz.at\/de\/zimmer-preise\/studio-weissdorn\/\" \/>\n<meta property=\"og:site_name\" content=\"Die Residenz\" \/>\n<meta property=\"article:modified_time\" content=\"2025-10-27T12:13:23+00:00\" \/>\n<meta property=\"og:image\" content=\"http:\/\/www.schlosshotel.rosenau.at\/d\/img\/leer.gif\" \/>\n<meta name=\"twitter:card\" content=\"summary_large_image\" \/>\n<meta name=\"twitter:label1\" content=\"Geschrieben von\">\n\t<meta name=\"twitter:data1\" content=\"waltergrafik\">\n\t<meta name=\"twitter:label2\" content=\"Gesch\u00e4tzte Lesezeit\">\n\t<meta name=\"twitter:data2\" content=\"1\u00a0Minute\">\n<script type=\"application\/ld+json\" class=\"yoast-schema-graph\">{\"@context\":\"https:\/\/schema.org\",\"@graph\":[{\"@type\":\"WebSite\",\"@id\":\"https:\/\/www.dieresidenz.at\/de\/#website\",\"url\":\"https:\/\/www.dieresidenz.at\/de\/\",\"name\":\"Die Residenz\",\"description\":\"Luxus Ruhe \\u2013 Eine neue Form der Gastlichkeit in Schloss Rosenau im Waldviertel\",\"potentialAction\":[{\"@type\":\"SearchAction\",\"target\":\"https:\/\/www.dieresidenz.at\/de\/?s={search_term_string}\",\"query-input\":\"required name=search_term_string\"}],\"inLanguage\":\"de-DE-formal\"},{\"@type\":\"ImageObject\",\"@id\":\"https:\/\/www.dieresidenz.at\/de\/zimmer-preise\/studio-weissdorn\/#primaryimage\",\"inLanguage\":\"de-DE-formal\",\"url\":\"http:\/\/www.schlosshotel.rosenau.at\/d\/img\/leer.gif\"},{\"@type\":\"WebPage\",\"@id\":\"https:\/\/www.dieresidenz.at\/de\/zimmer-preise\/studio-weissdorn\/#webpage\",\"url\":\"https:\/\/www.dieresidenz.at\/de\/zimmer-preise\/studio-weissdorn\/\",\"name\":\"[:de]Studio Wei\\u00dfdorn[:en]Studio \\\"Wei\\u00dfdorn\\\"[:] - Die Residenz\",\"isPartOf\":{\"@id\":\"https:\/\/www.dieresidenz.at\/de\/#website\"},\"primaryImageOfPage\":{\"@id\":\"https:\/\/www.dieresidenz.at\/de\/zimmer-preise\/studio-weissdorn\/#primaryimage\"},\"datePublished\":\"2018-06-21T08:29:00+00:00\",\"dateModified\":\"2025-10-27T12:13:23+00:00\",\"inLanguage\":\"de-DE-formal\",\"potentialAction\":[{\"@type\":\"ReadAction\",\"target\":[\"https:\/\/www.dieresidenz.at\/de\/zimmer-preise\/studio-weissdorn\/\"]}]}]}<\/script>\n<!-- \/ Yoast SEO plugin. -->","_links":{"self":[{"href":"https:\/\/www.dieresidenz.at\/de\/wp-json\/wp\/v2\/pages\/103"}],"collection":[{"href":"https:\/\/www.dieresidenz.at\/de\/wp-json\/wp\/v2\/pages"}],"about":[{"href":"https:\/\/www.dieresidenz.at\/de\/wp-json\/wp\/v2\/types\/page"}],"author":[{"embeddable":true,"href":"https:\/\/www.dieresidenz.at\/de\/wp-json\/wp\/v2\/users\/1"}],"replies":[{"embeddable":true,"href":"https:\/\/www.dieresidenz.at\/de\/wp-json\/wp\/v2\/comments?post=103"}],"version-history":[{"count":40,"href":"https:\/\/www.dieresidenz.at\/de\/wp-json\/wp\/v2\/pages\/103\/revisions"}],"predecessor-version":[{"id":5057,"href":"https:\/\/www.dieresidenz.at\/de\/wp-json\/wp\/v2\/pages\/103\/revisions\/5057"}],"up":[{"embeddable":true,"href":"https:\/\/www.dieresidenz.at\/de\/wp-json\/wp\/v2\/pages\/9"}],"wp:attachment":[{"href":"https:\/\/www.dieresidenz.at\/de\/wp-json\/wp\/v2\/media?parent=103"}],"curies":[{"name":"wp","href":"https:\/\/api.w.org\/{rel}","templated":true}]}}