{"id":101,"date":"2018-06-21T10:28:01","date_gmt":"2018-06-21T08:28:01","guid":{"rendered":"https:\/\/www.dieresidenz.at\/?page_id=101"},"modified":"2025-10-27T13:21:32","modified_gmt":"2025-10-27T12:21:32","slug":"apartment-efeu","status":"publish","type":"page","link":"https:\/\/www.dieresidenz.at\/de\/zimmer-preise\/apartment-efeu\/","title":{"rendered":"Apartment Efeu"},"content":{"rendered":"<div id=\"pl-101\"  class=\"panel-layout\" ><div id=\"pg-101-0\"  class=\"panel-grid panel-no-style\" ><div id=\"pgc-101-0-0\"  class=\"panel-grid-cell\" ><div id=\"panel-101-0-0-0\" class=\"so-panel widget widget_sow-editor panel-first-child panel-last-child\" data-index=\"0\" ><div class=\"so-widget-sow-editor so-widget-sow-editor-base\">\n<div class=\"siteorigin-widget-tinymce textwidget\">\n\t<!-- default-view.php -->\n<div\n\tclass=\"ngg-galleryoverview default-view  ngg-ajax-pagination-none\"\n\tid=\"ngg-gallery-d60b6a2d03445387b2db5218701f1074-1\">\n\n\t\t<!-- Thumbnails -->\n\t\t\t\t<div id=\"ngg-image-0\" class=\"ngg-gallery-thumbnail-box ngg-5-columns\" >\n\t\t\t\t        <div class=\"ngg-gallery-thumbnail\">\n            <a href=\"https:\/\/www.dieresidenz.at\/wp-content\/gallery\/apartmentefeu\/Residenz-Efeu-3-Kopie.jpg\"\n               title=\"\"\n               data-src=\"https:\/\/www.dieresidenz.at\/wp-content\/gallery\/apartmentefeu\/Residenz-Efeu-3-Kopie.jpg\"\n               data-thumbnail=\"https:\/\/www.dieresidenz.at\/wp-content\/gallery\/apartmentefeu\/thumbs\/thumbs_Residenz-Efeu-3-Kopie.jpg\"\n               data-image-id=\"176\"\n               data-title=\"Residenz-Efeu-3-Kopie\"\n               data-description=\"\"\n               data-image-slug=\"residenz-efeu-3-kopie\"\n               class=\"ngg-fancybox\" rel=\"d60b6a2d03445387b2db5218701f1074\">\n                <img\n                    title=\"Residenz-Efeu-3-Kopie\"\n                    alt=\"Residenz-Efeu-3-Kopie\"\n                    src=\"https:\/\/www.dieresidenz.at\/wp-content\/gallery\/apartmentefeu\/thumbs\/thumbs_Residenz-Efeu-3-Kopie.jpg\"\n                    width=\"400\"\n                    height=\"400\"\n                    style=\"max-width:100%;\"\n                \/>\n            <\/a>\n        <\/div>\n\t\t\t\t\t\t\t<\/div> \n\t\t\t\n\t\t\t\t<div id=\"ngg-image-1\" class=\"ngg-gallery-thumbnail-box ngg-5-columns\" >\n\t\t\t\t        <div class=\"ngg-gallery-thumbnail\">\n            <a href=\"https:\/\/www.dieresidenz.at\/wp-content\/gallery\/apartmentefeu\/Apartment-Efeu-SZ.jpg\"\n               title=\"\"\n               data-src=\"https:\/\/www.dieresidenz.at\/wp-content\/gallery\/apartmentefeu\/Apartment-Efeu-SZ.jpg\"\n               data-thumbnail=\"https:\/\/www.dieresidenz.at\/wp-content\/gallery\/apartmentefeu\/thumbs\/thumbs_Apartment-Efeu-SZ.jpg\"\n               data-image-id=\"206\"\n               data-title=\"Apartment-Efeu-SZ\"\n               data-description=\"\"\n               data-image-slug=\"apartment-efeu-sz\"\n               class=\"ngg-fancybox\" rel=\"d60b6a2d03445387b2db5218701f1074\">\n                <img\n                    title=\"Apartment-Efeu-SZ\"\n                    alt=\"Apartment-Efeu-SZ\"\n                    src=\"https:\/\/www.dieresidenz.at\/wp-content\/gallery\/apartmentefeu\/thumbs\/thumbs_Apartment-Efeu-SZ.jpg\"\n                    width=\"400\"\n                    height=\"400\"\n                    style=\"max-width:100%;\"\n                \/>\n            <\/a>\n        <\/div>\n\t\t\t\t\t\t\t<\/div> \n\t\t\t\n\t\t\t\t<div id=\"ngg-image-2\" class=\"ngg-gallery-thumbnail-box ngg-5-columns\" >\n\t\t\t\t        <div class=\"ngg-gallery-thumbnail\">\n            <a href=\"https:\/\/www.dieresidenz.at\/wp-content\/gallery\/apartmentefeu\/Residenz-Efeu-13-Kopie.jpg\"\n               title=\"\"\n               data-src=\"https:\/\/www.dieresidenz.at\/wp-content\/gallery\/apartmentefeu\/Residenz-Efeu-13-Kopie.jpg\"\n               data-thumbnail=\"https:\/\/www.dieresidenz.at\/wp-content\/gallery\/apartmentefeu\/thumbs\/thumbs_Residenz-Efeu-13-Kopie.jpg\"\n               data-image-id=\"178\"\n               data-title=\"Residenz-Efeu-13-Kopie\"\n               data-description=\"\"\n               data-image-slug=\"residenz-efeu-13-kopie\"\n               class=\"ngg-fancybox\" rel=\"d60b6a2d03445387b2db5218701f1074\">\n                <img\n                    title=\"Residenz-Efeu-13-Kopie\"\n                    alt=\"Residenz-Efeu-13-Kopie\"\n                    src=\"https:\/\/www.dieresidenz.at\/wp-content\/gallery\/apartmentefeu\/thumbs\/thumbs_Residenz-Efeu-13-Kopie.jpg\"\n                    width=\"400\"\n                    height=\"400\"\n                    style=\"max-width:100%;\"\n                \/>\n            <\/a>\n        <\/div>\n\t\t\t\t\t\t\t<\/div> \n\t\t\t\n\t\t\t\t<div id=\"ngg-image-3\" class=\"ngg-gallery-thumbnail-box ngg-5-columns\" >\n\t\t\t\t        <div class=\"ngg-gallery-thumbnail\">\n            <a href=\"https:\/\/www.dieresidenz.at\/wp-content\/gallery\/apartmentefeu\/1_ApartmentEfeu3.jpg\"\n               title=\"\"\n               data-src=\"https:\/\/www.dieresidenz.at\/wp-content\/gallery\/apartmentefeu\/1_ApartmentEfeu3.jpg\"\n               data-thumbnail=\"https:\/\/www.dieresidenz.at\/wp-content\/gallery\/apartmentefeu\/thumbs\/thumbs_1_ApartmentEfeu3.jpg\"\n               data-image-id=\"180\"\n               data-title=\"1_ApartmentEfeu3\"\n               data-description=\"\"\n               data-image-slug=\"1_apartmentefeu3\"\n               class=\"ngg-fancybox\" rel=\"d60b6a2d03445387b2db5218701f1074\">\n                <img\n                    title=\"1_ApartmentEfeu3\"\n                    alt=\"1_ApartmentEfeu3\"\n                    src=\"https:\/\/www.dieresidenz.at\/wp-content\/gallery\/apartmentefeu\/thumbs\/thumbs_1_ApartmentEfeu3.jpg\"\n                    width=\"400\"\n                    height=\"400\"\n                    style=\"max-width:100%;\"\n                \/>\n            <\/a>\n        <\/div>\n\t\t\t\t\t\t\t<\/div> \n\t\t\t\n\t\t\t\t<div id=\"ngg-image-4\" class=\"ngg-gallery-thumbnail-box ngg-5-columns\" >\n\t\t\t\t        <div class=\"ngg-gallery-thumbnail\">\n            <a href=\"https:\/\/www.dieresidenz.at\/wp-content\/gallery\/apartmentefeu\/Residenz-Efeu-26-Kopie.jpg\"\n               title=\"\"\n               data-src=\"https:\/\/www.dieresidenz.at\/wp-content\/gallery\/apartmentefeu\/Residenz-Efeu-26-Kopie.jpg\"\n               data-thumbnail=\"https:\/\/www.dieresidenz.at\/wp-content\/gallery\/apartmentefeu\/thumbs\/thumbs_Residenz-Efeu-26-Kopie.jpg\"\n               data-image-id=\"179\"\n               data-title=\"Residenz-Efeu-26-Kopie\"\n               data-description=\"\"\n               data-image-slug=\"residenz-efeu-26-kopie\"\n               class=\"ngg-fancybox\" rel=\"d60b6a2d03445387b2db5218701f1074\">\n                <img\n                    title=\"Residenz-Efeu-26-Kopie\"\n                    alt=\"Residenz-Efeu-26-Kopie\"\n                    src=\"https:\/\/www.dieresidenz.at\/wp-content\/gallery\/apartmentefeu\/thumbs\/thumbs_Residenz-Efeu-26-Kopie.jpg\"\n                    width=\"400\"\n                    height=\"400\"\n                    style=\"max-width:100%;\"\n                \/>\n            <\/a>\n        <\/div>\n\t\t\t\t\t\t\t<\/div> \n\t\t\t\n\t\n\t<br style=\"clear: both\" \/>\n\n\t\n\t\t<!-- Pagination -->\n\t<div class='ngg-clear'><\/div>\t<\/div>\n\n<\/div>\n<\/div><\/div><\/div><\/div><div id=\"pg-101-1\"  class=\"panel-grid panel-no-style\" ><div id=\"pgc-101-1-0\"  class=\"panel-grid-cell\" ><div id=\"panel-101-1-0-0\" class=\"so-panel widget widget_sow-editor panel-first-child panel-last-child\" data-index=\"1\" ><div class=\"so-widget-sow-editor so-widget-sow-editor-base\">\n<div class=\"siteorigin-widget-tinymce textwidget\">\n\t<h1 style=\"text-align: center;\">Apartment Efeu<\/h1>\n<\/div>\n<\/div><\/div><\/div><\/div><div id=\"pg-101-2\"  class=\"panel-grid panel-no-style\" ><div id=\"pgc-101-2-0\"  class=\"panel-grid-cell panel-grid-cell-empty\" ><\/div><div id=\"pgc-101-2-1\"  class=\"panel-grid-cell\" ><div id=\"panel-101-2-1-0\" class=\"so-panel widget widget_sow-editor panel-first-child panel-last-child\" data-index=\"2\" ><div class=\"so-widget-sow-editor so-widget-sow-editor-base\">\n<div class=\"siteorigin-widget-tinymce textwidget\">\n\t<div class=\"content_text clearfix\">\n<p><strong>Gr\u00f6\u00dfe und Lage:<\/strong><br \/>\n81 m\u00b2,&nbsp;1. Stock, West\/Nord<\/p>\n<p><strong>Ausstattung:<\/strong><br \/>\nin den Farben malachit, mint, papaya, terrakotta<\/p>\n<ul>\n<li>Ma\u00dfm\u00f6bel in Olive vom Tischler ausgestattet<\/li>\n<li>Wohnzimmer mit&nbsp;Flachbildfarbfernseher, Radio, CD-Player, Safe, Selbstwahltelefon, Minibar<\/li>\n<li>K\u00fcche mit&nbsp;Esstisch<\/li>\n<li>2 Schlafzimmer mit gro\u00dfem Doppelbett<\/li>\n<li>allergiegetestete Ausstattung und Bettw\u00e4sche<\/li>\n<li>Netzfreischalter im Schlafbereich<\/li>\n<li>Badezimmer mit Badewanne und Dusche, WC; Bademantel, F\u00f6n, Toilettartikel<\/li>\n<li>Vorraum<\/li>\n<li>Balkon- und Gartennutzung<\/li>\n<\/ul>\n<p><strong>Preise:<\/strong><\/p>\n<p>Belegung 2-4 Personen<\/p>\n<ul>\n<li>\u20ac 162,- pro Person\/Nacht<\/li>\n<li>\u20ac 158,- pro Person\/Nacht ab 4 N\u00e4chten<\/li>\n<\/ul>\n<\/div>\n<div class=\"content_text clearfix\">&nbsp;<\/div>\n<\/div>\n<\/div><\/div><\/div><div id=\"pgc-101-2-2\"  class=\"panel-grid-cell panel-grid-cell-mobile-last\" ><div id=\"panel-101-2-2-0\" class=\"so-panel widget widget_sow-editor panel-first-child panel-last-child\" data-index=\"3\" ><div class=\"so-widget-sow-editor so-widget-sow-editor-base\">\n<div class=\"siteorigin-widget-tinymce textwidget\">\n\t<div class=\"content_titel\"><strong>Die Preise beinhalten:<\/strong><\/div>\n<div class=\"content_text clearfix\">\n<ul>\n<li>Empfangscocktail<\/li>\n<li>Residenzfr\u00fchst\u00fcck mit Honig, hausgemachten Marmeladen, Kuchen, Mehlspeisen, S\u00e4ften, Obst, M\u00fcslis, Milch, Landeiern, Aufstrichen, Speck, Schinken, Geselchtem, K\u00e4sebrett, R\u00e4ucherlachs, Toast, ofenfrischem Geb\u00e4ck\/Brot<br \/>\nab 8.00h und solange Sie wollen in der Cafe-Lounge, auf der Gartenterrasse, in Ihrem Apartment<\/li>\n<li>freier Internetzugang<\/li>\n<\/ul>\n<\/div>\n<div class=\"content_titel\"><strong>weiters bieten wir Ihnen an:<\/strong><\/div>\n<div class=\"content_text clearfix\">\n<ul>\n<li>einen gef\u00fcllten Picknickkorb<\/li>\n<li>ein mit delikaten K\u00f6stlichkeiten nach Wunsch bef\u00fcllter K\u00fchlschrank<\/li>\n<\/ul>\n<\/div>\n<div class=\"content_titel\"><strong>Wellnessbereich:<\/strong><\/div>\n<div class=\"content_text clearfix\">\n<ul>\n<li>&nbsp;sanfte Musik zum Relaxen<\/li>\n<li>&nbsp;Wellnessliegen mit hohem Komfort<\/li>\n<li>&nbsp;exklusives Wellness-, Massage- und Beautyangebot<\/li>\n<li>&nbsp;Blue Alpha Sphere Tiefenentspannungsliegen<\/li>\n<li>&nbsp;Biosauna mit Farblichttherapie<\/li>\n<li>&nbsp;Sonnenwiese<\/li>\n<li>&nbsp;Teebar<\/li>\n<\/ul>\n<\/div>\n<\/div>\n<\/div><\/div><\/div><div id=\"pgc-101-2-3\"  class=\"panel-grid-cell panel-grid-cell-empty\" ><\/div><\/div><\/div>","protected":false},"excerpt":{"rendered":"<p>Apartment Efeu<\/p>\n","protected":false},"author":1,"featured_media":0,"parent":9,"menu_order":2,"comment_status":"closed","ping_status":"closed","template":"page-fullwidth.php","meta":{"ngg_post_thumbnail":0,"sfsi_plus_gutenberg_text_before_share":"","sfsi_plus_gutenberg_show_text_before_share":"","sfsi_plus_gutenberg_icon_type":"","sfsi_plus_gutenberg_icon_alignemt":"","sfsi_plus_gutenburg_max_per_row":""},"yoast_head":"<!-- This site is optimized with the Yoast SEO plugin v15.4 - https:\/\/yoast.com\/wordpress\/plugins\/seo\/ -->\n<title>Apartment Efeu - Die Residenz<\/title>\n<meta name=\"robots\" content=\"index, follow, max-snippet:-1, max-image-preview:large, max-video-preview:-1\" \/>\n<link rel=\"canonical\" href=\"https:\/\/www.dieresidenz.at\/de\/zimmer-preise\/apartment-efeu\/\" \/>\n<meta property=\"og:locale\" content=\"de_DE\" \/>\n<meta property=\"og:type\" content=\"article\" \/>\n<meta property=\"og:title\" content=\"Apartment Efeu\" \/>\n<meta property=\"og:description\" content=\"Apartment Efeu\" \/>\n<meta property=\"og:url\" content=\"https:\/\/www.dieresidenz.at\/de\/zimmer-preise\/apartment-efeu\/\" \/>\n<meta property=\"og:site_name\" content=\"Die Residenz\" \/>\n<meta property=\"article:modified_time\" content=\"2025-10-27T12:21:32+00:00\" \/>\n<meta name=\"twitter:card\" content=\"summary_large_image\" \/>\n<meta name=\"twitter:label1\" content=\"Geschrieben von\">\n\t<meta name=\"twitter:data1\" content=\"waltergrafik\">\n\t<meta name=\"twitter:label2\" content=\"Gesch\u00e4tzte Lesezeit\">\n\t<meta name=\"twitter:data2\" content=\"1\u00a0Minute\">\n<script type=\"application\/ld+json\" class=\"yoast-schema-graph\">{\"@context\":\"https:\/\/schema.org\",\"@graph\":[{\"@type\":\"WebSite\",\"@id\":\"https:\/\/www.dieresidenz.at\/de\/#website\",\"url\":\"https:\/\/www.dieresidenz.at\/de\/\",\"name\":\"Die Residenz\",\"description\":\"Luxus Ruhe \\u2013 Eine neue Form der Gastlichkeit in Schloss Rosenau im Waldviertel\",\"potentialAction\":[{\"@type\":\"SearchAction\",\"target\":\"https:\/\/www.dieresidenz.at\/de\/?s={search_term_string}\",\"query-input\":\"required name=search_term_string\"}],\"inLanguage\":\"de-DE-formal\"},{\"@type\":\"WebPage\",\"@id\":\"https:\/\/www.dieresidenz.at\/de\/zimmer-preise\/apartment-efeu\/#webpage\",\"url\":\"https:\/\/www.dieresidenz.at\/de\/zimmer-preise\/apartment-efeu\/\",\"name\":\"[:de]Apartment Efeu[:en]Apartment \\\"Efeu\\\"[:] - Die Residenz\",\"isPartOf\":{\"@id\":\"https:\/\/www.dieresidenz.at\/de\/#website\"},\"datePublished\":\"2018-06-21T08:28:01+00:00\",\"dateModified\":\"2025-10-27T12:21:32+00:00\",\"inLanguage\":\"de-DE-formal\",\"potentialAction\":[{\"@type\":\"ReadAction\",\"target\":[\"https:\/\/www.dieresidenz.at\/de\/zimmer-preise\/apartment-efeu\/\"]}]}]}<\/script>\n<!-- \/ Yoast SEO plugin. -->","_links":{"self":[{"href":"https:\/\/www.dieresidenz.at\/de\/wp-json\/wp\/v2\/pages\/101"}],"collection":[{"href":"https:\/\/www.dieresidenz.at\/de\/wp-json\/wp\/v2\/pages"}],"about":[{"href":"https:\/\/www.dieresidenz.at\/de\/wp-json\/wp\/v2\/types\/page"}],"author":[{"embeddable":true,"href":"https:\/\/www.dieresidenz.at\/de\/wp-json\/wp\/v2\/users\/1"}],"replies":[{"embeddable":true,"href":"https:\/\/www.dieresidenz.at\/de\/wp-json\/wp\/v2\/comments?post=101"}],"version-history":[{"count":41,"href":"https:\/\/www.dieresidenz.at\/de\/wp-json\/wp\/v2\/pages\/101\/revisions"}],"predecessor-version":[{"id":5061,"href":"https:\/\/www.dieresidenz.at\/de\/wp-json\/wp\/v2\/pages\/101\/revisions\/5061"}],"up":[{"embeddable":true,"href":"https:\/\/www.dieresidenz.at\/de\/wp-json\/wp\/v2\/pages\/9"}],"wp:attachment":[{"href":"https:\/\/www.dieresidenz.at\/de\/wp-json\/wp\/v2\/media?parent=101"}],"curies":[{"name":"wp","href":"https:\/\/api.w.org\/{rel}","templated":true}]}}